{"id":633647,"date":"2026-01-09T21:40:06","date_gmt":"2026-01-09T21:40:06","guid":{"rendered":"https:\/\/aukinkochile.com\/web\/producto\/mordedor-animal-jirafa\/"},"modified":"2026-01-09T21:43:01","modified_gmt":"2026-01-09T21:43:01","slug":"mordedor-animal-jirafa","status":"publish","type":"product","link":"https:\/\/aukinkochile.com\/web\/producto\/mordedor-animal-jirafa\/","title":{"rendered":"Mordedor Animal Jirafa"},"content":{"rendered":"<p>Mordedor de caucho 100% natural dise\u00f1ado para un f\u00e1cil agarre con las manos peque\u00f1as. El cuerpo de este hermoso animal es excelente como mordedor para ayudar a calmar las enc\u00edas irritadas. Con un sonajero incorporado, es seguro para la dentici\u00f3n y como juguete divertido a la hora del ba\u00f1o. Pintado con tintas a base de soja y listo para viajar a la boca, a la tina y mas all\u00e1. Material no t\u00f3xico, fabricado en caucho org\u00e1nico natural puro. Todos los productos de esta maravillosa marca son fabricados de forma sostenible y con materiales biodegradables, fabricaci\u00f3n socialmente responsable, hecho a mano. Presentaci\u00f3n en caja.<\/p>\n<p><p><strong>Material : <\/strong> Caucho Natural 100% Org\u00e1nico<\/p>\n<p><strong>C\u00f3digo Aukinko : <\/strong> 18-496008<\/p>\n<p><strong>C\u00f3digo Convenio Marco : <\/strong> x<\/p>\n","protected":false},"excerpt":{"rendered":"<p>Mordedor de caucho 100% natural dise\u00f1ado para un f\u00e1cil agarre con las manos peque\u00f1as. El cuerpo de este hermoso animal es excelente como mordedor para ayudar a calmar las enc\u00edas irritadas. Con un sonajero incorporado, es seguro para la dentici\u00f3n y como juguete divertido a la hora del ba\u00f1o. Pintado con tintas a base de [&hellip;]<\/p>\n","protected":false},"featured_media":627112,"comment_status":"open","ping_status":"closed","template":"","meta":{"_et_pb_use_builder":"","_et_pb_old_content":"","_et_gb_content_width":""},"product_brand":[],"product_cat":[212,23],"product_tag":[],"class_list":{"0":"post-633647","1":"product","2":"type-product","3":"status-publish","4":"has-post-thumbnail","6":"product_cat-munecos-y-figuras","7":"product_cat-primeros-anos","8":"pa_edad-0-a-1-ano","9":"pa_edad-1-a-2-anos","10":"pa_edad-2-a-3-anos","11":"pa_marca-tikiri","12":"pa_medidas-17-x-8-cm","14":"first","15":"instock","16":"shipping-taxable","17":"purchasable","18":"product-type-simple"},"aioseo_notices":[],"_links":{"self":[{"href":"https:\/\/aukinkochile.com\/web\/wp-json\/wp\/v2\/product\/633647","targetHints":{"allow":["GET"]}}],"collection":[{"href":"https:\/\/aukinkochile.com\/web\/wp-json\/wp\/v2\/product"}],"about":[{"href":"https:\/\/aukinkochile.com\/web\/wp-json\/wp\/v2\/types\/product"}],"replies":[{"embeddable":true,"href":"https:\/\/aukinkochile.com\/web\/wp-json\/wp\/v2\/comments?post=633647"}],"wp:featuredmedia":[{"embeddable":true,"href":"https:\/\/aukinkochile.com\/web\/wp-json\/wp\/v2\/media\/627112"}],"wp:attachment":[{"href":"https:\/\/aukinkochile.com\/web\/wp-json\/wp\/v2\/media?parent=633647"}],"wp:term":[{"taxonomy":"product_brand","embeddable":true,"href":"https:\/\/aukinkochile.com\/web\/wp-json\/wp\/v2\/product_brand?post=633647"},{"taxonomy":"product_cat","embeddable":true,"href":"https:\/\/aukinkochile.com\/web\/wp-json\/wp\/v2\/product_cat?post=633647"},{"taxonomy":"product_tag","embeddable":true,"href":"https:\/\/aukinkochile.com\/web\/wp-json\/wp\/v2\/product_tag?post=633647"}],"curies":[{"name":"wp","href":"https:\/\/api.w.org\/{rel}","templated":true}]}}