{"id":633645,"date":"2026-01-09T21:40:06","date_gmt":"2026-01-09T21:40:06","guid":{"rendered":"https:\/\/aukinkochile.com\/web\/producto\/mordedor-dragon-sunrise\/"},"modified":"2026-01-09T21:43:00","modified_gmt":"2026-01-09T21:43:00","slug":"mordedor-dragon-sunrise","status":"publish","type":"product","link":"https:\/\/aukinkochile.com\/web\/producto\/mordedor-dragon-sunrise\/","title":{"rendered":"Mordedor Drag\u00f3n Sunrise"},"content":{"rendered":"<p>Este personaje m\u00e1gico es ideal para los beb\u00e9s en fase de dentici\u00f3n. Est\u00e1 hecho de caucho natural org\u00e1nico y pintado a mano con tinta a base de soja. De f\u00e1cil agarre para manos peque\u00f1as y dise\u00f1ado con partes blandas y duras para ayudar a calmar las enc\u00edas irritadas de los beb\u00e9s. Adem\u00e1s sus alas est\u00e1n rellenas de un material que suena al apretarlas y esto ayuda a los m\u00e1s peque\u00f1os y las m\u00e1s peque\u00f1as a explorar sus sentidos del tacto y sonido. Material no t\u00f3xico, fabricado en caucho org\u00e1nico natural puro. Todos los productos de esta maravillosa marca son fabricados de forma sostenible y con materiales biodegradables, fabricaci\u00f3n socialmente responsable, hecho a mano. Juguete premiado en Europa por su excelencia. presentaci\u00f3n en caja.<\/p>\n<p><p><strong>Material : <\/strong> Caucho Natural 100% Org\u00e1nico<\/p>\n<p><strong>C\u00f3digo Aukinko : <\/strong> 18-495511<\/p>\n<p><strong>C\u00f3digo Convenio Marco : <\/strong> x<\/p>\n","protected":false},"excerpt":{"rendered":"<p>Este personaje m\u00e1gico es ideal para los beb\u00e9s en fase de dentici\u00f3n. Est\u00e1 hecho de caucho natural org\u00e1nico y pintado a mano con tinta a base de soja. De f\u00e1cil agarre para manos peque\u00f1as y dise\u00f1ado con partes blandas y duras para ayudar a calmar las enc\u00edas irritadas de los beb\u00e9s. Adem\u00e1s sus alas est\u00e1n [&hellip;]<\/p>\n","protected":false},"featured_media":624608,"comment_status":"open","ping_status":"closed","template":"","meta":{"_et_pb_use_builder":"","_et_pb_old_content":"","_et_gb_content_width":""},"product_brand":[],"product_cat":[212,23],"product_tag":[],"class_list":{"0":"post-633645","1":"product","2":"type-product","3":"status-publish","4":"has-post-thumbnail","6":"product_cat-munecos-y-figuras","7":"product_cat-primeros-anos","8":"pa_edad-0-a-1-ano","9":"pa_edad-1-a-2-anos","10":"pa_edad-2-a-3-anos","11":"pa_marca-tikiri","12":"pa_medidas-15-x-15-cm","14":"first","15":"instock","16":"shipping-taxable","17":"purchasable","18":"product-type-simple"},"aioseo_notices":[],"_links":{"self":[{"href":"https:\/\/aukinkochile.com\/web\/wp-json\/wp\/v2\/product\/633645","targetHints":{"allow":["GET"]}}],"collection":[{"href":"https:\/\/aukinkochile.com\/web\/wp-json\/wp\/v2\/product"}],"about":[{"href":"https:\/\/aukinkochile.com\/web\/wp-json\/wp\/v2\/types\/product"}],"replies":[{"embeddable":true,"href":"https:\/\/aukinkochile.com\/web\/wp-json\/wp\/v2\/comments?post=633645"}],"wp:featuredmedia":[{"embeddable":true,"href":"https:\/\/aukinkochile.com\/web\/wp-json\/wp\/v2\/media\/624608"}],"wp:attachment":[{"href":"https:\/\/aukinkochile.com\/web\/wp-json\/wp\/v2\/media?parent=633645"}],"wp:term":[{"taxonomy":"product_brand","embeddable":true,"href":"https:\/\/aukinkochile.com\/web\/wp-json\/wp\/v2\/product_brand?post=633645"},{"taxonomy":"product_cat","embeddable":true,"href":"https:\/\/aukinkochile.com\/web\/wp-json\/wp\/v2\/product_cat?post=633645"},{"taxonomy":"product_tag","embeddable":true,"href":"https:\/\/aukinkochile.com\/web\/wp-json\/wp\/v2\/product_tag?post=633645"}],"curies":[{"name":"wp","href":"https:\/\/api.w.org\/{rel}","templated":true}]}}