{"id":633644,"date":"2026-01-09T21:40:05","date_gmt":"2026-01-09T21:40:05","guid":{"rendered":"https:\/\/aukinkochile.com\/web\/producto\/libro-genero-safari\/"},"modified":"2026-01-09T21:42:59","modified_gmt":"2026-01-09T21:42:59","slug":"libro-genero-safari","status":"publish","type":"product","link":"https:\/\/aukinkochile.com\/web\/producto\/libro-genero-safari\/","title":{"rendered":"Libro Genero Safari"},"content":{"rendered":"<p>Divertido libro de g\u00e9nero con ilustraci\u00f3n de Safari para pasar horas de diversi\u00f3n estimulando el desarrollo de las habilidades cognitivas y motoras de los m\u00e1s peque\u00f1os. Incluye n\u00fameros de g\u00e9nero con velcro para colocar en las 12 p\u00e1ginas luego de contar a los animales, todos los n\u00fameros se pueden guardar en un bolsillo en la parte posterior del libro. Con texturas que lo hacen a\u00fan m\u00e1s atractivo. Un divertido libro de actividades para estimular el desarrollo del lenguaje y el pensamiento matem\u00e1tico. Fabricado en material org\u00e1nico 100% sustentable.<\/p>\n<p><p><strong>Material : <\/strong> Algod\u00f3n Org\u00e1nico<\/p>\n<p><strong>C\u00f3digo Aukinko : <\/strong> 18-495126<\/p>\n<p><strong>C\u00f3digo Convenio Marco : <\/strong> x<\/p>\n","protected":false},"excerpt":{"rendered":"<p>Divertido libro de g\u00e9nero con ilustraci\u00f3n de Safari para pasar horas de diversi\u00f3n estimulando el desarrollo de las habilidades cognitivas y motoras de los m\u00e1s peque\u00f1os. Incluye n\u00fameros de g\u00e9nero con velcro para colocar en las 12 p\u00e1ginas luego de contar a los animales, todos los n\u00fameros se pueden guardar en un bolsillo en la [&hellip;]<\/p>\n","protected":false},"featured_media":633643,"comment_status":"open","ping_status":"closed","template":"","meta":{"_et_pb_use_builder":"","_et_pb_old_content":"","_et_gb_content_width":""},"product_brand":[],"product_cat":[151,23],"product_tag":[],"class_list":{"0":"post-633644","1":"product","2":"type-product","3":"status-publish","4":"has-post-thumbnail","6":"product_cat-lenguaje","7":"product_cat-primeros-anos","8":"pa_edad-1-a-2-anos","9":"pa_edad-2-a-3-anos","10":"pa_marca-tikiri","11":"pa_medidas-18-x-18-cm","13":"first","14":"instock","15":"shipping-taxable","16":"purchasable","17":"product-type-simple"},"aioseo_notices":[],"_links":{"self":[{"href":"https:\/\/aukinkochile.com\/web\/wp-json\/wp\/v2\/product\/633644","targetHints":{"allow":["GET"]}}],"collection":[{"href":"https:\/\/aukinkochile.com\/web\/wp-json\/wp\/v2\/product"}],"about":[{"href":"https:\/\/aukinkochile.com\/web\/wp-json\/wp\/v2\/types\/product"}],"replies":[{"embeddable":true,"href":"https:\/\/aukinkochile.com\/web\/wp-json\/wp\/v2\/comments?post=633644"}],"wp:featuredmedia":[{"embeddable":true,"href":"https:\/\/aukinkochile.com\/web\/wp-json\/wp\/v2\/media\/633643"}],"wp:attachment":[{"href":"https:\/\/aukinkochile.com\/web\/wp-json\/wp\/v2\/media?parent=633644"}],"wp:term":[{"taxonomy":"product_brand","embeddable":true,"href":"https:\/\/aukinkochile.com\/web\/wp-json\/wp\/v2\/product_brand?post=633644"},{"taxonomy":"product_cat","embeddable":true,"href":"https:\/\/aukinkochile.com\/web\/wp-json\/wp\/v2\/product_cat?post=633644"},{"taxonomy":"product_tag","embeddable":true,"href":"https:\/\/aukinkochile.com\/web\/wp-json\/wp\/v2\/product_tag?post=633644"}],"curies":[{"name":"wp","href":"https:\/\/api.w.org\/{rel}","templated":true}]}}