{"id":633642,"date":"2026-01-09T21:40:05","date_gmt":"2026-01-09T21:40:05","guid":{"rendered":"https:\/\/aukinkochile.com\/web\/producto\/cubo-granja-contar-animales\/"},"modified":"2026-01-09T21:42:59","modified_gmt":"2026-01-09T21:42:59","slug":"cubo-granja-contar-animales","status":"publish","type":"product","link":"https:\/\/aukinkochile.com\/web\/producto\/cubo-granja-contar-animales\/","title":{"rendered":"Cubo Granja Contar Animales"},"content":{"rendered":"<p>Divertido cubo de g\u00e9nero suave con tarjetas de g\u00e9nero en su interior que invitan a los m\u00e1s peque\u00f1os a observar y contar. Cada tarjeta de g\u00e9nero contiene diferentes animales de la granja en variadas cantidades que los ni\u00f1os y ni\u00f1as podr\u00e1n contar desarrollando as\u00ed su pensamiento l\u00f3gico, la observaci\u00f3n, el lenguaje y el reconocimiento de figuras, colores, letras y n\u00fameros. Fabricado en material org\u00e1nico 100% sustentable.<\/p>\n<p><p><strong>Material : <\/strong> Algod\u00f3n Org\u00e1nico<\/p>\n<p><strong>C\u00f3digo Aukinko : <\/strong> 18-495125<\/p>\n<p><strong>C\u00f3digo Convenio Marco : <\/strong> x<\/p>\n","protected":false},"excerpt":{"rendered":"<p>Divertido cubo de g\u00e9nero suave con tarjetas de g\u00e9nero en su interior que invitan a los m\u00e1s peque\u00f1os a observar y contar. Cada tarjeta de g\u00e9nero contiene diferentes animales de la granja en variadas cantidades que los ni\u00f1os y ni\u00f1as podr\u00e1n contar desarrollando as\u00ed su pensamiento l\u00f3gico, la observaci\u00f3n, el lenguaje y el reconocimiento de [&hellip;]<\/p>\n","protected":false},"featured_media":633641,"comment_status":"open","ping_status":"closed","template":"","meta":{"_et_pb_use_builder":"","_et_pb_old_content":"","_et_gb_content_width":""},"product_brand":[],"product_cat":[90,20],"product_tag":[],"class_list":{"0":"post-633642","1":"product","2":"type-product","3":"status-publish","4":"has-post-thumbnail","6":"product_cat-matematicas","7":"product_cat-motricidad-fina","8":"pa_edad-1-a-2-anos","9":"pa_edad-2-a-3-anos","10":"pa_marca-tikiri","11":"pa_medidas-4453","12":"pa_medidas-5-cm","13":"pa_medidas-5-x-21","15":"first","16":"instock","17":"shipping-taxable","18":"purchasable","19":"product-type-simple"},"aioseo_notices":[],"_links":{"self":[{"href":"https:\/\/aukinkochile.com\/web\/wp-json\/wp\/v2\/product\/633642","targetHints":{"allow":["GET"]}}],"collection":[{"href":"https:\/\/aukinkochile.com\/web\/wp-json\/wp\/v2\/product"}],"about":[{"href":"https:\/\/aukinkochile.com\/web\/wp-json\/wp\/v2\/types\/product"}],"replies":[{"embeddable":true,"href":"https:\/\/aukinkochile.com\/web\/wp-json\/wp\/v2\/comments?post=633642"}],"wp:featuredmedia":[{"embeddable":true,"href":"https:\/\/aukinkochile.com\/web\/wp-json\/wp\/v2\/media\/633641"}],"wp:attachment":[{"href":"https:\/\/aukinkochile.com\/web\/wp-json\/wp\/v2\/media?parent=633642"}],"wp:term":[{"taxonomy":"product_brand","embeddable":true,"href":"https:\/\/aukinkochile.com\/web\/wp-json\/wp\/v2\/product_brand?post=633642"},{"taxonomy":"product_cat","embeddable":true,"href":"https:\/\/aukinkochile.com\/web\/wp-json\/wp\/v2\/product_cat?post=633642"},{"taxonomy":"product_tag","embeddable":true,"href":"https:\/\/aukinkochile.com\/web\/wp-json\/wp\/v2\/product_tag?post=633642"}],"curies":[{"name":"wp","href":"https:\/\/api.w.org\/{rel}","templated":true}]}}