{"id":633628,"date":"2026-01-09T21:40:00","date_gmt":"2026-01-09T21:40:00","guid":{"rendered":"https:\/\/aukinkochile.com\/web\/producto\/libro-genero-oruga-sensorial\/"},"modified":"2026-01-09T21:42:56","modified_gmt":"2026-01-09T21:42:56","slug":"libro-genero-oruga-sensorial","status":"publish","type":"product","link":"https:\/\/aukinkochile.com\/web\/producto\/libro-genero-oruga-sensorial\/","title":{"rendered":"Libro Genero Oruga Sensorial"},"content":{"rendered":"<p>Hermoso libro sensorial de g\u00e9nero para pasar horas de diversi\u00f3n estimulando el desarrollo cognitivo y motor de los m\u00e1s peque\u00f1os. Su dise\u00f1o \u00fanico ofrece innumerables oportunidades para el juego imaginativo, la exploraci\u00f3n sensorial y mucho m\u00e1s. Incluye un t\u00edtere de dedo de una suave mariposa, una chinita movible, una cuncuna dentro de una manzana y un caracol con sonido crujiente. Un libro para crear historias desarrollando las habilidades sociales y la curiosidad que caracteriza a ni\u00f1os y ni\u00f1as. Muy f\u00e1cil de enrollar para guardar y llevar a todas partes. Fabricado en material org\u00e1nico 100% sustentable.<\/p>\n<p><p><strong>Material : <\/strong> Algod\u00f3n Org\u00e1nico<\/p>\n<p><strong>C\u00f3digo Aukinko : <\/strong> 18-493350<\/p>\n<p><strong>C\u00f3digo Convenio Marco : <\/strong> x<\/p>\n","protected":false},"excerpt":{"rendered":"<p>Hermoso libro sensorial de g\u00e9nero para pasar horas de diversi\u00f3n estimulando el desarrollo cognitivo y motor de los m\u00e1s peque\u00f1os. Su dise\u00f1o \u00fanico ofrece innumerables oportunidades para el juego imaginativo, la exploraci\u00f3n sensorial y mucho m\u00e1s. Incluye un t\u00edtere de dedo de una suave mariposa, una chinita movible, una cuncuna dentro de una manzana y [&hellip;]<\/p>\n","protected":false},"featured_media":633627,"comment_status":"open","ping_status":"closed","template":"","meta":{"_et_pb_use_builder":"","_et_pb_old_content":"","_et_gb_content_width":""},"product_brand":[],"product_cat":[151,23],"product_tag":[],"class_list":{"0":"post-633628","1":"product","2":"type-product","3":"status-publish","4":"has-post-thumbnail","6":"product_cat-lenguaje","7":"product_cat-primeros-anos","8":"pa_edad-0-a-1-ano","9":"pa_edad-1-a-2-anos","10":"pa_marca-tikiri","11":"pa_medidas-60-cm","13":"first","14":"instock","15":"shipping-taxable","16":"purchasable","17":"product-type-simple"},"aioseo_notices":[],"_links":{"self":[{"href":"https:\/\/aukinkochile.com\/web\/wp-json\/wp\/v2\/product\/633628","targetHints":{"allow":["GET"]}}],"collection":[{"href":"https:\/\/aukinkochile.com\/web\/wp-json\/wp\/v2\/product"}],"about":[{"href":"https:\/\/aukinkochile.com\/web\/wp-json\/wp\/v2\/types\/product"}],"replies":[{"embeddable":true,"href":"https:\/\/aukinkochile.com\/web\/wp-json\/wp\/v2\/comments?post=633628"}],"wp:featuredmedia":[{"embeddable":true,"href":"https:\/\/aukinkochile.com\/web\/wp-json\/wp\/v2\/media\/633627"}],"wp:attachment":[{"href":"https:\/\/aukinkochile.com\/web\/wp-json\/wp\/v2\/media?parent=633628"}],"wp:term":[{"taxonomy":"product_brand","embeddable":true,"href":"https:\/\/aukinkochile.com\/web\/wp-json\/wp\/v2\/product_brand?post=633628"},{"taxonomy":"product_cat","embeddable":true,"href":"https:\/\/aukinkochile.com\/web\/wp-json\/wp\/v2\/product_cat?post=633628"},{"taxonomy":"product_tag","embeddable":true,"href":"https:\/\/aukinkochile.com\/web\/wp-json\/wp\/v2\/product_tag?post=633628"}],"curies":[{"name":"wp","href":"https:\/\/api.w.org\/{rel}","templated":true}]}}