{"id":633626,"date":"2026-01-09T21:40:00","date_gmt":"2026-01-09T21:40:00","guid":{"rendered":"https:\/\/aukinkochile.com\/web\/producto\/cojin-dinosaurio-stego\/"},"modified":"2026-01-09T21:42:56","modified_gmt":"2026-01-09T21:42:56","slug":"cojin-dinosaurio-stego","status":"publish","type":"product","link":"https:\/\/aukinkochile.com\/web\/producto\/cojin-dinosaurio-stego\/","title":{"rendered":"Coj\u00edn Dinosaurio Stego"},"content":{"rendered":"<p>Hermoso coj\u00edn fabricado en algod\u00f3n org\u00e1nico con la divertida forma de un dinosaurio muy amigable. Un accesorio decorativo que dejar\u00e1 volar la imaginaci\u00f3n de los m\u00e1s peque\u00f1os y dar\u00e1 a su habitaci\u00f3n un toque m\u00e1gico de la prehistoria. Fabricado en material org\u00e1nico 100% sustentable.<\/p>\n<p><p><strong>Material : <\/strong> Algod\u00f3n Org\u00e1nico<\/p>\n<p><strong>C\u00f3digo Aukinko : <\/strong> 18-493254<\/p>\n<p><strong>C\u00f3digo Convenio Marco : <\/strong> x<\/p>\n","protected":false},"excerpt":{"rendered":"<p>Hermoso coj\u00edn fabricado en algod\u00f3n org\u00e1nico con la divertida forma de un dinosaurio muy amigable. Un accesorio decorativo que dejar\u00e1 volar la imaginaci\u00f3n de los m\u00e1s peque\u00f1os y dar\u00e1 a su habitaci\u00f3n un toque m\u00e1gico de la prehistoria. Fabricado en material org\u00e1nico 100% sustentable. Material : Algod\u00f3n Org\u00e1nico C\u00f3digo Aukinko : 18-493254 C\u00f3digo Convenio Marco [&hellip;]<\/p>\n","protected":false},"featured_media":633625,"comment_status":"open","ping_status":"closed","template":"","meta":{"_et_pb_use_builder":"","_et_pb_old_content":"","_et_gb_content_width":""},"product_brand":[],"product_cat":[91],"product_tag":[],"class_list":{"0":"post-633626","1":"product","2":"type-product","3":"status-publish","4":"has-post-thumbnail","6":"product_cat-accesorios-sala","7":"pa_edad-1-a-2-anos","8":"pa_edad-2-a-3-anos","9":"pa_edad-3-a-4-anos","10":"pa_edad-4-a-5-anos","11":"pa_edad-5-a-6-anos","12":"pa_marca-tikiri","13":"pa_medidas-28-cm","15":"first","16":"instock","17":"shipping-taxable","18":"purchasable","19":"product-type-simple"},"aioseo_notices":[],"_links":{"self":[{"href":"https:\/\/aukinkochile.com\/web\/wp-json\/wp\/v2\/product\/633626","targetHints":{"allow":["GET"]}}],"collection":[{"href":"https:\/\/aukinkochile.com\/web\/wp-json\/wp\/v2\/product"}],"about":[{"href":"https:\/\/aukinkochile.com\/web\/wp-json\/wp\/v2\/types\/product"}],"replies":[{"embeddable":true,"href":"https:\/\/aukinkochile.com\/web\/wp-json\/wp\/v2\/comments?post=633626"}],"wp:featuredmedia":[{"embeddable":true,"href":"https:\/\/aukinkochile.com\/web\/wp-json\/wp\/v2\/media\/633625"}],"wp:attachment":[{"href":"https:\/\/aukinkochile.com\/web\/wp-json\/wp\/v2\/media?parent=633626"}],"wp:term":[{"taxonomy":"product_brand","embeddable":true,"href":"https:\/\/aukinkochile.com\/web\/wp-json\/wp\/v2\/product_brand?post=633626"},{"taxonomy":"product_cat","embeddable":true,"href":"https:\/\/aukinkochile.com\/web\/wp-json\/wp\/v2\/product_cat?post=633626"},{"taxonomy":"product_tag","embeddable":true,"href":"https:\/\/aukinkochile.com\/web\/wp-json\/wp\/v2\/product_tag?post=633626"}],"curies":[{"name":"wp","href":"https:\/\/api.w.org\/{rel}","templated":true}]}}