{"id":633618,"date":"2026-01-09T21:39:58","date_gmt":"2026-01-09T21:39:58","guid":{"rendered":"https:\/\/aukinkochile.com\/web\/producto\/scrunchie-chinita\/"},"modified":"2026-01-09T21:42:56","modified_gmt":"2026-01-09T21:42:56","slug":"scrunchie-chinita","status":"publish","type":"product","link":"https:\/\/aukinkochile.com\/web\/producto\/scrunchie-chinita\/","title":{"rendered":"Scrunchie Chinita"},"content":{"rendered":"<p>Este divertido juego cruje y cruje ofreciendo una experiencia sensorial para los m\u00e1s peque\u00f1os. El sonido y la sensaci\u00f3n de la tela captar\u00e1n la atenci\u00f3n del beb\u00e9 y, adem\u00e1s, beneficiar\u00e1n su desarrollo. Hecho con materiales org\u00e1nicos. Lavar a mano \u00fanicamente.<\/p>\n<p><p><strong>Material : <\/strong> Algod\u00f3n Org\u00e1nico<\/p>\n<p><strong>C\u00f3digo Aukinko : <\/strong> 18-493204<\/p>\n<p><strong>C\u00f3digo Convenio Marco : <\/strong> x<\/p>\n","protected":false},"excerpt":{"rendered":"<p>Este divertido juego cruje y cruje ofreciendo una experiencia sensorial para los m\u00e1s peque\u00f1os. El sonido y la sensaci\u00f3n de la tela captar\u00e1n la atenci\u00f3n del beb\u00e9 y, adem\u00e1s, beneficiar\u00e1n su desarrollo. Hecho con materiales org\u00e1nicos. Lavar a mano \u00fanicamente. Material : Algod\u00f3n Org\u00e1nico C\u00f3digo Aukinko : 18-493204 C\u00f3digo Convenio Marco : x<\/p>\n","protected":false},"featured_media":633617,"comment_status":"open","ping_status":"closed","template":"","meta":{"_et_pb_use_builder":"","_et_pb_old_content":"","_et_gb_content_width":""},"product_brand":[],"product_cat":[23],"product_tag":[],"class_list":{"0":"post-633618","1":"product","2":"type-product","3":"status-publish","4":"has-post-thumbnail","6":"product_cat-primeros-anos","7":"pa_edad-0-a-1-ano","8":"pa_marca-tikiri","9":"pa_medidas-11-cm","11":"first","12":"instock","13":"shipping-taxable","14":"purchasable","15":"product-type-simple"},"aioseo_notices":[],"_links":{"self":[{"href":"https:\/\/aukinkochile.com\/web\/wp-json\/wp\/v2\/product\/633618","targetHints":{"allow":["GET"]}}],"collection":[{"href":"https:\/\/aukinkochile.com\/web\/wp-json\/wp\/v2\/product"}],"about":[{"href":"https:\/\/aukinkochile.com\/web\/wp-json\/wp\/v2\/types\/product"}],"replies":[{"embeddable":true,"href":"https:\/\/aukinkochile.com\/web\/wp-json\/wp\/v2\/comments?post=633618"}],"wp:featuredmedia":[{"embeddable":true,"href":"https:\/\/aukinkochile.com\/web\/wp-json\/wp\/v2\/media\/633617"}],"wp:attachment":[{"href":"https:\/\/aukinkochile.com\/web\/wp-json\/wp\/v2\/media?parent=633618"}],"wp:term":[{"taxonomy":"product_brand","embeddable":true,"href":"https:\/\/aukinkochile.com\/web\/wp-json\/wp\/v2\/product_brand?post=633618"},{"taxonomy":"product_cat","embeddable":true,"href":"https:\/\/aukinkochile.com\/web\/wp-json\/wp\/v2\/product_cat?post=633618"},{"taxonomy":"product_tag","embeddable":true,"href":"https:\/\/aukinkochile.com\/web\/wp-json\/wp\/v2\/product_tag?post=633618"}],"curies":[{"name":"wp","href":"https:\/\/api.w.org\/{rel}","templated":true}]}}