{"id":633608,"date":"2026-01-09T21:39:56","date_gmt":"2026-01-09T21:39:56","guid":{"rendered":"https:\/\/aukinkochile.com\/web\/producto\/muneca-trapo-mini-suave-c-u\/"},"modified":"2026-01-09T21:42:52","modified_gmt":"2026-01-09T21:42:52","slug":"muneca-trapo-mini-suave-c-u","status":"publish","type":"product","link":"https:\/\/aukinkochile.com\/web\/producto\/muneca-trapo-mini-suave-c-u\/","title":{"rendered":"Mu\u00f1eca Trapo Mini Suave c\/u"},"content":{"rendered":"<p>Preciosa mu\u00f1eca mini con cara 100% de caucho y cuerpo blando de algod\u00f3n. De el tama\u00f1o perfecto para las peque\u00f1as manos. Surtido de mu\u00f1ecas con diferentes tonos de piel y ropa. Cada una se vende por separado. Precio por unidad.  Esta marca tiene una producci\u00f3n \u00e9ticamente sostenible, materiales ecol\u00f3gicos y un hermoso dise\u00f1o. <\/p>\n<p><p><strong>Material : <\/strong> Caucho Natural 100% Org\u00e1nico y Algod\u00f3n<\/p>\n<p><strong>C\u00f3digo Aukinko : <\/strong> 18-479700<\/p>\n<p><strong>C\u00f3digo Convenio Marco : <\/strong> x<\/p>\n","protected":false},"excerpt":{"rendered":"<p>Preciosa mu\u00f1eca mini con cara 100% de caucho y cuerpo blando de algod\u00f3n. De el tama\u00f1o perfecto para las peque\u00f1as manos. Surtido de mu\u00f1ecas con diferentes tonos de piel y ropa. Cada una se vende por separado. Precio por unidad. Esta marca tiene una producci\u00f3n \u00e9ticamente sostenible, materiales ecol\u00f3gicos y un hermoso dise\u00f1o. Material : [&hellip;]<\/p>\n","protected":false},"featured_media":633607,"comment_status":"open","ping_status":"closed","template":"","meta":{"_et_pb_use_builder":"","_et_pb_old_content":"","_et_gb_content_width":""},"product_brand":[],"product_cat":[212,23],"product_tag":[],"class_list":{"0":"post-633608","1":"product","2":"type-product","3":"status-publish","4":"has-post-thumbnail","6":"product_cat-munecos-y-figuras","7":"product_cat-primeros-anos","8":"pa_edad-0-a-1-ano","9":"pa_edad-1-a-2-anos","10":"pa_edad-2-a-3-anos","11":"pa_edad-3-a-4-anos","12":"pa_edad-4-a-5-anos","13":"pa_edad-5-a-6-anos","14":"pa_marca-tikiri","15":"pa_medidas-15-cm","17":"first","18":"instock","19":"shipping-taxable","20":"purchasable","21":"product-type-simple"},"aioseo_notices":[],"_links":{"self":[{"href":"https:\/\/aukinkochile.com\/web\/wp-json\/wp\/v2\/product\/633608","targetHints":{"allow":["GET"]}}],"collection":[{"href":"https:\/\/aukinkochile.com\/web\/wp-json\/wp\/v2\/product"}],"about":[{"href":"https:\/\/aukinkochile.com\/web\/wp-json\/wp\/v2\/types\/product"}],"replies":[{"embeddable":true,"href":"https:\/\/aukinkochile.com\/web\/wp-json\/wp\/v2\/comments?post=633608"}],"wp:featuredmedia":[{"embeddable":true,"href":"https:\/\/aukinkochile.com\/web\/wp-json\/wp\/v2\/media\/633607"}],"wp:attachment":[{"href":"https:\/\/aukinkochile.com\/web\/wp-json\/wp\/v2\/media?parent=633608"}],"wp:term":[{"taxonomy":"product_brand","embeddable":true,"href":"https:\/\/aukinkochile.com\/web\/wp-json\/wp\/v2\/product_brand?post=633608"},{"taxonomy":"product_cat","embeddable":true,"href":"https:\/\/aukinkochile.com\/web\/wp-json\/wp\/v2\/product_cat?post=633608"},{"taxonomy":"product_tag","embeddable":true,"href":"https:\/\/aukinkochile.com\/web\/wp-json\/wp\/v2\/product_tag?post=633608"}],"curies":[{"name":"wp","href":"https:\/\/api.w.org\/{rel}","templated":true}]}}