{"id":633606,"date":"2026-01-09T21:39:55","date_gmt":"2026-01-09T21:39:55","guid":{"rendered":"https:\/\/aukinkochile.com\/web\/producto\/sonajero-mordedor-elefante-alvin-13-cm\/"},"modified":"2026-01-09T21:42:51","modified_gmt":"2026-01-09T21:42:51","slug":"sonajero-mordedor-elefante-alvin-13-cm","status":"publish","type":"product","link":"https:\/\/aukinkochile.com\/web\/producto\/sonajero-mordedor-elefante-alvin-13-cm\/","title":{"rendered":"Sonajero Mordedor Elefante Alvin 13 cm"},"content":{"rendered":"<p>Hermoso sonajero mordedor multiuso con un divertido personaje que atraer\u00e1 la atenci\u00f3n de los m\u00e1s peque\u00f1os. Combina los beneficios del desarrollo y la estimulaci\u00f3n de los juguetes sonoros para beb\u00e9s. Al mover el sonajero, que produce sonido, los beb\u00e9s aprenden las lecciones fundamentales sobre la relaci\u00f3n causa-efecto. Fabricado en material org\u00e1nico 100% sustentable.<\/p>\n<p><p><strong>Material : <\/strong> Algod\u00f3n Org\u00e1nico y Goma Eco<\/p>\n<p><strong>C\u00f3digo Aukinko : <\/strong> 18-478104<\/p>\n<p><strong>C\u00f3digo Convenio Marco : <\/strong> x<\/p>\n","protected":false},"excerpt":{"rendered":"<p>Hermoso sonajero mordedor multiuso con un divertido personaje que atraer\u00e1 la atenci\u00f3n de los m\u00e1s peque\u00f1os. Combina los beneficios del desarrollo y la estimulaci\u00f3n de los juguetes sonoros para beb\u00e9s. Al mover el sonajero, que produce sonido, los beb\u00e9s aprenden las lecciones fundamentales sobre la relaci\u00f3n causa-efecto. Fabricado en material org\u00e1nico 100% sustentable. Material : [&hellip;]<\/p>\n","protected":false},"featured_media":633605,"comment_status":"open","ping_status":"closed","template":"","meta":{"_et_pb_use_builder":"","_et_pb_old_content":"","_et_gb_content_width":""},"product_brand":[],"product_cat":[23],"product_tag":[],"class_list":{"0":"post-633606","1":"product","2":"type-product","3":"status-publish","4":"has-post-thumbnail","6":"product_cat-primeros-anos","7":"pa_edad-0-a-1-ano","8":"pa_marca-tikiri","9":"pa_medidas-17-x-12-cm","11":"first","12":"instock","13":"shipping-taxable","14":"purchasable","15":"product-type-simple"},"aioseo_notices":[],"_links":{"self":[{"href":"https:\/\/aukinkochile.com\/web\/wp-json\/wp\/v2\/product\/633606","targetHints":{"allow":["GET"]}}],"collection":[{"href":"https:\/\/aukinkochile.com\/web\/wp-json\/wp\/v2\/product"}],"about":[{"href":"https:\/\/aukinkochile.com\/web\/wp-json\/wp\/v2\/types\/product"}],"replies":[{"embeddable":true,"href":"https:\/\/aukinkochile.com\/web\/wp-json\/wp\/v2\/comments?post=633606"}],"wp:featuredmedia":[{"embeddable":true,"href":"https:\/\/aukinkochile.com\/web\/wp-json\/wp\/v2\/media\/633605"}],"wp:attachment":[{"href":"https:\/\/aukinkochile.com\/web\/wp-json\/wp\/v2\/media?parent=633606"}],"wp:term":[{"taxonomy":"product_brand","embeddable":true,"href":"https:\/\/aukinkochile.com\/web\/wp-json\/wp\/v2\/product_brand?post=633606"},{"taxonomy":"product_cat","embeddable":true,"href":"https:\/\/aukinkochile.com\/web\/wp-json\/wp\/v2\/product_cat?post=633606"},{"taxonomy":"product_tag","embeddable":true,"href":"https:\/\/aukinkochile.com\/web\/wp-json\/wp\/v2\/product_tag?post=633606"}],"curies":[{"name":"wp","href":"https:\/\/api.w.org\/{rel}","templated":true}]}}