{"id":633604,"date":"2026-01-09T21:39:55","date_gmt":"2026-01-09T21:39:55","guid":{"rendered":"https:\/\/aukinkochile.com\/web\/producto\/scrunchie-pajaro\/"},"modified":"2026-01-09T21:42:51","modified_gmt":"2026-01-09T21:42:51","slug":"scrunchie-pajaro","status":"publish","type":"product","link":"https:\/\/aukinkochile.com\/web\/producto\/scrunchie-pajaro\/","title":{"rendered":"Scrunchie P\u00e1jaro"},"content":{"rendered":"<p>Este divertido juego cruje y cruje ofreciendo una experiencia sensorial para los m\u00e1s peque\u00f1os. El sonido y la sensaci\u00f3n de la tela captar\u00e1n la atenci\u00f3n del beb\u00e9 y, adem\u00e1s, beneficiar\u00e1n su desarrollo. Hecho con materiales org\u00e1nicos. Lavar a mano \u00fanicamente.<\/p>\n<p><p><strong>Material : <\/strong> Algod\u00f3n Org\u00e1nico<\/p>\n<p><strong>C\u00f3digo Aukinko : <\/strong> 18-477847<\/p>\n<p><strong>C\u00f3digo Convenio Marco : <\/strong> x<\/p>\n","protected":false},"excerpt":{"rendered":"<p>Este divertido juego cruje y cruje ofreciendo una experiencia sensorial para los m\u00e1s peque\u00f1os. El sonido y la sensaci\u00f3n de la tela captar\u00e1n la atenci\u00f3n del beb\u00e9 y, adem\u00e1s, beneficiar\u00e1n su desarrollo. Hecho con materiales org\u00e1nicos. Lavar a mano \u00fanicamente. Material : Algod\u00f3n Org\u00e1nico C\u00f3digo Aukinko : 18-477847 C\u00f3digo Convenio Marco : x<\/p>\n","protected":false},"featured_media":633603,"comment_status":"open","ping_status":"closed","template":"","meta":{"_et_pb_use_builder":"","_et_pb_old_content":"","_et_gb_content_width":""},"product_brand":[],"product_cat":[23],"product_tag":[],"class_list":{"0":"post-633604","1":"product","2":"type-product","3":"status-publish","4":"has-post-thumbnail","6":"product_cat-primeros-anos","7":"pa_edad-0-a-1-ano","8":"pa_marca-tikiri","9":"pa_medidas-4320","10":"pa_medidas-5-cm","12":"first","13":"instock","14":"shipping-taxable","15":"purchasable","16":"product-type-simple"},"aioseo_notices":[],"_links":{"self":[{"href":"https:\/\/aukinkochile.com\/web\/wp-json\/wp\/v2\/product\/633604","targetHints":{"allow":["GET"]}}],"collection":[{"href":"https:\/\/aukinkochile.com\/web\/wp-json\/wp\/v2\/product"}],"about":[{"href":"https:\/\/aukinkochile.com\/web\/wp-json\/wp\/v2\/types\/product"}],"replies":[{"embeddable":true,"href":"https:\/\/aukinkochile.com\/web\/wp-json\/wp\/v2\/comments?post=633604"}],"wp:featuredmedia":[{"embeddable":true,"href":"https:\/\/aukinkochile.com\/web\/wp-json\/wp\/v2\/media\/633603"}],"wp:attachment":[{"href":"https:\/\/aukinkochile.com\/web\/wp-json\/wp\/v2\/media?parent=633604"}],"wp:term":[{"taxonomy":"product_brand","embeddable":true,"href":"https:\/\/aukinkochile.com\/web\/wp-json\/wp\/v2\/product_brand?post=633604"},{"taxonomy":"product_cat","embeddable":true,"href":"https:\/\/aukinkochile.com\/web\/wp-json\/wp\/v2\/product_cat?post=633604"},{"taxonomy":"product_tag","embeddable":true,"href":"https:\/\/aukinkochile.com\/web\/wp-json\/wp\/v2\/product_tag?post=633604"}],"curies":[{"name":"wp","href":"https:\/\/api.w.org\/{rel}","templated":true}]}}