{"id":633585,"date":"2026-01-09T21:39:49","date_gmt":"2026-01-09T21:39:49","guid":{"rendered":"https:\/\/aukinkochile.com\/web\/producto\/muneca-trapo-rosa\/"},"modified":"2026-01-09T21:42:48","modified_gmt":"2026-01-09T21:42:48","slug":"muneca-trapo-rosa","status":"publish","type":"product","link":"https:\/\/aukinkochile.com\/web\/producto\/muneca-trapo-rosa\/","title":{"rendered":"Mu\u00f1eca Trapo Rosa"},"content":{"rendered":"<p>Esta hermosa mu\u00f1eca de Tikiri acompa\u00f1ar\u00e1 a los m\u00e1s peque\u00f1os y las m\u00e1s peque\u00f1as a todas partes. Mu\u00f1eca de trapo de cuerpo suave con rasgos faciales bordados y ropa estampada. Su material suave es ideal para la primera infancia, no toxico. Todos los productos de esta maravillosa marca son fabricados de forma sostenible y con materiales biodegradables, fabricaci\u00f3n socialmente responsable, hecho a mano.<\/p>\n<p><p><strong>Material : <\/strong> Algod\u00f3n 100% Org\u00e1nico<\/p>\n<p><strong>C\u00f3digo Aukinko : <\/strong> 18-462021<\/p>\n<p><strong>C\u00f3digo Convenio Marco : <\/strong> x<\/p>\n","protected":false},"excerpt":{"rendered":"<p>Esta hermosa mu\u00f1eca de Tikiri acompa\u00f1ar\u00e1 a los m\u00e1s peque\u00f1os y las m\u00e1s peque\u00f1as a todas partes. Mu\u00f1eca de trapo de cuerpo suave con rasgos faciales bordados y ropa estampada. Su material suave es ideal para la primera infancia, no toxico. Todos los productos de esta maravillosa marca son fabricados de forma sostenible y con [&hellip;]<\/p>\n","protected":false},"featured_media":627070,"comment_status":"open","ping_status":"closed","template":"","meta":{"_et_pb_use_builder":"","_et_pb_old_content":"","_et_gb_content_width":""},"product_brand":[],"product_cat":[212,23],"product_tag":[],"class_list":{"0":"post-633585","1":"product","2":"type-product","3":"status-publish","4":"has-post-thumbnail","6":"product_cat-munecos-y-figuras","7":"product_cat-primeros-anos","8":"pa_edad-0-a-1-ano","9":"pa_edad-1-a-2-anos","10":"pa_edad-2-a-3-anos","11":"pa_edad-3-a-4-anos","12":"pa_edad-4-a-5-anos","13":"pa_edad-5-a-6-anos","14":"pa_marca-tikiri","15":"pa_medidas-32-cm","17":"first","18":"instock","19":"shipping-taxable","20":"purchasable","21":"product-type-simple"},"aioseo_notices":[],"_links":{"self":[{"href":"https:\/\/aukinkochile.com\/web\/wp-json\/wp\/v2\/product\/633585","targetHints":{"allow":["GET"]}}],"collection":[{"href":"https:\/\/aukinkochile.com\/web\/wp-json\/wp\/v2\/product"}],"about":[{"href":"https:\/\/aukinkochile.com\/web\/wp-json\/wp\/v2\/types\/product"}],"replies":[{"embeddable":true,"href":"https:\/\/aukinkochile.com\/web\/wp-json\/wp\/v2\/comments?post=633585"}],"wp:featuredmedia":[{"embeddable":true,"href":"https:\/\/aukinkochile.com\/web\/wp-json\/wp\/v2\/media\/627070"}],"wp:attachment":[{"href":"https:\/\/aukinkochile.com\/web\/wp-json\/wp\/v2\/media?parent=633585"}],"wp:term":[{"taxonomy":"product_brand","embeddable":true,"href":"https:\/\/aukinkochile.com\/web\/wp-json\/wp\/v2\/product_brand?post=633585"},{"taxonomy":"product_cat","embeddable":true,"href":"https:\/\/aukinkochile.com\/web\/wp-json\/wp\/v2\/product_cat?post=633585"},{"taxonomy":"product_tag","embeddable":true,"href":"https:\/\/aukinkochile.com\/web\/wp-json\/wp\/v2\/product_tag?post=633585"}],"curies":[{"name":"wp","href":"https:\/\/api.w.org\/{rel}","templated":true}]}}