{"id":633581,"date":"2026-01-09T21:39:48","date_gmt":"2026-01-09T21:39:48","guid":{"rendered":"https:\/\/aukinkochile.com\/web\/producto\/muneca-trapo-fran-2\/"},"modified":"2026-01-09T21:42:48","modified_gmt":"2026-01-09T21:42:48","slug":"muneca-trapo-fran-2","status":"publish","type":"product","link":"https:\/\/aukinkochile.com\/web\/producto\/muneca-trapo-fran-2\/","title":{"rendered":"Mu\u00f1eca Trapo Fran"},"content":{"rendered":"<p>Fran es una mu\u00f1eca preciosa y dulce a la que le encanta salir de aventuras con sus amigas. Una mu\u00f1eca ideal para llevar a todas partes y abrazar en todo momento. Mu\u00f1eca de trapo de cuerpo suave con rasgos faciales bordados y ropa estampada. Fabricada con algod\u00f3n jersey 100% org\u00e1nico. Fabricado con algod\u00f3n org\u00e1nico, material no t\u00f3xico. Un juguete totalmente sustentable y biodegradable.<\/p>\n<p><p><strong>Material : <\/strong> Algod\u00f3n 100% Org\u00e1nico<\/p>\n<p><strong>C\u00f3digo Aukinko : <\/strong> 18-451701<\/p>\n<p><strong>C\u00f3digo Convenio Marco : <\/strong> x<\/p>\n","protected":false},"excerpt":{"rendered":"<p>Fran es una mu\u00f1eca preciosa y dulce a la que le encanta salir de aventuras con sus amigas. Una mu\u00f1eca ideal para llevar a todas partes y abrazar en todo momento. Mu\u00f1eca de trapo de cuerpo suave con rasgos faciales bordados y ropa estampada. Fabricada con algod\u00f3n jersey 100% org\u00e1nico. Fabricado con algod\u00f3n org\u00e1nico, material [&hellip;]<\/p>\n","protected":false},"featured_media":627062,"comment_status":"open","ping_status":"closed","template":"","meta":{"_et_pb_use_builder":"","_et_pb_old_content":"","_et_gb_content_width":""},"product_brand":[],"product_cat":[212,23],"product_tag":[],"class_list":{"0":"post-633581","1":"product","2":"type-product","3":"status-publish","4":"has-post-thumbnail","6":"product_cat-munecos-y-figuras","7":"product_cat-primeros-anos","8":"pa_edad-0-a-1-ano","9":"pa_edad-1-a-2-anos","10":"pa_edad-2-a-3-anos","11":"pa_edad-3-a-4-anos","12":"pa_edad-4-a-5-anos","13":"pa_edad-5-a-6-anos","14":"pa_marca-tikiri","15":"pa_medidas-5-x-11-x-25-cm","17":"first","18":"instock","19":"shipping-taxable","20":"purchasable","21":"product-type-simple"},"aioseo_notices":[],"_links":{"self":[{"href":"https:\/\/aukinkochile.com\/web\/wp-json\/wp\/v2\/product\/633581","targetHints":{"allow":["GET"]}}],"collection":[{"href":"https:\/\/aukinkochile.com\/web\/wp-json\/wp\/v2\/product"}],"about":[{"href":"https:\/\/aukinkochile.com\/web\/wp-json\/wp\/v2\/types\/product"}],"replies":[{"embeddable":true,"href":"https:\/\/aukinkochile.com\/web\/wp-json\/wp\/v2\/comments?post=633581"}],"wp:featuredmedia":[{"embeddable":true,"href":"https:\/\/aukinkochile.com\/web\/wp-json\/wp\/v2\/media\/627062"}],"wp:attachment":[{"href":"https:\/\/aukinkochile.com\/web\/wp-json\/wp\/v2\/media?parent=633581"}],"wp:term":[{"taxonomy":"product_brand","embeddable":true,"href":"https:\/\/aukinkochile.com\/web\/wp-json\/wp\/v2\/product_brand?post=633581"},{"taxonomy":"product_cat","embeddable":true,"href":"https:\/\/aukinkochile.com\/web\/wp-json\/wp\/v2\/product_cat?post=633581"},{"taxonomy":"product_tag","embeddable":true,"href":"https:\/\/aukinkochile.com\/web\/wp-json\/wp\/v2\/product_tag?post=633581"}],"curies":[{"name":"wp","href":"https:\/\/api.w.org\/{rel}","templated":true}]}}