{"id":633579,"date":"2026-01-09T21:39:47","date_gmt":"2026-01-09T21:39:47","guid":{"rendered":"https:\/\/aukinkochile.com\/web\/producto\/muneca-trapo-baby-remi-25-cm-acc\/"},"modified":"2026-01-09T21:42:47","modified_gmt":"2026-01-09T21:42:47","slug":"muneca-trapo-baby-remi-25-cm-acc","status":"publish","type":"product","link":"https:\/\/aukinkochile.com\/web\/producto\/muneca-trapo-baby-remi-25-cm-acc\/","title":{"rendered":"Mu\u00f1eca Trapo Baby Remi 25 cm + Acc."},"content":{"rendered":"<p>Esta hermosa mu\u00f1eca de tela con capazo de punto y accesorios es una opci\u00f3n preciosa y segura para beb\u00e9s y ni\u00f1os y ni\u00f1as peque\u00f1as. Con sus delicados detalles bordados y su suavidad es ideal como compa\u00f1era tranquilizadora o como mu\u00f1eca de empat\u00eda reconfortante. Este maravilloso conjunto incluye una cuna de punto, un chupete, un babero y una manta, todos dise\u00f1ados para fomentar el juego cari\u00f1oso y ayudar a los ni\u00f1os mayores a desarrollar la empat\u00eda y las habilidades sociales. Adem\u00e1s, es una opci\u00f3n ecol\u00f3gica, ya que est\u00e1 rellena de fibras de PET recicladas. Lavar a mano \u00fanicamente.<\/p>\n<p><p><strong>Material : <\/strong> Algod\u00f3n Org\u00e1nico<\/p>\n<p><strong>C\u00f3digo Aukinko : <\/strong> 18-420202<\/p>\n<p><strong>C\u00f3digo Convenio Marco : <\/strong> x<\/p>\n","protected":false},"excerpt":{"rendered":"<p>Esta hermosa mu\u00f1eca de tela con capazo de punto y accesorios es una opci\u00f3n preciosa y segura para beb\u00e9s y ni\u00f1os y ni\u00f1as peque\u00f1as. Con sus delicados detalles bordados y su suavidad es ideal como compa\u00f1era tranquilizadora o como mu\u00f1eca de empat\u00eda reconfortante. Este maravilloso conjunto incluye una cuna de punto, un chupete, un babero [&hellip;]<\/p>\n","protected":false},"featured_media":633578,"comment_status":"open","ping_status":"closed","template":"","meta":{"_et_pb_use_builder":"","_et_pb_old_content":"","_et_gb_content_width":""},"product_brand":[],"product_cat":[212,23],"product_tag":[],"class_list":{"0":"post-633579","1":"product","2":"type-product","3":"status-publish","4":"has-post-thumbnail","6":"product_cat-munecos-y-figuras","7":"product_cat-primeros-anos","8":"pa_edad-0-a-1-ano","9":"pa_edad-1-a-2-anos","10":"pa_edad-2-a-3-anos","11":"pa_edad-3-a-4-anos","12":"pa_edad-4-a-5-anos","13":"pa_edad-5-a-6-anos","14":"pa_marca-tikiri","15":"pa_medidas-25-cm","17":"first","18":"instock","19":"shipping-taxable","20":"purchasable","21":"product-type-simple"},"aioseo_notices":[],"_links":{"self":[{"href":"https:\/\/aukinkochile.com\/web\/wp-json\/wp\/v2\/product\/633579","targetHints":{"allow":["GET"]}}],"collection":[{"href":"https:\/\/aukinkochile.com\/web\/wp-json\/wp\/v2\/product"}],"about":[{"href":"https:\/\/aukinkochile.com\/web\/wp-json\/wp\/v2\/types\/product"}],"replies":[{"embeddable":true,"href":"https:\/\/aukinkochile.com\/web\/wp-json\/wp\/v2\/comments?post=633579"}],"wp:featuredmedia":[{"embeddable":true,"href":"https:\/\/aukinkochile.com\/web\/wp-json\/wp\/v2\/media\/633578"}],"wp:attachment":[{"href":"https:\/\/aukinkochile.com\/web\/wp-json\/wp\/v2\/media?parent=633579"}],"wp:term":[{"taxonomy":"product_brand","embeddable":true,"href":"https:\/\/aukinkochile.com\/web\/wp-json\/wp\/v2\/product_brand?post=633579"},{"taxonomy":"product_cat","embeddable":true,"href":"https:\/\/aukinkochile.com\/web\/wp-json\/wp\/v2\/product_cat?post=633579"},{"taxonomy":"product_tag","embeddable":true,"href":"https:\/\/aukinkochile.com\/web\/wp-json\/wp\/v2\/product_tag?post=633579"}],"curies":[{"name":"wp","href":"https:\/\/api.w.org\/{rel}","templated":true}]}}