{"id":633574,"date":"2026-01-09T21:39:46","date_gmt":"2026-01-09T21:39:46","guid":{"rendered":"https:\/\/aukinkochile.com\/web\/producto\/muneca-trapo-lucy-con-pulsera\/"},"modified":"2026-01-09T21:42:47","modified_gmt":"2026-01-09T21:42:47","slug":"muneca-trapo-lucy-con-pulsera","status":"publish","type":"product","link":"https:\/\/aukinkochile.com\/web\/producto\/muneca-trapo-lucy-con-pulsera\/","title":{"rendered":"Mu\u00f1eca Trapo Lucy con Pulsera"},"content":{"rendered":"<p>Esta hermosa mu\u00f1eca de 32 cm es ideal para acompa\u00f1ar a ni\u00f1os y ni\u00f1as desde los primeros meses de vida. Lucy viene con ropa que se puede sacar y poner para estimular las habilidades motrices de los mas peque\u00f1os y las mas peque\u00f1as, y una pulsera como collar que los ni\u00f1os y ni\u00f1as pueden sacar para usar ellos mismos. Esta gama org\u00e1nica de mu\u00f1ecas de trapo fabricadas con materiales certificados por Gots no solo es m\u00e1s respetuosa con el medio ambiente,\u00a0tambi\u00e9n se ven muy bien.\u00a0Seguro que se convertir\u00e1 en una mu\u00f1eca favorita para amar y llevar a todas partes.<\/p>\n<p><p><strong>Material : <\/strong> Algod\u00f3n 100% Org\u00e1nico<\/p>\n<p><strong>C\u00f3digo Aukinko : <\/strong> 18-407505<\/p>\n<p><strong>C\u00f3digo Convenio Marco : <\/strong> x<\/p>\n","protected":false},"excerpt":{"rendered":"<p>Esta hermosa mu\u00f1eca de 32 cm es ideal para acompa\u00f1ar a ni\u00f1os y ni\u00f1as desde los primeros meses de vida. Lucy viene con ropa que se puede sacar y poner para estimular las habilidades motrices de los mas peque\u00f1os y las mas peque\u00f1as, y una pulsera como collar que los ni\u00f1os y ni\u00f1as pueden sacar [&hellip;]<\/p>\n","protected":false},"featured_media":629133,"comment_status":"open","ping_status":"closed","template":"","meta":{"_et_pb_use_builder":"","_et_pb_old_content":"","_et_gb_content_width":""},"product_brand":[],"product_cat":[212,23],"product_tag":[],"class_list":{"0":"post-633574","1":"product","2":"type-product","3":"status-publish","4":"has-post-thumbnail","6":"product_cat-munecos-y-figuras","7":"product_cat-primeros-anos","8":"pa_edad-0-a-1-ano","9":"pa_edad-1-a-2-anos","10":"pa_edad-2-a-3-anos","11":"pa_edad-3-a-4-anos","12":"pa_edad-4-a-5-anos","13":"pa_edad-5-a-6-anos","14":"pa_marca-tikiri","15":"pa_medidas-38-cm","17":"first","18":"instock","19":"shipping-taxable","20":"purchasable","21":"product-type-simple"},"aioseo_notices":[],"_links":{"self":[{"href":"https:\/\/aukinkochile.com\/web\/wp-json\/wp\/v2\/product\/633574","targetHints":{"allow":["GET"]}}],"collection":[{"href":"https:\/\/aukinkochile.com\/web\/wp-json\/wp\/v2\/product"}],"about":[{"href":"https:\/\/aukinkochile.com\/web\/wp-json\/wp\/v2\/types\/product"}],"replies":[{"embeddable":true,"href":"https:\/\/aukinkochile.com\/web\/wp-json\/wp\/v2\/comments?post=633574"}],"wp:featuredmedia":[{"embeddable":true,"href":"https:\/\/aukinkochile.com\/web\/wp-json\/wp\/v2\/media\/629133"}],"wp:attachment":[{"href":"https:\/\/aukinkochile.com\/web\/wp-json\/wp\/v2\/media?parent=633574"}],"wp:term":[{"taxonomy":"product_brand","embeddable":true,"href":"https:\/\/aukinkochile.com\/web\/wp-json\/wp\/v2\/product_brand?post=633574"},{"taxonomy":"product_cat","embeddable":true,"href":"https:\/\/aukinkochile.com\/web\/wp-json\/wp\/v2\/product_cat?post=633574"},{"taxonomy":"product_tag","embeddable":true,"href":"https:\/\/aukinkochile.com\/web\/wp-json\/wp\/v2\/product_tag?post=633574"}],"curies":[{"name":"wp","href":"https:\/\/api.w.org\/{rel}","templated":true}]}}