{"id":633485,"date":"2025-12-16T20:09:45","date_gmt":"2025-12-16T20:09:45","guid":{"rendered":"https:\/\/aukinkochile.com\/web\/producto\/circuito-roller-94-pz\/"},"modified":"2025-12-16T20:09:46","modified_gmt":"2025-12-16T20:09:46","slug":"circuito-roller-94-pz","status":"publish","type":"product","link":"https:\/\/aukinkochile.com\/web\/producto\/circuito-roller-94-pz\/","title":{"rendered":"Circuito Roller 94 pz"},"content":{"rendered":"<p>Con skyrail podr\u00e1s construir fant\u00e1sticas pasarelas para m\u00e1rmoles, de hasta 4,5 metros de espectacular desarrollo a\u00e9reo, convirti\u00e9ndote, as\u00ed, en el protagonista absoluto de tu dormitorio. Incluye 13 carriles curvos, 5 carriles rectos, 3 bases, 10 soportes y uniones, 17 conectores de carril, 5 canicas, 16 pilares \/ tubos \/ montantes, 24 conectores y 1 manual de instrucciones con ejemplos.<\/p>\n<p><p><strong>Material : <\/strong> Pl\u00e1stico<\/p>\n<p><strong>C\u00f3digo Aukinko : <\/strong> 07-56429<\/p>\n<p><strong>C\u00f3digo Convenio Marco : <\/strong> x<\/p>\n","protected":false},"excerpt":{"rendered":"<p>Con skyrail podr\u00e1s construir fant\u00e1sticas pasarelas para m\u00e1rmoles, de hasta 4,5 metros de espectacular desarrollo a\u00e9reo, convirti\u00e9ndote, as\u00ed, en el protagonista absoluto de tu dormitorio. Incluye 13 carriles curvos, 5 carriles rectos, 3 bases, 10 soportes y uniones, 17 conectores de carril, 5 canicas, 16 pilares \/ tubos \/ montantes, 24 conectores y 1 manual [&hellip;]<\/p>\n","protected":false},"featured_media":626490,"comment_status":"open","ping_status":"closed","template":"","meta":{"_et_pb_use_builder":"","_et_pb_old_content":"","_et_gb_content_width":""},"product_brand":[],"product_cat":[150,19,20],"product_tag":[],"class_list":{"0":"post-633485","1":"product","2":"type-product","3":"status-publish","4":"has-post-thumbnail","6":"product_cat-asociacion-y-logica","7":"product_cat-construccion","8":"product_cat-motricidad-fina","9":"pa_edad-10-anos","10":"pa_edad-6-a-8-anos","11":"pa_edad-8-a-10-anos","12":"pa_marca-quercetti","13":"pa_medidas-30-x-30","14":"pa_medidas-5-cm","15":"pa_medidas-5-x-8","17":"first","18":"instock","19":"shipping-taxable","20":"purchasable","21":"product-type-simple"},"aioseo_notices":[],"_links":{"self":[{"href":"https:\/\/aukinkochile.com\/web\/wp-json\/wp\/v2\/product\/633485","targetHints":{"allow":["GET"]}}],"collection":[{"href":"https:\/\/aukinkochile.com\/web\/wp-json\/wp\/v2\/product"}],"about":[{"href":"https:\/\/aukinkochile.com\/web\/wp-json\/wp\/v2\/types\/product"}],"replies":[{"embeddable":true,"href":"https:\/\/aukinkochile.com\/web\/wp-json\/wp\/v2\/comments?post=633485"}],"wp:featuredmedia":[{"embeddable":true,"href":"https:\/\/aukinkochile.com\/web\/wp-json\/wp\/v2\/media\/626490"}],"wp:attachment":[{"href":"https:\/\/aukinkochile.com\/web\/wp-json\/wp\/v2\/media?parent=633485"}],"wp:term":[{"taxonomy":"product_brand","embeddable":true,"href":"https:\/\/aukinkochile.com\/web\/wp-json\/wp\/v2\/product_brand?post=633485"},{"taxonomy":"product_cat","embeddable":true,"href":"https:\/\/aukinkochile.com\/web\/wp-json\/wp\/v2\/product_cat?post=633485"},{"taxonomy":"product_tag","embeddable":true,"href":"https:\/\/aukinkochile.com\/web\/wp-json\/wp\/v2\/product_tag?post=633485"}],"curies":[{"name":"wp","href":"https:\/\/api.w.org\/{rel}","templated":true}]}}