{"id":633443,"date":"2025-12-04T19:43:22","date_gmt":"2025-12-04T19:43:22","guid":{"rendered":"https:\/\/aukinkochile.com\/web\/producto\/experimentos-cientificos-kit-solar\/"},"modified":"2025-12-04T19:45:16","modified_gmt":"2025-12-04T19:45:16","slug":"experimentos-cientificos-kit-solar","status":"publish","type":"product","link":"https:\/\/aukinkochile.com\/web\/producto\/experimentos-cientificos-kit-solar\/","title":{"rendered":"Experimentos Cient\u00edficos Kit Solar"},"content":{"rendered":"<p>Entretenido kit solar para ensamblar las partes y construir 6 diferentes tipos de motor generados por luz solar. Incluye manual, un mini motor, 1 panel solar y 44 piezas pl\u00e1sticas para ensamblar.<\/p>\n<p><p><strong>Material : <\/strong> Pl\u00e1stico<\/p>\n<p><strong>C\u00f3digo Aukinko : <\/strong> 12-10315<\/p>\n<p><strong>C\u00f3digo Convenio Marco : <\/strong> x<\/p>\n","protected":false},"excerpt":{"rendered":"<p>Entretenido kit solar para ensamblar las partes y construir 6 diferentes tipos de motor generados por luz solar. Incluye manual, un mini motor, 1 panel solar y 44 piezas pl\u00e1sticas para ensamblar. Material : Pl\u00e1stico C\u00f3digo Aukinko : 12-10315 C\u00f3digo Convenio Marco : x<\/p>\n","protected":false},"featured_media":633442,"comment_status":"open","ping_status":"closed","template":"","meta":{"_et_pb_use_builder":"","_et_pb_old_content":"","_et_gb_content_width":""},"product_brand":[],"product_cat":[92],"product_tag":[],"class_list":{"0":"post-633443","1":"product","2":"type-product","3":"status-publish","4":"has-post-thumbnail","6":"product_cat-ciencias","7":"pa_edad-10-anos","8":"pa_marca-edu-science","9":"pa_medidas-4400","10":"pa_medidas-5-cm-caja","11":"pa_medidas-5-x-17","12":"pa_medidas-5-x-6","14":"first","15":"instock","16":"shipping-taxable","17":"purchasable","18":"product-type-simple"},"aioseo_notices":[],"_links":{"self":[{"href":"https:\/\/aukinkochile.com\/web\/wp-json\/wp\/v2\/product\/633443","targetHints":{"allow":["GET"]}}],"collection":[{"href":"https:\/\/aukinkochile.com\/web\/wp-json\/wp\/v2\/product"}],"about":[{"href":"https:\/\/aukinkochile.com\/web\/wp-json\/wp\/v2\/types\/product"}],"replies":[{"embeddable":true,"href":"https:\/\/aukinkochile.com\/web\/wp-json\/wp\/v2\/comments?post=633443"}],"wp:featuredmedia":[{"embeddable":true,"href":"https:\/\/aukinkochile.com\/web\/wp-json\/wp\/v2\/media\/633442"}],"wp:attachment":[{"href":"https:\/\/aukinkochile.com\/web\/wp-json\/wp\/v2\/media?parent=633443"}],"wp:term":[{"taxonomy":"product_brand","embeddable":true,"href":"https:\/\/aukinkochile.com\/web\/wp-json\/wp\/v2\/product_brand?post=633443"},{"taxonomy":"product_cat","embeddable":true,"href":"https:\/\/aukinkochile.com\/web\/wp-json\/wp\/v2\/product_cat?post=633443"},{"taxonomy":"product_tag","embeddable":true,"href":"https:\/\/aukinkochile.com\/web\/wp-json\/wp\/v2\/product_tag?post=633443"}],"curies":[{"name":"wp","href":"https:\/\/api.w.org\/{rel}","templated":true}]}}