{"id":633372,"date":"2025-11-26T21:57:05","date_gmt":"2025-11-26T21:57:05","guid":{"rendered":"https:\/\/aukinkochile.com\/web\/producto\/pouff-asiento\/"},"modified":"2025-11-26T21:59:29","modified_gmt":"2025-11-26T21:59:29","slug":"pouff-asiento","status":"publish","type":"product","link":"https:\/\/aukinkochile.com\/web\/producto\/pouff-asiento\/","title":{"rendered":"Pouff Asiento"},"content":{"rendered":"<p>Pouff blando, liviano y c\u00f3modo. De gran calidad. Revestido en vinyl muy resistente, de f\u00e1cil mantenimiento. Para complementar las salas y dar comodidad a los ni\u00f1os para escuchar las historias, los juegos etc. C\u00f3moda y vers\u00e1til. De alta resistencia, f\u00e1cil de mantener y limpiar.  En 3 colores surtidos, verde, azul y gris.<\/p>\n<p><p><strong>Material : <\/strong> Cubierta Polipropileno<\/p>\n<p><strong>C\u00f3digo Aukinko : <\/strong> 16-1025<\/p>\n<p><strong>C\u00f3digo Convenio Marco : <\/strong> x<\/p>\n","protected":false},"excerpt":{"rendered":"<p>Pouff blando, liviano y c\u00f3modo. De gran calidad. Revestido en vinyl muy resistente, de f\u00e1cil mantenimiento. Para complementar las salas y dar comodidad a los ni\u00f1os para escuchar las historias, los juegos etc. C\u00f3moda y vers\u00e1til. De alta resistencia, f\u00e1cil de mantener y limpiar. En 3 colores surtidos, verde, azul y gris. Material : Cubierta [&hellip;]<\/p>\n","protected":false},"featured_media":623089,"comment_status":"open","ping_status":"closed","template":"","meta":{"_et_pb_use_builder":"","_et_pb_old_content":"","_et_gb_content_width":""},"product_brand":[],"product_cat":[91],"product_tag":[],"class_list":{"0":"post-633372","1":"product","2":"type-product","3":"status-publish","4":"has-post-thumbnail","6":"product_cat-accesorios-sala","7":"pa_edad-1-a-2-anos","8":"pa_edad-10-anos","9":"pa_edad-2-a-3-anos","10":"pa_edad-3-a-4-anos","11":"pa_edad-4-a-5-anos","12":"pa_edad-5-a-6-anos","13":"pa_edad-6-a-8-anos","14":"pa_edad-8-a-10-anos","15":"pa_marca-aukinko","16":"pa_medidas-30-x-43-x-57-cm","18":"first","19":"instock","20":"shipping-taxable","21":"purchasable","22":"product-type-simple"},"aioseo_notices":[],"_links":{"self":[{"href":"https:\/\/aukinkochile.com\/web\/wp-json\/wp\/v2\/product\/633372","targetHints":{"allow":["GET"]}}],"collection":[{"href":"https:\/\/aukinkochile.com\/web\/wp-json\/wp\/v2\/product"}],"about":[{"href":"https:\/\/aukinkochile.com\/web\/wp-json\/wp\/v2\/types\/product"}],"replies":[{"embeddable":true,"href":"https:\/\/aukinkochile.com\/web\/wp-json\/wp\/v2\/comments?post=633372"}],"wp:featuredmedia":[{"embeddable":true,"href":"https:\/\/aukinkochile.com\/web\/wp-json\/wp\/v2\/media\/623089"}],"wp:attachment":[{"href":"https:\/\/aukinkochile.com\/web\/wp-json\/wp\/v2\/media?parent=633372"}],"wp:term":[{"taxonomy":"product_brand","embeddable":true,"href":"https:\/\/aukinkochile.com\/web\/wp-json\/wp\/v2\/product_brand?post=633372"},{"taxonomy":"product_cat","embeddable":true,"href":"https:\/\/aukinkochile.com\/web\/wp-json\/wp\/v2\/product_cat?post=633372"},{"taxonomy":"product_tag","embeddable":true,"href":"https:\/\/aukinkochile.com\/web\/wp-json\/wp\/v2\/product_tag?post=633372"}],"curies":[{"name":"wp","href":"https:\/\/api.w.org\/{rel}","templated":true}]}}