{"id":633371,"date":"2025-11-26T21:57:04","date_gmt":"2025-11-26T21:57:04","guid":{"rendered":"https:\/\/aukinkochile.com\/web\/producto\/set-saquitos-circulares-olfativos\/"},"modified":"2025-11-26T21:59:29","modified_gmt":"2025-11-26T21:59:29","slug":"set-saquitos-circulares-olfativos","status":"publish","type":"product","link":"https:\/\/aukinkochile.com\/web\/producto\/set-saquitos-circulares-olfativos\/","title":{"rendered":"Set Saquitos Circulares Olfativos"},"content":{"rendered":"<p>El Set de 6 saquitos circulares sensoriales y olfativos de 11 cm de di\u00e1metro aproximadamente est\u00e1 especialmente dise\u00f1ado para estimular los sentidos de ni\u00f1os desde los 2 a\u00f1os en adelante. Este juego contiene 6 saquitos de tela algod\u00f3n diferentes colores, cada uno relleno con semillas naturales aromatizadas. Cada saquito tiene un aroma \u00fanico y distinguible: or\u00e9gano, cedr\u00f3n, lavanda, melisa, manzanilla y salvia, que se relacionan visualmente con colores espec\u00edficos, favoreciendo la asociaci\u00f3n sensorial y la discriminaci\u00f3n olfativa. Adem\u00e1s de su funcionalidad como herramienta educativa, este set es ideal para actividades de integraci\u00f3n sensorial, desarrollo cognitivo temprano, juegos did\u00e1cticos en el hogar o ambientes terap\u00e9uticos y escolares.<br \/>\nEl set incluye 6 tarjetas ilustrativas de 9\u00d76 cm aproximadamente con laminado protector de las plantas que est\u00e1n en los saquitos, para que los ni\u00f1os puedan visualizar y asociar las plantas con sus aromas.<br \/>\nAdem\u00e1s, cuenta con un mostrario de genero algod\u00f3n del color que corresponde a cada saquito; con impresi\u00f3n del nombre de la planta que va en ese color de saquito.<br \/>\nGracias a su formato compacto y liviano, las bolsitas circulares pueden ser manipulados f\u00e1cilmente por ni\u00f1os peque\u00f1os. El set se entrega en una pr\u00e1ctica bolsa individual de genero de tela reutilizable, lo que facilita su almacenamiento y transporte. Fabricado con materiales seguros y naturales, este producto cumple con los m\u00e1s altos est\u00e1ndares de calidad educativa y sensorial.<\/p>\n<p><p><strong>Material : <\/strong> Genero<\/p>\n<p><strong>C\u00f3digo Aukinko : <\/strong> 16-1049<\/p>\n<p><strong>C\u00f3digo Convenio Marco : <\/strong> x<\/p>\n","protected":false},"excerpt":{"rendered":"<p>El Set de 6 saquitos circulares sensoriales y olfativos de 11 cm de di\u00e1metro aproximadamente est\u00e1 especialmente dise\u00f1ado para estimular los sentidos de ni\u00f1os desde los 2 a\u00f1os en adelante. Este juego contiene 6 saquitos de tela algod\u00f3n diferentes colores, cada uno relleno con semillas naturales aromatizadas. Cada saquito tiene un aroma \u00fanico y distinguible: [&hellip;]<\/p>\n","protected":false},"featured_media":633370,"comment_status":"open","ping_status":"closed","template":"","meta":{"_et_pb_use_builder":"","_et_pb_old_content":"","_et_gb_content_width":""},"product_brand":[],"product_cat":[91,150],"product_tag":[],"class_list":{"0":"post-633371","1":"product","2":"type-product","3":"status-publish","4":"has-post-thumbnail","6":"product_cat-accesorios-sala","7":"product_cat-asociacion-y-logica","8":"pa_edad-2-a-3-anos","9":"pa_edad-3-a-4-anos","10":"pa_edad-4-a-5-anos","11":"pa_edad-5-a-6-anos","12":"pa_marca-aukinko","13":"pa_medidas-bolsa-de-genero-26x22x1-cm-aprox","14":"pa_medidas-diametro-saquitos-circulares-11-cm-aprox","15":"pa_medidas-tarjetas-ilustrativas-de-9x6-cm-aprox-y-mostrario-de-genero-de-8x5x1-cm-aprox","17":"first","18":"instock","19":"shipping-taxable","20":"purchasable","21":"product-type-simple"},"aioseo_notices":[],"_links":{"self":[{"href":"https:\/\/aukinkochile.com\/web\/wp-json\/wp\/v2\/product\/633371","targetHints":{"allow":["GET"]}}],"collection":[{"href":"https:\/\/aukinkochile.com\/web\/wp-json\/wp\/v2\/product"}],"about":[{"href":"https:\/\/aukinkochile.com\/web\/wp-json\/wp\/v2\/types\/product"}],"replies":[{"embeddable":true,"href":"https:\/\/aukinkochile.com\/web\/wp-json\/wp\/v2\/comments?post=633371"}],"wp:featuredmedia":[{"embeddable":true,"href":"https:\/\/aukinkochile.com\/web\/wp-json\/wp\/v2\/media\/633370"}],"wp:attachment":[{"href":"https:\/\/aukinkochile.com\/web\/wp-json\/wp\/v2\/media?parent=633371"}],"wp:term":[{"taxonomy":"product_brand","embeddable":true,"href":"https:\/\/aukinkochile.com\/web\/wp-json\/wp\/v2\/product_brand?post=633371"},{"taxonomy":"product_cat","embeddable":true,"href":"https:\/\/aukinkochile.com\/web\/wp-json\/wp\/v2\/product_cat?post=633371"},{"taxonomy":"product_tag","embeddable":true,"href":"https:\/\/aukinkochile.com\/web\/wp-json\/wp\/v2\/product_tag?post=633371"}],"curies":[{"name":"wp","href":"https:\/\/api.w.org\/{rel}","templated":true}]}}