{"id":633361,"date":"2025-11-26T21:57:02","date_gmt":"2025-11-26T21:57:02","guid":{"rendered":"https:\/\/aukinkochile.com\/web\/producto\/carretilla-set-balde-disco-pala-y-rastrillo\/"},"modified":"2025-11-26T21:59:29","modified_gmt":"2025-11-26T21:59:29","slug":"carretilla-set-balde-disco-pala-y-rastrillo","status":"publish","type":"product","link":"https:\/\/aukinkochile.com\/web\/producto\/carretilla-set-balde-disco-pala-y-rastrillo\/","title":{"rendered":"Carretilla set Balde, Disco, Pala y Rastrillo"},"content":{"rendered":"<p>Carretilla resistente y de brillante color junto a un bello set de arena. Balde, pala, rastrillo y disco. De gran calidad.<\/p>\n<p><p><strong>Material : <\/strong> Pl\u00e1stico<\/p>\n<p><strong>C\u00f3digo Aukinko : <\/strong> 16-3100<\/p>\n<p><strong>C\u00f3digo Convenio Marco : <\/strong> x<\/p>\n","protected":false},"excerpt":{"rendered":"<p>Carretilla resistente y de brillante color junto a un bello set de arena. Balde, pala, rastrillo y disco. De gran calidad. Material : Pl\u00e1stico C\u00f3digo Aukinko : 16-3100 C\u00f3digo Convenio Marco : x<\/p>\n","protected":false},"featured_media":633360,"comment_status":"open","ping_status":"closed","template":"","meta":{"_et_pb_use_builder":"","_et_pb_old_content":"","_et_gb_content_width":""},"product_brand":[],"product_cat":[1005,17],"product_tag":[],"class_list":{"0":"post-633361","1":"product","2":"type-product","3":"status-publish","4":"has-post-thumbnail","6":"product_cat-accesorios-patio","7":"product_cat-juegos-de-rol","8":"pa_edad-1-a-2-anos","9":"pa_edad-2-a-3-anos","10":"pa_edad-3-a-4-anos","11":"pa_edad-4-a-5-anos","12":"pa_edad-5-a-6-anos","13":"pa_edad-6-a-8-anos","14":"pa_marca-aukinko","15":"pa_medidas-64-x-27-x-30-cm","17":"first","18":"instock","19":"shipping-taxable","20":"purchasable","21":"product-type-simple"},"aioseo_notices":[],"_links":{"self":[{"href":"https:\/\/aukinkochile.com\/web\/wp-json\/wp\/v2\/product\/633361","targetHints":{"allow":["GET"]}}],"collection":[{"href":"https:\/\/aukinkochile.com\/web\/wp-json\/wp\/v2\/product"}],"about":[{"href":"https:\/\/aukinkochile.com\/web\/wp-json\/wp\/v2\/types\/product"}],"replies":[{"embeddable":true,"href":"https:\/\/aukinkochile.com\/web\/wp-json\/wp\/v2\/comments?post=633361"}],"wp:featuredmedia":[{"embeddable":true,"href":"https:\/\/aukinkochile.com\/web\/wp-json\/wp\/v2\/media\/633360"}],"wp:attachment":[{"href":"https:\/\/aukinkochile.com\/web\/wp-json\/wp\/v2\/media?parent=633361"}],"wp:term":[{"taxonomy":"product_brand","embeddable":true,"href":"https:\/\/aukinkochile.com\/web\/wp-json\/wp\/v2\/product_brand?post=633361"},{"taxonomy":"product_cat","embeddable":true,"href":"https:\/\/aukinkochile.com\/web\/wp-json\/wp\/v2\/product_cat?post=633361"},{"taxonomy":"product_tag","embeddable":true,"href":"https:\/\/aukinkochile.com\/web\/wp-json\/wp\/v2\/product_tag?post=633361"}],"curies":[{"name":"wp","href":"https:\/\/api.w.org\/{rel}","templated":true}]}}