{"id":633354,"date":"2025-11-26T21:57:00","date_gmt":"2025-11-26T21:57:00","guid":{"rendered":"https:\/\/aukinkochile.com\/web\/producto\/muneca-calin-manon-30-cm\/"},"modified":"2025-11-26T21:59:18","modified_gmt":"2025-11-26T21:59:18","slug":"muneca-calin-manon-30-cm","status":"publish","type":"product","link":"https:\/\/aukinkochile.com\/web\/producto\/muneca-calin-manon-30-cm\/","title":{"rendered":"Mu\u00f1eca Calin Manon 30 cm"},"content":{"rendered":"<p>Hermosa mu\u00f1eca de 30 cm, el tama\u00f1o perfecto para el f\u00e1cil manejo de los m\u00e1s peque\u00f1os. Su cuerpo flexible le permite tomar las misma posiciones que un beb\u00e9 real. Su rostro, brazos y piernas tienen un delicado aroma a vainilla y son de un suave vinilo. Con sus ojos somnolientos duerme cuando la acuestan boca arriba. Est\u00e1 vestida con un hermoso pijama y un sombrero a juego.<\/p>\n<p><p><strong>Material : <\/strong> Vinyl y Genero<\/p>\n<p><strong>C\u00f3digo Aukinko : <\/strong> 14-6110027<\/p>\n<p><strong>C\u00f3digo Convenio Marco : <\/strong> x<\/p>\n","protected":false},"excerpt":{"rendered":"<p>Hermosa mu\u00f1eca de 30 cm, el tama\u00f1o perfecto para el f\u00e1cil manejo de los m\u00e1s peque\u00f1os. Su cuerpo flexible le permite tomar las misma posiciones que un beb\u00e9 real. Su rostro, brazos y piernas tienen un delicado aroma a vainilla y son de un suave vinilo. Con sus ojos somnolientos duerme cuando la acuestan boca [&hellip;]<\/p>\n","protected":false},"featured_media":625490,"comment_status":"open","ping_status":"closed","template":"","meta":{"_et_pb_use_builder":"","_et_pb_old_content":"","_et_gb_content_width":""},"product_brand":[],"product_cat":[17,212,23],"product_tag":[],"class_list":{"0":"post-633354","1":"product","2":"type-product","3":"status-publish","4":"has-post-thumbnail","6":"product_cat-juegos-de-rol","7":"product_cat-munecos-y-figuras","8":"product_cat-primeros-anos","9":"pa_marca-corolle","10":"pa_medidas-30-cm","12":"first","13":"instock","14":"shipping-taxable","15":"purchasable","16":"product-type-simple"},"aioseo_notices":[],"_links":{"self":[{"href":"https:\/\/aukinkochile.com\/web\/wp-json\/wp\/v2\/product\/633354","targetHints":{"allow":["GET"]}}],"collection":[{"href":"https:\/\/aukinkochile.com\/web\/wp-json\/wp\/v2\/product"}],"about":[{"href":"https:\/\/aukinkochile.com\/web\/wp-json\/wp\/v2\/types\/product"}],"replies":[{"embeddable":true,"href":"https:\/\/aukinkochile.com\/web\/wp-json\/wp\/v2\/comments?post=633354"}],"wp:featuredmedia":[{"embeddable":true,"href":"https:\/\/aukinkochile.com\/web\/wp-json\/wp\/v2\/media\/625490"}],"wp:attachment":[{"href":"https:\/\/aukinkochile.com\/web\/wp-json\/wp\/v2\/media?parent=633354"}],"wp:term":[{"taxonomy":"product_brand","embeddable":true,"href":"https:\/\/aukinkochile.com\/web\/wp-json\/wp\/v2\/product_brand?post=633354"},{"taxonomy":"product_cat","embeddable":true,"href":"https:\/\/aukinkochile.com\/web\/wp-json\/wp\/v2\/product_cat?post=633354"},{"taxonomy":"product_tag","embeddable":true,"href":"https:\/\/aukinkochile.com\/web\/wp-json\/wp\/v2\/product_tag?post=633354"}],"curies":[{"name":"wp","href":"https:\/\/api.w.org\/{rel}","templated":true}]}}