{"id":633350,"date":"2025-11-26T21:56:59","date_gmt":"2025-11-26T21:56:59","guid":{"rendered":"https:\/\/aukinkochile.com\/web\/producto\/muneca-calin-maria-30-cm\/"},"modified":"2025-11-26T21:59:18","modified_gmt":"2025-11-26T21:59:18","slug":"muneca-calin-maria-30-cm","status":"publish","type":"product","link":"https:\/\/aukinkochile.com\/web\/producto\/muneca-calin-maria-30-cm\/","title":{"rendered":"Mu\u00f1eca Calin Mar\u00eda 30 cm"},"content":{"rendered":"<p>A los 18 meses los ni\u00f1os y ni\u00f1as peque\u00f1as comienzan los juegos de imitaci\u00f3n, por lo tanto una peque\u00f1a mu\u00f1eca es el juguete ideal para ofrecer y apoyar su desarrollo. Con 30 cm de altura, Beb\u00e9 Calin Mar\u00eda puede ser f\u00e1cilmente manejada por manos peque\u00f1os. Adem\u00e1s, con su cuerpo flexible, esta peque\u00f1a mu\u00f1eca puede adoptar las mismas posiciones que un beb\u00e9 real. Cierra los ojos para dormir cuando lo acuestas de espaldas y puede tomar un chupete o chuparse el dedo. Su rostro, brazos y piernas est\u00e1n hechos de vinilo suave al tacto y tienen un delicado aroma a vainilla muy reconfortante para los ni\u00f1os. Esta peque\u00f1a mu\u00f1eca, con piel caramelo y ojos negros, est\u00e1 vestida con un conjunto 2 en 1 que consta de pantalones estampados y una camiseta rosa de manga larga, y lleva una diadema rosa con un lazo floral a juego con sus pantalones. Tu hijo podr\u00e1 vestir y desvestir f\u00e1cilmente a Mar\u00eda gracias a las tiras de gancho y bucle de su vestido.<\/p>\n<p><p><strong>Material : <\/strong> Vinyl y Genero<\/p>\n<p><strong>C\u00f3digo Aukinko : <\/strong> 14-6100630<\/p>\n<p><strong>C\u00f3digo Convenio Marco : <\/strong> x<\/p>\n","protected":false},"excerpt":{"rendered":"<p>A los 18 meses los ni\u00f1os y ni\u00f1as peque\u00f1as comienzan los juegos de imitaci\u00f3n, por lo tanto una peque\u00f1a mu\u00f1eca es el juguete ideal para ofrecer y apoyar su desarrollo. Con 30 cm de altura, Beb\u00e9 Calin Mar\u00eda puede ser f\u00e1cilmente manejada por manos peque\u00f1os. Adem\u00e1s, con su cuerpo flexible, esta peque\u00f1a mu\u00f1eca puede adoptar [&hellip;]<\/p>\n","protected":false},"featured_media":625392,"comment_status":"open","ping_status":"closed","template":"","meta":{"_et_pb_use_builder":"","_et_pb_old_content":"","_et_gb_content_width":""},"product_brand":[],"product_cat":[17,212],"product_tag":[],"class_list":{"0":"post-633350","1":"product","2":"type-product","3":"status-publish","4":"has-post-thumbnail","6":"product_cat-juegos-de-rol","7":"product_cat-munecos-y-figuras","8":"pa_edad-2-a-3-anos","9":"pa_edad-3-a-4-anos","10":"pa_edad-4-a-5-anos","11":"pa_edad-5-a-6-anos","12":"pa_edad-6-a-8-anos","13":"pa_marca-corolle","14":"pa_medidas-30-cm","16":"first","17":"instock","18":"shipping-taxable","19":"purchasable","20":"product-type-simple"},"aioseo_notices":[],"_links":{"self":[{"href":"https:\/\/aukinkochile.com\/web\/wp-json\/wp\/v2\/product\/633350","targetHints":{"allow":["GET"]}}],"collection":[{"href":"https:\/\/aukinkochile.com\/web\/wp-json\/wp\/v2\/product"}],"about":[{"href":"https:\/\/aukinkochile.com\/web\/wp-json\/wp\/v2\/types\/product"}],"replies":[{"embeddable":true,"href":"https:\/\/aukinkochile.com\/web\/wp-json\/wp\/v2\/comments?post=633350"}],"wp:featuredmedia":[{"embeddable":true,"href":"https:\/\/aukinkochile.com\/web\/wp-json\/wp\/v2\/media\/625392"}],"wp:attachment":[{"href":"https:\/\/aukinkochile.com\/web\/wp-json\/wp\/v2\/media?parent=633350"}],"wp:term":[{"taxonomy":"product_brand","embeddable":true,"href":"https:\/\/aukinkochile.com\/web\/wp-json\/wp\/v2\/product_brand?post=633350"},{"taxonomy":"product_cat","embeddable":true,"href":"https:\/\/aukinkochile.com\/web\/wp-json\/wp\/v2\/product_cat?post=633350"},{"taxonomy":"product_tag","embeddable":true,"href":"https:\/\/aukinkochile.com\/web\/wp-json\/wp\/v2\/product_tag?post=633350"}],"curies":[{"name":"wp","href":"https:\/\/api.w.org\/{rel}","templated":true}]}}