{"id":633347,"date":"2025-11-26T21:56:58","date_gmt":"2025-11-26T21:56:58","guid":{"rendered":"https:\/\/aukinkochile.com\/web\/producto\/ropa-muneca-set-calzas-con-blusa\/"},"modified":"2025-11-26T21:59:12","modified_gmt":"2025-11-26T21:59:12","slug":"ropa-muneca-set-calzas-con-blusa","status":"publish","type":"product","link":"https:\/\/aukinkochile.com\/web\/producto\/ropa-muneca-set-calzas-con-blusa\/","title":{"rendered":"Ropa Mu\u00f1eca set Calzas con Blusa"},"content":{"rendered":"<p>Ropa para mu\u00f1ecas de 33 cm. De genero suave y de terminaciones delicadas. De gran confecci\u00f3n y detalles. Mu\u00f1eca se vende por separado.<\/p>\n<p><p><strong>Material : <\/strong> Genero<\/p>\n<p><strong>C\u00f3digo Aukinko : <\/strong> 14-6200529<\/p>\n<p><strong>C\u00f3digo Convenio Marco : <\/strong> x<\/p>\n","protected":false},"excerpt":{"rendered":"<p>Ropa para mu\u00f1ecas de 33 cm. De genero suave y de terminaciones delicadas. De gran confecci\u00f3n y detalles. Mu\u00f1eca se vende por separado. Material : Genero C\u00f3digo Aukinko : 14-6200529 C\u00f3digo Convenio Marco : x<\/p>\n","protected":false},"featured_media":633346,"comment_status":"open","ping_status":"closed","template":"","meta":{"_et_pb_use_builder":"","_et_pb_old_content":"","_et_gb_content_width":""},"product_brand":[],"product_cat":[17,212],"product_tag":[],"class_list":{"0":"post-633347","1":"product","2":"type-product","3":"status-publish","4":"has-post-thumbnail","6":"product_cat-juegos-de-rol","7":"product_cat-munecos-y-figuras","8":"pa_edad-2-a-3-anos","9":"pa_edad-3-a-4-anos","10":"pa_edad-4-a-5-anos","11":"pa_edad-5-a-6-anos","12":"pa_edad-6-a-8-anos","13":"pa_marca-corolle","14":"pa_medidas-para-muneca-de-32-cm","16":"first","17":"instock","18":"shipping-taxable","19":"purchasable","20":"product-type-simple"},"aioseo_notices":[],"_links":{"self":[{"href":"https:\/\/aukinkochile.com\/web\/wp-json\/wp\/v2\/product\/633347","targetHints":{"allow":["GET"]}}],"collection":[{"href":"https:\/\/aukinkochile.com\/web\/wp-json\/wp\/v2\/product"}],"about":[{"href":"https:\/\/aukinkochile.com\/web\/wp-json\/wp\/v2\/types\/product"}],"replies":[{"embeddable":true,"href":"https:\/\/aukinkochile.com\/web\/wp-json\/wp\/v2\/comments?post=633347"}],"wp:featuredmedia":[{"embeddable":true,"href":"https:\/\/aukinkochile.com\/web\/wp-json\/wp\/v2\/media\/633346"}],"wp:attachment":[{"href":"https:\/\/aukinkochile.com\/web\/wp-json\/wp\/v2\/media?parent=633347"}],"wp:term":[{"taxonomy":"product_brand","embeddable":true,"href":"https:\/\/aukinkochile.com\/web\/wp-json\/wp\/v2\/product_brand?post=633347"},{"taxonomy":"product_cat","embeddable":true,"href":"https:\/\/aukinkochile.com\/web\/wp-json\/wp\/v2\/product_cat?post=633347"},{"taxonomy":"product_tag","embeddable":true,"href":"https:\/\/aukinkochile.com\/web\/wp-json\/wp\/v2\/product_tag?post=633347"}],"curies":[{"name":"wp","href":"https:\/\/api.w.org\/{rel}","templated":true}]}}