{"id":633326,"date":"2025-11-26T21:56:53","date_gmt":"2025-11-26T21:56:53","guid":{"rendered":"https:\/\/aukinkochile.com\/web\/producto\/ropa-vestido-lovely-con-acc-36-cm\/"},"modified":"2025-11-26T21:59:12","modified_gmt":"2025-11-26T21:59:12","slug":"ropa-vestido-lovely-con-acc-36-cm","status":"publish","type":"product","link":"https:\/\/aukinkochile.com\/web\/producto\/ropa-vestido-lovely-con-acc-36-cm\/","title":{"rendered":"Ropa Vestido Lovely con acc. 36 cm"},"content":{"rendered":"<p>Hermoso vestido floreado con accesorios para que las mu\u00f1ecas de 36 cm paseen con el mejor estilo franc\u00e9s. El set incluye un hermoso vestido con flores, un cintillo, un par de anteojos, un peine y un par de sandalias. La ropa de Corolle est\u00e1 hecha de materiales suaves y cuenta con correas de velcro para que los ni\u00f1os y ni\u00f1as la puedan poner y quitar f\u00e1cilmente. Recomendado para ni\u00f1os a partir de 4 a\u00f1os. De excelente calidad y dise\u00f1o.<\/p>\n<p><p><strong>Material : <\/strong> Genero<\/p>\n<p><strong>C\u00f3digo Aukinko : <\/strong> 14-6212830<\/p>\n<p><strong>C\u00f3digo Convenio Marco : <\/strong> x<\/p>\n","protected":false},"excerpt":{"rendered":"<p>Hermoso vestido floreado con accesorios para que las mu\u00f1ecas de 36 cm paseen con el mejor estilo franc\u00e9s. El set incluye un hermoso vestido con flores, un cintillo, un par de anteojos, un peine y un par de sandalias. La ropa de Corolle est\u00e1 hecha de materiales suaves y cuenta con correas de velcro para [&hellip;]<\/p>\n","protected":false},"featured_media":633325,"comment_status":"open","ping_status":"closed","template":"","meta":{"_et_pb_use_builder":"","_et_pb_old_content":"","_et_gb_content_width":""},"product_brand":[],"product_cat":[17,212],"product_tag":[],"class_list":{"0":"post-633326","1":"product","2":"type-product","3":"status-publish","4":"has-post-thumbnail","6":"product_cat-juegos-de-rol","7":"product_cat-munecos-y-figuras","8":"pa_edad-4-a-5-anos","9":"pa_edad-5-a-6-anos","10":"pa_edad-6-a-8-anos","11":"pa_edad-8-a-10-anos","12":"pa_marca-corolle","13":"pa_medidas-para-munecas-de-36-cm","15":"first","16":"instock","17":"shipping-taxable","18":"purchasable","19":"product-type-simple"},"aioseo_notices":[],"_links":{"self":[{"href":"https:\/\/aukinkochile.com\/web\/wp-json\/wp\/v2\/product\/633326","targetHints":{"allow":["GET"]}}],"collection":[{"href":"https:\/\/aukinkochile.com\/web\/wp-json\/wp\/v2\/product"}],"about":[{"href":"https:\/\/aukinkochile.com\/web\/wp-json\/wp\/v2\/types\/product"}],"replies":[{"embeddable":true,"href":"https:\/\/aukinkochile.com\/web\/wp-json\/wp\/v2\/comments?post=633326"}],"wp:featuredmedia":[{"embeddable":true,"href":"https:\/\/aukinkochile.com\/web\/wp-json\/wp\/v2\/media\/633325"}],"wp:attachment":[{"href":"https:\/\/aukinkochile.com\/web\/wp-json\/wp\/v2\/media?parent=633326"}],"wp:term":[{"taxonomy":"product_brand","embeddable":true,"href":"https:\/\/aukinkochile.com\/web\/wp-json\/wp\/v2\/product_brand?post=633326"},{"taxonomy":"product_cat","embeddable":true,"href":"https:\/\/aukinkochile.com\/web\/wp-json\/wp\/v2\/product_cat?post=633326"},{"taxonomy":"product_tag","embeddable":true,"href":"https:\/\/aukinkochile.com\/web\/wp-json\/wp\/v2\/product_tag?post=633326"}],"curies":[{"name":"wp","href":"https:\/\/api.w.org\/{rel}","templated":true}]}}