{"id":633304,"date":"2025-11-26T21:56:47","date_gmt":"2025-11-26T21:56:47","guid":{"rendered":"https:\/\/aukinkochile.com\/web\/producto\/ropa-set-aventuras-28-cm\/"},"modified":"2025-11-26T21:59:10","modified_gmt":"2025-11-26T21:59:10","slug":"ropa-set-aventuras-28-cm","status":"publish","type":"product","link":"https:\/\/aukinkochile.com\/web\/producto\/ropa-set-aventuras-28-cm\/","title":{"rendered":"Ropa set Aventuras 28 cm"},"content":{"rendered":"<p>Hermoso set de ropa y accesorios para la colecci\u00f3n de mu\u00f1ecas adolescentes de 28 cm de Corolle. Con este set los ni\u00f1os y ni\u00f1as podr\u00e1n darle nuevos looks a sus mu\u00f1ecas para llevarlas de paseo y crear juegos imaginativos que estimulan el desarrollo cognitivo y emocional de los m\u00e1s peque\u00f1os. El set incluye una polera, un short, un par de binoculares, una mochila, un par de anteojos con forma de coraz\u00f3n, un par de aros y un par de botas llenas de estilo para salir de safari. La ropa de Corolle est\u00e1 hecha de materiales suaves y cuenta con correas de velcro para que los ni\u00f1os y ni\u00f1as la puedan poner y quitar f\u00e1cilmente. Recomendado para ni\u00f1os a partir de 4 a\u00f1os. De excelente calidad y dise\u00f1o.<\/p>\n<p><p><strong>Material : <\/strong> Pl\u00e1stico y Genero<\/p>\n<p><strong>C\u00f3digo Aukinko : <\/strong> 14-6210040<\/p>\n<p><strong>C\u00f3digo Convenio Marco : <\/strong> x<\/p>\n","protected":false},"excerpt":{"rendered":"<p>Hermoso set de ropa y accesorios para la colecci\u00f3n de mu\u00f1ecas adolescentes de 28 cm de Corolle. Con este set los ni\u00f1os y ni\u00f1as podr\u00e1n darle nuevos looks a sus mu\u00f1ecas para llevarlas de paseo y crear juegos imaginativos que estimulan el desarrollo cognitivo y emocional de los m\u00e1s peque\u00f1os. El set incluye una polera, [&hellip;]<\/p>\n","protected":false},"featured_media":633303,"comment_status":"open","ping_status":"closed","template":"","meta":{"_et_pb_use_builder":"","_et_pb_old_content":"","_et_gb_content_width":""},"product_brand":[],"product_cat":[17,212],"product_tag":[],"class_list":{"0":"post-633304","1":"product","2":"type-product","3":"status-publish","4":"has-post-thumbnail","6":"product_cat-juegos-de-rol","7":"product_cat-munecos-y-figuras","8":"pa_edad-4-a-5-anos","9":"pa_edad-5-a-6-anos","10":"pa_edad-6-a-8-anos","11":"pa_edad-8-a-10-anos","12":"pa_marca-corolle","13":"pa_medidas-para-munecas-de-28-cm","15":"first","16":"instock","17":"shipping-taxable","18":"purchasable","19":"product-type-simple"},"aioseo_notices":[],"_links":{"self":[{"href":"https:\/\/aukinkochile.com\/web\/wp-json\/wp\/v2\/product\/633304","targetHints":{"allow":["GET"]}}],"collection":[{"href":"https:\/\/aukinkochile.com\/web\/wp-json\/wp\/v2\/product"}],"about":[{"href":"https:\/\/aukinkochile.com\/web\/wp-json\/wp\/v2\/types\/product"}],"replies":[{"embeddable":true,"href":"https:\/\/aukinkochile.com\/web\/wp-json\/wp\/v2\/comments?post=633304"}],"wp:featuredmedia":[{"embeddable":true,"href":"https:\/\/aukinkochile.com\/web\/wp-json\/wp\/v2\/media\/633303"}],"wp:attachment":[{"href":"https:\/\/aukinkochile.com\/web\/wp-json\/wp\/v2\/media?parent=633304"}],"wp:term":[{"taxonomy":"product_brand","embeddable":true,"href":"https:\/\/aukinkochile.com\/web\/wp-json\/wp\/v2\/product_brand?post=633304"},{"taxonomy":"product_cat","embeddable":true,"href":"https:\/\/aukinkochile.com\/web\/wp-json\/wp\/v2\/product_cat?post=633304"},{"taxonomy":"product_tag","embeddable":true,"href":"https:\/\/aukinkochile.com\/web\/wp-json\/wp\/v2\/product_tag?post=633304"}],"curies":[{"name":"wp","href":"https:\/\/api.w.org\/{rel}","templated":true}]}}