{"id":633290,"date":"2025-11-26T21:56:45","date_gmt":"2025-11-26T21:56:45","guid":{"rendered":"https:\/\/aukinkochile.com\/web\/producto\/muneca-doudou-azul-20-cm\/"},"modified":"2025-11-26T21:59:09","modified_gmt":"2025-11-26T21:59:09","slug":"muneca-doudou-azul-20-cm","status":"publish","type":"product","link":"https:\/\/aukinkochile.com\/web\/producto\/muneca-doudou-azul-20-cm\/","title":{"rendered":"Mu\u00f1eca Doudou Azul 20 cm"},"content":{"rendered":"<p>Hermoso mu\u00f1eco de 20 cm fabricado por la maravillosa marca francesa Corolle. Con su peque\u00f1o y esponjoso cuerpo este hermoso mu\u00f1eco es f\u00e1cil de sostener y reconforta a los beb\u00e9s desde su nacimiento. La carita de vinilo tiene un delicioso aroma a vainilla que estimula el olfato del beb\u00e9 y lo tranquiliza. Sus suaves materiales tambi\u00e9n estimulan el tacto y emite un ligero tintineo que estimula la audici\u00f3n. Las piernas, los brazos y el gorro ofrecen m\u00faltiples puntos de agarre que permiten al beb\u00e9 agarrarlo f\u00e1cilmente. Lavable a m\u00e1quina con ciclo delicado. Tiene una etiqueta para escribir el nombre del ni\u00f1o o ni\u00f1a, muy pr\u00e1ctico en caso de p\u00e9rdida. De excelente calidad y dise\u00f1o.<\/p>\n<p><p><strong>Material : <\/strong> Genero y Vinilo<\/p>\n<p><strong>C\u00f3digo Aukinko : <\/strong> 14-6160040<\/p>\n<p><strong>C\u00f3digo Convenio Marco : <\/strong> x<\/p>\n","protected":false},"excerpt":{"rendered":"<p>Hermoso mu\u00f1eco de 20 cm fabricado por la maravillosa marca francesa Corolle. Con su peque\u00f1o y esponjoso cuerpo este hermoso mu\u00f1eco es f\u00e1cil de sostener y reconforta a los beb\u00e9s desde su nacimiento. La carita de vinilo tiene un delicioso aroma a vainilla que estimula el olfato del beb\u00e9 y lo tranquiliza. Sus suaves materiales [&hellip;]<\/p>\n","protected":false},"featured_media":633289,"comment_status":"open","ping_status":"closed","template":"","meta":{"_et_pb_use_builder":"","_et_pb_old_content":"","_et_gb_content_width":""},"product_brand":[],"product_cat":[17,212],"product_tag":[],"class_list":{"0":"post-633290","1":"product","2":"type-product","3":"status-publish","4":"has-post-thumbnail","6":"product_cat-juegos-de-rol","7":"product_cat-munecos-y-figuras","8":"pa_edad-0-a-1-ano","9":"pa_edad-1-a-2-anos","10":"pa_edad-2-a-3-anos","11":"pa_edad-3-a-4-anos","12":"pa_marca-corolle","13":"pa_medidas-20-cm","15":"first","16":"instock","17":"shipping-taxable","18":"purchasable","19":"product-type-simple"},"aioseo_notices":[],"_links":{"self":[{"href":"https:\/\/aukinkochile.com\/web\/wp-json\/wp\/v2\/product\/633290","targetHints":{"allow":["GET"]}}],"collection":[{"href":"https:\/\/aukinkochile.com\/web\/wp-json\/wp\/v2\/product"}],"about":[{"href":"https:\/\/aukinkochile.com\/web\/wp-json\/wp\/v2\/types\/product"}],"replies":[{"embeddable":true,"href":"https:\/\/aukinkochile.com\/web\/wp-json\/wp\/v2\/comments?post=633290"}],"wp:featuredmedia":[{"embeddable":true,"href":"https:\/\/aukinkochile.com\/web\/wp-json\/wp\/v2\/media\/633289"}],"wp:attachment":[{"href":"https:\/\/aukinkochile.com\/web\/wp-json\/wp\/v2\/media?parent=633290"}],"wp:term":[{"taxonomy":"product_brand","embeddable":true,"href":"https:\/\/aukinkochile.com\/web\/wp-json\/wp\/v2\/product_brand?post=633290"},{"taxonomy":"product_cat","embeddable":true,"href":"https:\/\/aukinkochile.com\/web\/wp-json\/wp\/v2\/product_cat?post=633290"},{"taxonomy":"product_tag","embeddable":true,"href":"https:\/\/aukinkochile.com\/web\/wp-json\/wp\/v2\/product_tag?post=633290"}],"curies":[{"name":"wp","href":"https:\/\/api.w.org\/{rel}","templated":true}]}}