{"id":633272,"date":"2025-11-26T21:56:41","date_gmt":"2025-11-26T21:56:41","guid":{"rendered":"https:\/\/aukinkochile.com\/web\/producto\/muneca-mini-calin-set-dormir-20-cm\/"},"modified":"2025-11-26T21:59:09","modified_gmt":"2025-11-26T21:59:09","slug":"muneca-mini-calin-set-dormir-20-cm","status":"publish","type":"product","link":"https:\/\/aukinkochile.com\/web\/producto\/muneca-mini-calin-set-dormir-20-cm\/","title":{"rendered":"Mu\u00f1eca Mini Calin set Dormir 20 cm"},"content":{"rendered":"<p>Mini Calin Bonne Nuit Papillons es un set que incluye una mu\u00f1eca beb\u00e9 Mini Calin de 20 cm, peque\u00f1a, ligera y f\u00e1cil de llevar a cualquier parte, un pijama y un saco de dormir. El saco de dormir y el pijama cuentan con cierres de velcro para vestirla y desvestirla f\u00e1cilmente. Esta hermosa mu\u00f1eca tiene la piel clara, la cara, los brazos y las piernas con un delicado aroma a vainilla y est\u00e1 hecha de vinilo suave al tacto. La tela del cuerpo presenta estampados de mariposas y flores. Esta mu\u00f1eca es ideal para ni\u00f1os a partir de 18 meses. Lavable a mano. De excelente calidad y dise\u00f1o.<\/p>\n<p><p><strong>Material : <\/strong> Genero y Vinilo<\/p>\n<p><strong>C\u00f3digo Aukinko : <\/strong> 14-6120300<\/p>\n<p><strong>C\u00f3digo Convenio Marco : <\/strong> x<\/p>\n","protected":false},"excerpt":{"rendered":"<p>Mini Calin Bonne Nuit Papillons es un set que incluye una mu\u00f1eca beb\u00e9 Mini Calin de 20 cm, peque\u00f1a, ligera y f\u00e1cil de llevar a cualquier parte, un pijama y un saco de dormir. El saco de dormir y el pijama cuentan con cierres de velcro para vestirla y desvestirla f\u00e1cilmente. Esta hermosa mu\u00f1eca tiene [&hellip;]<\/p>\n","protected":false},"featured_media":633271,"comment_status":"open","ping_status":"closed","template":"","meta":{"_et_pb_use_builder":"","_et_pb_old_content":"","_et_gb_content_width":""},"product_brand":[],"product_cat":[17,212],"product_tag":[],"class_list":{"0":"post-633272","1":"product","2":"type-product","3":"status-publish","4":"has-post-thumbnail","6":"product_cat-juegos-de-rol","7":"product_cat-munecos-y-figuras","8":"pa_edad-1-a-2-anos","9":"pa_edad-2-a-3-anos","10":"pa_edad-3-a-4-anos","11":"pa_marca-corolle","12":"pa_medidas-20-cm","14":"first","15":"instock","16":"shipping-taxable","17":"purchasable","18":"product-type-simple"},"aioseo_notices":[],"_links":{"self":[{"href":"https:\/\/aukinkochile.com\/web\/wp-json\/wp\/v2\/product\/633272","targetHints":{"allow":["GET"]}}],"collection":[{"href":"https:\/\/aukinkochile.com\/web\/wp-json\/wp\/v2\/product"}],"about":[{"href":"https:\/\/aukinkochile.com\/web\/wp-json\/wp\/v2\/types\/product"}],"replies":[{"embeddable":true,"href":"https:\/\/aukinkochile.com\/web\/wp-json\/wp\/v2\/comments?post=633272"}],"wp:featuredmedia":[{"embeddable":true,"href":"https:\/\/aukinkochile.com\/web\/wp-json\/wp\/v2\/media\/633271"}],"wp:attachment":[{"href":"https:\/\/aukinkochile.com\/web\/wp-json\/wp\/v2\/media?parent=633272"}],"wp:term":[{"taxonomy":"product_brand","embeddable":true,"href":"https:\/\/aukinkochile.com\/web\/wp-json\/wp\/v2\/product_brand?post=633272"},{"taxonomy":"product_cat","embeddable":true,"href":"https:\/\/aukinkochile.com\/web\/wp-json\/wp\/v2\/product_cat?post=633272"},{"taxonomy":"product_tag","embeddable":true,"href":"https:\/\/aukinkochile.com\/web\/wp-json\/wp\/v2\/product_tag?post=633272"}],"curies":[{"name":"wp","href":"https:\/\/api.w.org\/{rel}","templated":true}]}}