{"id":633260,"date":"2025-11-26T21:56:39","date_gmt":"2025-11-26T21:56:39","guid":{"rendered":"https:\/\/aukinkochile.com\/web\/producto\/muneca-corazon-30-cm\/"},"modified":"2025-11-26T21:59:08","modified_gmt":"2025-11-26T21:59:08","slug":"muneca-corazon-30-cm","status":"publish","type":"product","link":"https:\/\/aukinkochile.com\/web\/producto\/muneca-corazon-30-cm\/","title":{"rendered":"Mu\u00f1eca Coraz\u00f3n 30 cm"},"content":{"rendered":"<p>Hermosa mu\u00f1eca de 30 cm fabricada por la maravillosa marca francesa Corolle. Una mu\u00f1eca llena de suavidad para ni\u00f1os y ni\u00f1as peque\u00f1as a partir de los 12 meses de edad. De material ligero y flexible, es f\u00e1cil de manejar y proporciona horas de abrazos y juegos. Con su rostro realista, sus brazos y piernas de vinilo suave al tacto, delicadamente perfumados con vainilla, as\u00ed como sus encantadores ojos azules fijos, esta mu\u00f1eca despierta complicidad y ternura. La mu\u00f1eca viene con ropa interior de base y con un tut\u00fa que se le puede sacar y poner f\u00e1cilmente. Lavable a mano. De excelente calidad y dise\u00f1o.<\/p>\n<p><p><strong>Material : <\/strong> Genero y Vinilo<\/p>\n<p><strong>C\u00f3digo Aukinko : <\/strong> 14-6100810<\/p>\n<p><strong>C\u00f3digo Convenio Marco : <\/strong> x<\/p>\n","protected":false},"excerpt":{"rendered":"<p>Hermosa mu\u00f1eca de 30 cm fabricada por la maravillosa marca francesa Corolle. Una mu\u00f1eca llena de suavidad para ni\u00f1os y ni\u00f1as peque\u00f1as a partir de los 12 meses de edad. De material ligero y flexible, es f\u00e1cil de manejar y proporciona horas de abrazos y juegos. Con su rostro realista, sus brazos y piernas de [&hellip;]<\/p>\n","protected":false},"featured_media":633259,"comment_status":"open","ping_status":"closed","template":"","meta":{"_et_pb_use_builder":"","_et_pb_old_content":"","_et_gb_content_width":""},"product_brand":[],"product_cat":[17,212],"product_tag":[],"class_list":{"0":"post-633260","1":"product","2":"type-product","3":"status-publish","4":"has-post-thumbnail","6":"product_cat-juegos-de-rol","7":"product_cat-munecos-y-figuras","8":"pa_edad-1-a-2-anos","9":"pa_edad-2-a-3-anos","10":"pa_edad-3-a-4-anos","11":"pa_edad-4-a-5-anos","12":"pa_edad-5-a-6-anos","13":"pa_marca-corolle","14":"pa_medidas-30-cm","16":"first","17":"instock","18":"shipping-taxable","19":"purchasable","20":"product-type-simple"},"aioseo_notices":[],"_links":{"self":[{"href":"https:\/\/aukinkochile.com\/web\/wp-json\/wp\/v2\/product\/633260","targetHints":{"allow":["GET"]}}],"collection":[{"href":"https:\/\/aukinkochile.com\/web\/wp-json\/wp\/v2\/product"}],"about":[{"href":"https:\/\/aukinkochile.com\/web\/wp-json\/wp\/v2\/types\/product"}],"replies":[{"embeddable":true,"href":"https:\/\/aukinkochile.com\/web\/wp-json\/wp\/v2\/comments?post=633260"}],"wp:featuredmedia":[{"embeddable":true,"href":"https:\/\/aukinkochile.com\/web\/wp-json\/wp\/v2\/media\/633259"}],"wp:attachment":[{"href":"https:\/\/aukinkochile.com\/web\/wp-json\/wp\/v2\/media?parent=633260"}],"wp:term":[{"taxonomy":"product_brand","embeddable":true,"href":"https:\/\/aukinkochile.com\/web\/wp-json\/wp\/v2\/product_brand?post=633260"},{"taxonomy":"product_cat","embeddable":true,"href":"https:\/\/aukinkochile.com\/web\/wp-json\/wp\/v2\/product_cat?post=633260"},{"taxonomy":"product_tag","embeddable":true,"href":"https:\/\/aukinkochile.com\/web\/wp-json\/wp\/v2\/product_tag?post=633260"}],"curies":[{"name":"wp","href":"https:\/\/api.w.org\/{rel}","templated":true}]}}