{"id":633256,"date":"2025-11-26T21:56:38","date_gmt":"2025-11-26T21:56:38","guid":{"rendered":"https:\/\/aukinkochile.com\/web\/producto\/muneca-calin-capucine-30-cm\/"},"modified":"2025-11-26T21:59:08","modified_gmt":"2025-11-26T21:59:08","slug":"muneca-calin-capucine-30-cm","status":"publish","type":"product","link":"https:\/\/aukinkochile.com\/web\/producto\/muneca-calin-capucine-30-cm\/","title":{"rendered":"Mu\u00f1eca Calin Capucine 30 cm"},"content":{"rendered":"<p>Hermosa mu\u00f1eca de 30 cm fabricada por la maravillosa marca francesa Corolle. Con el tama\u00f1o perfecto para que los bracitos y manitas de un ni\u00f1o o ni\u00f1a lo puedan manejar. Su cuerpo flexible le permite tomar las mismas posiciones que un beb\u00e9 real. Su cara, brazos y piernas est\u00e1n hechos de vinilo suave al tacto con un delicado aroma a vainilla. Con sus ojos so\u00f1olientos, cierra los ojos al recostarlo boca arriba. Esta mu\u00f1eca es ideal para ni\u00f1os a partir de 18 meses. Lavable a mano. De excelente calidad y dise\u00f1o.<\/p>\n<p><p><strong>Material : <\/strong> Genero y Vinilo<\/p>\n<p><strong>C\u00f3digo Aukinko : <\/strong> 14-6100770<\/p>\n<p><strong>C\u00f3digo Convenio Marco : <\/strong> x<\/p>\n","protected":false},"excerpt":{"rendered":"<p>Hermosa mu\u00f1eca de 30 cm fabricada por la maravillosa marca francesa Corolle. Con el tama\u00f1o perfecto para que los bracitos y manitas de un ni\u00f1o o ni\u00f1a lo puedan manejar. Su cuerpo flexible le permite tomar las mismas posiciones que un beb\u00e9 real. Su cara, brazos y piernas est\u00e1n hechos de vinilo suave al tacto [&hellip;]<\/p>\n","protected":false},"featured_media":633255,"comment_status":"open","ping_status":"closed","template":"","meta":{"_et_pb_use_builder":"","_et_pb_old_content":"","_et_gb_content_width":""},"product_brand":[],"product_cat":[17,212],"product_tag":[],"class_list":{"0":"post-633256","1":"product","2":"type-product","3":"status-publish","4":"has-post-thumbnail","6":"product_cat-juegos-de-rol","7":"product_cat-munecos-y-figuras","8":"pa_edad-1-a-2-anos","9":"pa_edad-2-a-3-anos","10":"pa_edad-3-a-4-anos","11":"pa_marca-corolle","12":"pa_medidas-30-cm","14":"first","15":"instock","16":"shipping-taxable","17":"purchasable","18":"product-type-simple"},"aioseo_notices":[],"_links":{"self":[{"href":"https:\/\/aukinkochile.com\/web\/wp-json\/wp\/v2\/product\/633256","targetHints":{"allow":["GET"]}}],"collection":[{"href":"https:\/\/aukinkochile.com\/web\/wp-json\/wp\/v2\/product"}],"about":[{"href":"https:\/\/aukinkochile.com\/web\/wp-json\/wp\/v2\/types\/product"}],"replies":[{"embeddable":true,"href":"https:\/\/aukinkochile.com\/web\/wp-json\/wp\/v2\/comments?post=633256"}],"wp:featuredmedia":[{"embeddable":true,"href":"https:\/\/aukinkochile.com\/web\/wp-json\/wp\/v2\/media\/633255"}],"wp:attachment":[{"href":"https:\/\/aukinkochile.com\/web\/wp-json\/wp\/v2\/media?parent=633256"}],"wp:term":[{"taxonomy":"product_brand","embeddable":true,"href":"https:\/\/aukinkochile.com\/web\/wp-json\/wp\/v2\/product_brand?post=633256"},{"taxonomy":"product_cat","embeddable":true,"href":"https:\/\/aukinkochile.com\/web\/wp-json\/wp\/v2\/product_cat?post=633256"},{"taxonomy":"product_tag","embeddable":true,"href":"https:\/\/aukinkochile.com\/web\/wp-json\/wp\/v2\/product_tag?post=633256"}],"curies":[{"name":"wp","href":"https:\/\/api.w.org\/{rel}","templated":true}]}}