{"id":633236,"date":"2025-11-26T21:56:34","date_gmt":"2025-11-26T21:56:34","guid":{"rendered":"https:\/\/aukinkochile.com\/web\/producto\/palitroque-genero-granja\/"},"modified":"2025-11-26T21:59:07","modified_gmt":"2025-11-26T21:59:07","slug":"palitroque-genero-granja","status":"publish","type":"product","link":"https:\/\/aukinkochile.com\/web\/producto\/palitroque-genero-granja\/","title":{"rendered":"Palitroque Genero Granja"},"content":{"rendered":"<p>\u00a1Derr\u00edbalos todos de una sola vez! Estos cl\u00e1sicos bolos de mu\u00f1ecos de peluche inspirados en la granja mejoran su coordinaci\u00f3n entre la vista y las manos, as\u00ed como su manejo de la pelota.<\/p>\n<p><p><strong>Material : <\/strong> Poli\u00e9ster<\/p>\n<p><strong>C\u00f3digo Aukinko : <\/strong> 09-783159<\/p>\n<p><strong>C\u00f3digo Convenio Marco : <\/strong> x<\/p>\n","protected":false},"excerpt":{"rendered":"<p>\u00a1Derr\u00edbalos todos de una sola vez! Estos cl\u00e1sicos bolos de mu\u00f1ecos de peluche inspirados en la granja mejoran su coordinaci\u00f3n entre la vista y las manos, as\u00ed como su manejo de la pelota. Material : Poli\u00e9ster C\u00f3digo Aukinko : 09-783159 C\u00f3digo Convenio Marco : x<\/p>\n","protected":false},"featured_media":626839,"comment_status":"open","ping_status":"closed","template":"","meta":{"_et_pb_use_builder":"","_et_pb_old_content":"","_et_gb_content_width":""},"product_brand":[],"product_cat":[18,23],"product_tag":[],"class_list":{"0":"post-633236","1":"product","2":"type-product","3":"status-publish","4":"has-post-thumbnail","6":"product_cat-motricidad-gruesa","7":"product_cat-primeros-anos","8":"pa_edad-1-a-2-anos","9":"pa_edad-2-a-3-anos","10":"pa_marca-lilliputiens","11":"pa_medidas-45-x-15-x-10-cm","13":"first","14":"instock","15":"shipping-taxable","16":"purchasable","17":"product-type-simple"},"aioseo_notices":[],"_links":{"self":[{"href":"https:\/\/aukinkochile.com\/web\/wp-json\/wp\/v2\/product\/633236","targetHints":{"allow":["GET"]}}],"collection":[{"href":"https:\/\/aukinkochile.com\/web\/wp-json\/wp\/v2\/product"}],"about":[{"href":"https:\/\/aukinkochile.com\/web\/wp-json\/wp\/v2\/types\/product"}],"replies":[{"embeddable":true,"href":"https:\/\/aukinkochile.com\/web\/wp-json\/wp\/v2\/comments?post=633236"}],"wp:featuredmedia":[{"embeddable":true,"href":"https:\/\/aukinkochile.com\/web\/wp-json\/wp\/v2\/media\/626839"}],"wp:attachment":[{"href":"https:\/\/aukinkochile.com\/web\/wp-json\/wp\/v2\/media?parent=633236"}],"wp:term":[{"taxonomy":"product_brand","embeddable":true,"href":"https:\/\/aukinkochile.com\/web\/wp-json\/wp\/v2\/product_brand?post=633236"},{"taxonomy":"product_cat","embeddable":true,"href":"https:\/\/aukinkochile.com\/web\/wp-json\/wp\/v2\/product_cat?post=633236"},{"taxonomy":"product_tag","embeddable":true,"href":"https:\/\/aukinkochile.com\/web\/wp-json\/wp\/v2\/product_tag?post=633236"}],"curies":[{"name":"wp","href":"https:\/\/api.w.org\/{rel}","templated":true}]}}