{"id":633214,"date":"2025-11-26T21:56:29","date_gmt":"2025-11-26T21:56:29","guid":{"rendered":"https:\/\/aukinkochile.com\/web\/producto\/juego-bano-vasos-jules-3-pz\/"},"modified":"2025-11-26T21:59:07","modified_gmt":"2025-11-26T21:59:07","slug":"juego-bano-vasos-jules-3-pz","status":"publish","type":"product","link":"https:\/\/aukinkochile.com\/web\/producto\/juego-bano-vasos-jules-3-pz\/","title":{"rendered":"Juego Ba\u00f1o Vasos Jules 3 pz"},"content":{"rendered":"<p>Con este juego de 3 vasos de ba\u00f1o de neopreno, tanto peque\u00f1os como mayores se divertir\u00e1n chapoteando. \u00a1Es el juguete de ba\u00f1o perfecto para disfrutar de la ba\u00f1era o refrescarse en un d\u00eda caluroso! El perro Jules, con sus adorables asas en forma de orejas, la gata Jeanne y el erizo Le\u00f3n ofrecen diferentes chorros de agua. \u00a1Llena los vasos y vierte agua sin parar! Se secan f\u00e1cilmente y son apilables para guardarlos f\u00e1cilmente. Fabricado en material suave y resistente, de excelente calidad y dise\u00f1o.<\/p>\n<p><p><strong>Material : <\/strong> Neopreno<\/p>\n<p><strong>C\u00f3digo Aukinko : <\/strong> 09-783584<\/p>\n<p><strong>C\u00f3digo Convenio Marco : <\/strong> x<\/p>\n","protected":false},"excerpt":{"rendered":"<p>Con este juego de 3 vasos de ba\u00f1o de neopreno, tanto peque\u00f1os como mayores se divertir\u00e1n chapoteando. \u00a1Es el juguete de ba\u00f1o perfecto para disfrutar de la ba\u00f1era o refrescarse en un d\u00eda caluroso! El perro Jules, con sus adorables asas en forma de orejas, la gata Jeanne y el erizo Le\u00f3n ofrecen diferentes chorros [&hellip;]<\/p>\n","protected":false},"featured_media":633213,"comment_status":"open","ping_status":"closed","template":"","meta":{"_et_pb_use_builder":"","_et_pb_old_content":"","_et_gb_content_width":""},"product_brand":[],"product_cat":[23],"product_tag":[],"class_list":{"0":"post-633214","1":"product","2":"type-product","3":"status-publish","4":"has-post-thumbnail","6":"product_cat-primeros-anos","7":"pa_edad-0-a-1-ano","8":"pa_edad-1-a-2-anos","9":"pa_edad-2-a-3-anos","10":"pa_marca-lilliputiens","11":"pa_medidas-5-x-12-x-23-cm","12":"pa_medidas-4398","14":"first","15":"instock","16":"shipping-taxable","17":"purchasable","18":"product-type-simple"},"aioseo_notices":[],"_links":{"self":[{"href":"https:\/\/aukinkochile.com\/web\/wp-json\/wp\/v2\/product\/633214","targetHints":{"allow":["GET"]}}],"collection":[{"href":"https:\/\/aukinkochile.com\/web\/wp-json\/wp\/v2\/product"}],"about":[{"href":"https:\/\/aukinkochile.com\/web\/wp-json\/wp\/v2\/types\/product"}],"replies":[{"embeddable":true,"href":"https:\/\/aukinkochile.com\/web\/wp-json\/wp\/v2\/comments?post=633214"}],"wp:featuredmedia":[{"embeddable":true,"href":"https:\/\/aukinkochile.com\/web\/wp-json\/wp\/v2\/media\/633213"}],"wp:attachment":[{"href":"https:\/\/aukinkochile.com\/web\/wp-json\/wp\/v2\/media?parent=633214"}],"wp:term":[{"taxonomy":"product_brand","embeddable":true,"href":"https:\/\/aukinkochile.com\/web\/wp-json\/wp\/v2\/product_brand?post=633214"},{"taxonomy":"product_cat","embeddable":true,"href":"https:\/\/aukinkochile.com\/web\/wp-json\/wp\/v2\/product_cat?post=633214"},{"taxonomy":"product_tag","embeddable":true,"href":"https:\/\/aukinkochile.com\/web\/wp-json\/wp\/v2\/product_tag?post=633214"}],"curies":[{"name":"wp","href":"https:\/\/api.w.org\/{rel}","templated":true}]}}