{"id":633178,"date":"2025-11-26T21:56:22","date_gmt":"2025-11-26T21:56:22","guid":{"rendered":"https:\/\/aukinkochile.com\/web\/producto\/sonajero-balanceo-stella\/"},"modified":"2025-11-26T21:59:06","modified_gmt":"2025-11-26T21:59:06","slug":"sonajero-balanceo-stella","status":"publish","type":"product","link":"https:\/\/aukinkochile.com\/web\/producto\/sonajero-balanceo-stella\/","title":{"rendered":"Sonajero Balanceo Stella"},"content":{"rendered":"<p>Este sonajero se mueve alegremente en todas las direcciones al menor empuj\u00f3n. Gracias a la ventosa, se mantendr\u00e1 perfectamente erguido y podr\u00e1s colocarlo en cualquier lugar. Dise\u00f1ado para estimular los sentidos de los m\u00e1s peque\u00f1os de una forma muy entretenida. Fabricado en material suave y resistente, de excelente calidad y dise\u00f1o.<\/p>\n<p><p><strong>Material : <\/strong> Poli\u00e9ster y Madera<\/p>\n<p><strong>C\u00f3digo Aukinko : <\/strong> 09-783403<\/p>\n<p><strong>C\u00f3digo Convenio Marco : <\/strong> x<\/p>\n","protected":false},"excerpt":{"rendered":"<p>Este sonajero se mueve alegremente en todas las direcciones al menor empuj\u00f3n. Gracias a la ventosa, se mantendr\u00e1 perfectamente erguido y podr\u00e1s colocarlo en cualquier lugar. Dise\u00f1ado para estimular los sentidos de los m\u00e1s peque\u00f1os de una forma muy entretenida. Fabricado en material suave y resistente, de excelente calidad y dise\u00f1o. Material : Poli\u00e9ster y [&hellip;]<\/p>\n","protected":false},"featured_media":633177,"comment_status":"open","ping_status":"closed","template":"","meta":{"_et_pb_use_builder":"","_et_pb_old_content":"","_et_gb_content_width":""},"product_brand":[],"product_cat":[23],"product_tag":[],"class_list":{"0":"post-633178","1":"product","2":"type-product","3":"status-publish","4":"has-post-thumbnail","6":"product_cat-primeros-anos","7":"pa_edad-0-a-1-ano","8":"pa_edad-1-a-2-anos","9":"pa_edad-2-a-3-anos","10":"pa_marca-lilliputiens","11":"pa_medidas-12-x-8-x-15-cm","13":"first","14":"instock","15":"shipping-taxable","16":"purchasable","17":"product-type-simple"},"aioseo_notices":[],"_links":{"self":[{"href":"https:\/\/aukinkochile.com\/web\/wp-json\/wp\/v2\/product\/633178","targetHints":{"allow":["GET"]}}],"collection":[{"href":"https:\/\/aukinkochile.com\/web\/wp-json\/wp\/v2\/product"}],"about":[{"href":"https:\/\/aukinkochile.com\/web\/wp-json\/wp\/v2\/types\/product"}],"replies":[{"embeddable":true,"href":"https:\/\/aukinkochile.com\/web\/wp-json\/wp\/v2\/comments?post=633178"}],"wp:featuredmedia":[{"embeddable":true,"href":"https:\/\/aukinkochile.com\/web\/wp-json\/wp\/v2\/media\/633177"}],"wp:attachment":[{"href":"https:\/\/aukinkochile.com\/web\/wp-json\/wp\/v2\/media?parent=633178"}],"wp:term":[{"taxonomy":"product_brand","embeddable":true,"href":"https:\/\/aukinkochile.com\/web\/wp-json\/wp\/v2\/product_brand?post=633178"},{"taxonomy":"product_cat","embeddable":true,"href":"https:\/\/aukinkochile.com\/web\/wp-json\/wp\/v2\/product_cat?post=633178"},{"taxonomy":"product_tag","embeddable":true,"href":"https:\/\/aukinkochile.com\/web\/wp-json\/wp\/v2\/product_tag?post=633178"}],"curies":[{"name":"wp","href":"https:\/\/api.w.org\/{rel}","templated":true}]}}