{"id":633148,"date":"2025-11-26T21:56:15","date_gmt":"2025-11-26T21:56:15","guid":{"rendered":"https:\/\/aukinkochile.com\/web\/producto\/sonajero-mini-orchestra-4-pz\/"},"modified":"2025-11-26T21:58:57","modified_gmt":"2025-11-26T21:58:57","slug":"sonajero-mini-orchestra-4-pz","status":"publish","type":"product","link":"https:\/\/aukinkochile.com\/web\/producto\/sonajero-mini-orchestra-4-pz\/","title":{"rendered":"Sonajero Mini Orchestra 4 pz"},"content":{"rendered":"<p>Conjunto de 4 instrumentos musicales perfectos para la introducci\u00f3n al ritmo. Dise\u00f1ados para ser seguros para los m\u00e1s peque\u00f1os. 4 fascinantes instrumentos musicales que estimulan el descubrimiento de sonidos. Todos con mangos texturizados para facilitar el agarre. Los instrumentos son ideales para acercar a los ni\u00f1os y ni\u00f1as a la m\u00fasica y as\u00ed desarrollar sus sensibilidad y creatividad. Fabricado en pl\u00e1stico, de material suave y resistente y colores vivos.<\/p>\n<p><p><strong>Material : <\/strong> Pl\u00e1stico<\/p>\n<p><strong>C\u00f3digo Aukinko : <\/strong> 12-666000<\/p>\n<p><strong>C\u00f3digo Convenio Marco : <\/strong> x<\/p>\n","protected":false},"excerpt":{"rendered":"<p>Conjunto de 4 instrumentos musicales perfectos para la introducci\u00f3n al ritmo. Dise\u00f1ados para ser seguros para los m\u00e1s peque\u00f1os. 4 fascinantes instrumentos musicales que estimulan el descubrimiento de sonidos. Todos con mangos texturizados para facilitar el agarre. Los instrumentos son ideales para acercar a los ni\u00f1os y ni\u00f1as a la m\u00fasica y as\u00ed desarrollar sus [&hellip;]<\/p>\n","protected":false},"featured_media":627461,"comment_status":"open","ping_status":"closed","template":"","meta":{"_et_pb_use_builder":"","_et_pb_old_content":"","_et_gb_content_width":""},"product_brand":[],"product_cat":[91,392,23],"product_tag":[],"class_list":{"0":"post-633148","1":"product","2":"type-product","3":"status-publish","4":"has-post-thumbnail","6":"product_cat-accesorios-sala","7":"product_cat-musica","8":"product_cat-primeros-anos","9":"pa_edad-0-a-1-ano","10":"pa_edad-1-a-2-anos","11":"pa_edad-2-a-3-anos","12":"pa_edad-3-a-4-anos","13":"pa_marca-halilit","14":"pa_medidas-26-x-6-x-24-cm-caja","16":"first","17":"instock","18":"shipping-taxable","19":"purchasable","20":"product-type-simple"},"aioseo_notices":[],"_links":{"self":[{"href":"https:\/\/aukinkochile.com\/web\/wp-json\/wp\/v2\/product\/633148","targetHints":{"allow":["GET"]}}],"collection":[{"href":"https:\/\/aukinkochile.com\/web\/wp-json\/wp\/v2\/product"}],"about":[{"href":"https:\/\/aukinkochile.com\/web\/wp-json\/wp\/v2\/types\/product"}],"replies":[{"embeddable":true,"href":"https:\/\/aukinkochile.com\/web\/wp-json\/wp\/v2\/comments?post=633148"}],"wp:featuredmedia":[{"embeddable":true,"href":"https:\/\/aukinkochile.com\/web\/wp-json\/wp\/v2\/media\/627461"}],"wp:attachment":[{"href":"https:\/\/aukinkochile.com\/web\/wp-json\/wp\/v2\/media?parent=633148"}],"wp:term":[{"taxonomy":"product_brand","embeddable":true,"href":"https:\/\/aukinkochile.com\/web\/wp-json\/wp\/v2\/product_brand?post=633148"},{"taxonomy":"product_cat","embeddable":true,"href":"https:\/\/aukinkochile.com\/web\/wp-json\/wp\/v2\/product_cat?post=633148"},{"taxonomy":"product_tag","embeddable":true,"href":"https:\/\/aukinkochile.com\/web\/wp-json\/wp\/v2\/product_tag?post=633148"}],"curies":[{"name":"wp","href":"https:\/\/api.w.org\/{rel}","templated":true}]}}