{"id":633143,"date":"2025-11-26T21:56:13","date_gmt":"2025-11-26T21:56:13","guid":{"rendered":"https:\/\/aukinkochile.com\/web\/producto\/instrumento-maracas\/"},"modified":"2025-11-26T21:58:57","modified_gmt":"2025-11-26T21:58:57","slug":"instrumento-maracas","status":"publish","type":"product","link":"https:\/\/aukinkochile.com\/web\/producto\/instrumento-maracas\/","title":{"rendered":"Instrumento Maracas"},"content":{"rendered":"<p>Divertidas maracas de colores vivos y material resistente para empezar a experimentar con la m\u00fasica desde la primera infancia. Esta hermosa marca desarrolla instrumentos para que los ni\u00f1os y ni\u00f1as se comiencen a acercar a la m\u00fasica de una forma divertida y natural mientras a la vez desarrollan el sentido del ritmo. Estas maracas vienen en una preciosa caja de presentaci\u00f3n, son f\u00e1ciles de agarrar y del tama\u00f1o perfecto para las manos de los ni\u00f1os. Colores surtidos. Precio por caja.<\/p>\n<p><p><strong>Material : <\/strong> Pl\u00e1stico<\/p>\n<p><strong>C\u00f3digo Aukinko : <\/strong> 12-636900<\/p>\n<p><strong>C\u00f3digo Convenio Marco : <\/strong> x<\/p>\n","protected":false},"excerpt":{"rendered":"<p>Divertidas maracas de colores vivos y material resistente para empezar a experimentar con la m\u00fasica desde la primera infancia. Esta hermosa marca desarrolla instrumentos para que los ni\u00f1os y ni\u00f1as se comiencen a acercar a la m\u00fasica de una forma divertida y natural mientras a la vez desarrollan el sentido del ritmo. Estas maracas vienen [&hellip;]<\/p>\n","protected":false},"featured_media":627420,"comment_status":"open","ping_status":"closed","template":"","meta":{"_et_pb_use_builder":"","_et_pb_old_content":"","_et_gb_content_width":""},"product_brand":[],"product_cat":[91,7385,392],"product_tag":[],"class_list":{"0":"post-633143","1":"product","2":"type-product","3":"status-publish","4":"has-post-thumbnail","6":"product_cat-accesorios-sala","7":"product_cat-estimulacion-cognitiva-y-motora-para-adultos-mayores","8":"product_cat-musica","9":"pa_edad-2-a-3-anos","10":"pa_edad-3-a-4-anos","11":"pa_edad-4-a-5-anos","12":"pa_edad-5-a-6-anos","13":"pa_edad-6-a-8-anos","14":"pa_edad-8-a-10-anos","15":"pa_marca-halilit","16":"pa_medidas-4481","17":"pa_medidas-5-x-7-x-16-cm","19":"first","20":"instock","21":"shipping-taxable","22":"purchasable","23":"product-type-simple"},"aioseo_notices":[],"_links":{"self":[{"href":"https:\/\/aukinkochile.com\/web\/wp-json\/wp\/v2\/product\/633143","targetHints":{"allow":["GET"]}}],"collection":[{"href":"https:\/\/aukinkochile.com\/web\/wp-json\/wp\/v2\/product"}],"about":[{"href":"https:\/\/aukinkochile.com\/web\/wp-json\/wp\/v2\/types\/product"}],"replies":[{"embeddable":true,"href":"https:\/\/aukinkochile.com\/web\/wp-json\/wp\/v2\/comments?post=633143"}],"wp:featuredmedia":[{"embeddable":true,"href":"https:\/\/aukinkochile.com\/web\/wp-json\/wp\/v2\/media\/627420"}],"wp:attachment":[{"href":"https:\/\/aukinkochile.com\/web\/wp-json\/wp\/v2\/media?parent=633143"}],"wp:term":[{"taxonomy":"product_brand","embeddable":true,"href":"https:\/\/aukinkochile.com\/web\/wp-json\/wp\/v2\/product_brand?post=633143"},{"taxonomy":"product_cat","embeddable":true,"href":"https:\/\/aukinkochile.com\/web\/wp-json\/wp\/v2\/product_cat?post=633143"},{"taxonomy":"product_tag","embeddable":true,"href":"https:\/\/aukinkochile.com\/web\/wp-json\/wp\/v2\/product_tag?post=633143"}],"curies":[{"name":"wp","href":"https:\/\/api.w.org\/{rel}","templated":true}]}}