{"id":633141,"date":"2025-11-26T21:56:13","date_gmt":"2025-11-26T21:56:13","guid":{"rendered":"https:\/\/aukinkochile.com\/web\/producto\/sonajero-mini-cage-bell-c-u\/"},"modified":"2025-11-26T21:58:57","modified_gmt":"2025-11-26T21:58:57","slug":"sonajero-mini-cage-bell-c-u","status":"publish","type":"product","link":"https:\/\/aukinkochile.com\/web\/producto\/sonajero-mini-cage-bell-c-u\/","title":{"rendered":"Sonajero Mini Cage Bell c\/u"},"content":{"rendered":"<p>Precioso sonajero cascabel. Liviano y f\u00e1cil de agarrar para las manos peque\u00f1as. Con lindo sonido. Los instrumentos son ideales para acercar a los ni\u00f1os y ni\u00f1as a la m\u00fasica y as\u00ed desarrollar sus sensibilidad y creatividad. Fabricado en pl\u00e1stico, de material suave y resistente y colores vivos. Colores surtidos. Precio por unidad.<\/p>\n<p><p><strong>Material : <\/strong> Pl\u00e1stico<\/p>\n<p><strong>C\u00f3digo Aukinko : <\/strong> 12-634500<\/p>\n<p><strong>C\u00f3digo Convenio Marco : <\/strong> x<\/p>\n","protected":false},"excerpt":{"rendered":"<p>Precioso sonajero cascabel. Liviano y f\u00e1cil de agarrar para las manos peque\u00f1as. Con lindo sonido. Los instrumentos son ideales para acercar a los ni\u00f1os y ni\u00f1as a la m\u00fasica y as\u00ed desarrollar sus sensibilidad y creatividad. Fabricado en pl\u00e1stico, de material suave y resistente y colores vivos. Colores surtidos. Precio por unidad. Material : Pl\u00e1stico [&hellip;]<\/p>\n","protected":false},"featured_media":627447,"comment_status":"open","ping_status":"closed","template":"","meta":{"_et_pb_use_builder":"","_et_pb_old_content":"","_et_gb_content_width":""},"product_brand":[],"product_cat":[91,392,23],"product_tag":[],"class_list":{"0":"post-633141","1":"product","2":"type-product","3":"status-publish","4":"has-post-thumbnail","6":"product_cat-accesorios-sala","7":"product_cat-musica","8":"product_cat-primeros-anos","9":"pa_edad-0-a-1-ano","10":"pa_edad-1-a-2-anos","11":"pa_edad-2-a-3-anos","12":"pa_edad-3-a-4-anos","13":"pa_edad-4-a-5-anos","14":"pa_marca-halilit","15":"pa_medidas-10-x-6-cm-diametro","17":"first","18":"instock","19":"shipping-taxable","20":"purchasable","21":"product-type-simple"},"aioseo_notices":[],"_links":{"self":[{"href":"https:\/\/aukinkochile.com\/web\/wp-json\/wp\/v2\/product\/633141","targetHints":{"allow":["GET"]}}],"collection":[{"href":"https:\/\/aukinkochile.com\/web\/wp-json\/wp\/v2\/product"}],"about":[{"href":"https:\/\/aukinkochile.com\/web\/wp-json\/wp\/v2\/types\/product"}],"replies":[{"embeddable":true,"href":"https:\/\/aukinkochile.com\/web\/wp-json\/wp\/v2\/comments?post=633141"}],"wp:featuredmedia":[{"embeddable":true,"href":"https:\/\/aukinkochile.com\/web\/wp-json\/wp\/v2\/media\/627447"}],"wp:attachment":[{"href":"https:\/\/aukinkochile.com\/web\/wp-json\/wp\/v2\/media?parent=633141"}],"wp:term":[{"taxonomy":"product_brand","embeddable":true,"href":"https:\/\/aukinkochile.com\/web\/wp-json\/wp\/v2\/product_brand?post=633141"},{"taxonomy":"product_cat","embeddable":true,"href":"https:\/\/aukinkochile.com\/web\/wp-json\/wp\/v2\/product_cat?post=633141"},{"taxonomy":"product_tag","embeddable":true,"href":"https:\/\/aukinkochile.com\/web\/wp-json\/wp\/v2\/product_tag?post=633141"}],"curies":[{"name":"wp","href":"https:\/\/api.w.org\/{rel}","templated":true}]}}