{"id":633137,"date":"2025-11-26T21:56:12","date_gmt":"2025-11-26T21:56:12","guid":{"rendered":"https:\/\/aukinkochile.com\/web\/producto\/clavas-madera\/"},"modified":"2025-11-26T21:58:56","modified_gmt":"2025-11-26T21:58:56","slug":"clavas-madera","status":"publish","type":"product","link":"https:\/\/aukinkochile.com\/web\/producto\/clavas-madera\/","title":{"rendered":"Clavas Madera"},"content":{"rendered":"<p>Un cl\u00e1sico instrumento de madera para estimular el desarrollo del ritmo de una forma entretenida. Incluye dos clavas de madera de f\u00e1cil agarre para las manos de los m\u00e1s peque\u00f1os. Los instrumentos ofrecen m\u00faltiples beneficios para el desarrollo de los ni\u00f1os y ni\u00f1as peque\u00f1as a trav\u00e9s de la exploraci\u00f3n musical. Impulsa las habilidades cognitivas y potencia la creatividad fomentando la autoexpresi\u00f3n, a la vez que apoya el desarrollo del lenguaje y el bienestar emocional. Fabricado en material suave y resistente.<\/p>\n<p><p><strong>Material : <\/strong> Madera<\/p>\n<p><strong>C\u00f3digo Aukinko : <\/strong> 12-600317<\/p>\n<p><strong>C\u00f3digo Convenio Marco : <\/strong> x<\/p>\n","protected":false},"excerpt":{"rendered":"<p>Un cl\u00e1sico instrumento de madera para estimular el desarrollo del ritmo de una forma entretenida. Incluye dos clavas de madera de f\u00e1cil agarre para las manos de los m\u00e1s peque\u00f1os. Los instrumentos ofrecen m\u00faltiples beneficios para el desarrollo de los ni\u00f1os y ni\u00f1as peque\u00f1as a trav\u00e9s de la exploraci\u00f3n musical. Impulsa las habilidades cognitivas y [&hellip;]<\/p>\n","protected":false},"featured_media":633136,"comment_status":"open","ping_status":"closed","template":"","meta":{"_et_pb_use_builder":"","_et_pb_old_content":"","_et_gb_content_width":""},"product_brand":[],"product_cat":[91,392],"product_tag":[],"class_list":{"0":"post-633137","1":"product","2":"type-product","3":"status-publish","4":"has-post-thumbnail","6":"product_cat-accesorios-sala","7":"product_cat-musica","8":"pa_edad-10-anos","9":"pa_edad-3-a-4-anos","10":"pa_edad-4-a-5-anos","11":"pa_edad-5-a-6-anos","12":"pa_edad-6-a-8-anos","13":"pa_edad-8-a-10-anos","14":"pa_marca-halilit","16":"first","17":"instock","18":"shipping-taxable","19":"purchasable","20":"product-type-simple"},"aioseo_notices":[],"_links":{"self":[{"href":"https:\/\/aukinkochile.com\/web\/wp-json\/wp\/v2\/product\/633137","targetHints":{"allow":["GET"]}}],"collection":[{"href":"https:\/\/aukinkochile.com\/web\/wp-json\/wp\/v2\/product"}],"about":[{"href":"https:\/\/aukinkochile.com\/web\/wp-json\/wp\/v2\/types\/product"}],"replies":[{"embeddable":true,"href":"https:\/\/aukinkochile.com\/web\/wp-json\/wp\/v2\/comments?post=633137"}],"wp:featuredmedia":[{"embeddable":true,"href":"https:\/\/aukinkochile.com\/web\/wp-json\/wp\/v2\/media\/633136"}],"wp:attachment":[{"href":"https:\/\/aukinkochile.com\/web\/wp-json\/wp\/v2\/media?parent=633137"}],"wp:term":[{"taxonomy":"product_brand","embeddable":true,"href":"https:\/\/aukinkochile.com\/web\/wp-json\/wp\/v2\/product_brand?post=633137"},{"taxonomy":"product_cat","embeddable":true,"href":"https:\/\/aukinkochile.com\/web\/wp-json\/wp\/v2\/product_cat?post=633137"},{"taxonomy":"product_tag","embeddable":true,"href":"https:\/\/aukinkochile.com\/web\/wp-json\/wp\/v2\/product_tag?post=633137"}],"curies":[{"name":"wp","href":"https:\/\/api.w.org\/{rel}","templated":true}]}}