{"id":633069,"date":"2025-11-06T19:43:01","date_gmt":"2025-11-06T19:43:01","guid":{"rendered":"https:\/\/aukinkochile.com\/web\/producto\/colibri-gallina-madera\/"},"modified":"2025-11-06T20:08:29","modified_gmt":"2025-11-06T20:08:29","slug":"colibri-gallina-madera","status":"publish","type":"product","link":"https:\/\/aukinkochile.com\/web\/producto\/colibri-gallina-madera\/","title":{"rendered":"Colibr\u00ed Gallina Madera"},"content":{"rendered":"<p>Hermoso arrastre de madera para llevar a todas partes. Esta simp\u00e1tica gallina mueve sus alas hacia arriba y hacia abajo al avanzar haci\u00e9ndola a\u00fan m\u00e1s atractivo y amigable. Fabricado en madera es ideal para ni\u00f1os y ni\u00f1as peque\u00f1as cuando comienzan a caminar. Fabricado en material suave y resistente con colores suaves.<\/p>\n<p><p><strong>Material : <\/strong> Madera<\/p>\n<p><strong>C\u00f3digo Aukinko : <\/strong> 18-250964<\/p>\n<p><strong>C\u00f3digo Convenio Marco : <\/strong> x<\/p>\n","protected":false},"excerpt":{"rendered":"<p>Hermoso arrastre de madera para llevar a todas partes. Esta simp\u00e1tica gallina mueve sus alas hacia arriba y hacia abajo al avanzar haci\u00e9ndola a\u00fan m\u00e1s atractivo y amigable. Fabricado en madera es ideal para ni\u00f1os y ni\u00f1as peque\u00f1as cuando comienzan a caminar. Fabricado en material suave y resistente con colores suaves. Material : Madera C\u00f3digo [&hellip;]<\/p>\n","protected":false},"featured_media":625043,"comment_status":"open","ping_status":"closed","template":"","meta":{"_et_pb_use_builder":"","_et_pb_old_content":"","_et_gb_content_width":""},"product_brand":[],"product_cat":[91,18],"product_tag":[],"class_list":{"0":"post-633069","1":"product","2":"type-product","3":"status-publish","4":"has-post-thumbnail","6":"product_cat-accesorios-sala","7":"product_cat-motricidad-gruesa","8":"pa_edad-1-a-2-anos","9":"pa_edad-2-a-3-anos","10":"pa_marca-viga","11":"pa_medidas-6596","12":"pa_medidas-5-x-18-cm","13":"pa_medidas-5-x-8","15":"first","16":"instock","17":"shipping-taxable","18":"purchasable","19":"product-type-simple"},"aioseo_notices":[],"_links":{"self":[{"href":"https:\/\/aukinkochile.com\/web\/wp-json\/wp\/v2\/product\/633069","targetHints":{"allow":["GET"]}}],"collection":[{"href":"https:\/\/aukinkochile.com\/web\/wp-json\/wp\/v2\/product"}],"about":[{"href":"https:\/\/aukinkochile.com\/web\/wp-json\/wp\/v2\/types\/product"}],"replies":[{"embeddable":true,"href":"https:\/\/aukinkochile.com\/web\/wp-json\/wp\/v2\/comments?post=633069"}],"wp:featuredmedia":[{"embeddable":true,"href":"https:\/\/aukinkochile.com\/web\/wp-json\/wp\/v2\/media\/625043"}],"wp:attachment":[{"href":"https:\/\/aukinkochile.com\/web\/wp-json\/wp\/v2\/media?parent=633069"}],"wp:term":[{"taxonomy":"product_brand","embeddable":true,"href":"https:\/\/aukinkochile.com\/web\/wp-json\/wp\/v2\/product_brand?post=633069"},{"taxonomy":"product_cat","embeddable":true,"href":"https:\/\/aukinkochile.com\/web\/wp-json\/wp\/v2\/product_cat?post=633069"},{"taxonomy":"product_tag","embeddable":true,"href":"https:\/\/aukinkochile.com\/web\/wp-json\/wp\/v2\/product_tag?post=633069"}],"curies":[{"name":"wp","href":"https:\/\/api.w.org\/{rel}","templated":true}]}}