{"id":633056,"date":"2025-11-06T19:42:20","date_gmt":"2025-11-06T19:42:20","guid":{"rendered":"https:\/\/aukinkochile.com\/web\/producto\/juego-pared-madera-trazar-patrones\/"},"modified":"2025-11-06T20:06:53","modified_gmt":"2025-11-06T20:06:53","slug":"juego-pared-madera-trazar-patrones","status":"publish","type":"product","link":"https:\/\/aukinkochile.com\/web\/producto\/juego-pared-madera-trazar-patrones\/","title":{"rendered":"Juego Pared Madera Trazar Patrones"},"content":{"rendered":"<p>Divertido juego de pared dise\u00f1ado para estimular el desarrollo cognitivo de los m\u00e1s peque\u00f1os de una forma muy entretenida. Este juego de trazado de patrones acompa\u00f1a el desarrollo de la motricidad. El juego incluye 4 trazados diferentes con una pieza grande colorida para f\u00e1cil agarre de las manos peque\u00f1as en cada uno de ellos. Fabricado en material suave y resistente con colores vivos.<\/p>\n<p><p><strong>Material : <\/strong> Madera FSC<\/p>\n<p><strong>C\u00f3digo Aukinko : <\/strong> 18-244807<\/p>\n<p><strong>C\u00f3digo Convenio Marco : <\/strong> x<\/p>\n","protected":false},"excerpt":{"rendered":"<p>Divertido juego de pared dise\u00f1ado para estimular el desarrollo cognitivo de los m\u00e1s peque\u00f1os de una forma muy entretenida. Este juego de trazado de patrones acompa\u00f1a el desarrollo de la motricidad. El juego incluye 4 trazados diferentes con una pieza grande colorida para f\u00e1cil agarre de las manos peque\u00f1as en cada uno de ellos. Fabricado [&hellip;]<\/p>\n","protected":false},"featured_media":633055,"comment_status":"open","ping_status":"closed","template":"","meta":{"_et_pb_use_builder":"","_et_pb_old_content":"","_et_gb_content_width":""},"product_brand":[],"product_cat":[91,20],"product_tag":[],"class_list":{"0":"post-633056","1":"product","2":"type-product","3":"status-publish","4":"has-post-thumbnail","6":"product_cat-accesorios-sala","7":"product_cat-motricidad-fina","8":"pa_edad-3-a-4-anos","9":"pa_edad-4-a-5-anos","10":"pa_edad-5-a-6-anos","11":"pa_edad-6-a-8-anos","12":"pa_marca-viga","13":"pa_medidas-40-x-40-x-1","14":"pa_medidas-5-cm","16":"first","17":"instock","18":"shipping-taxable","19":"purchasable","20":"product-type-simple"},"aioseo_notices":[],"_links":{"self":[{"href":"https:\/\/aukinkochile.com\/web\/wp-json\/wp\/v2\/product\/633056","targetHints":{"allow":["GET"]}}],"collection":[{"href":"https:\/\/aukinkochile.com\/web\/wp-json\/wp\/v2\/product"}],"about":[{"href":"https:\/\/aukinkochile.com\/web\/wp-json\/wp\/v2\/types\/product"}],"replies":[{"embeddable":true,"href":"https:\/\/aukinkochile.com\/web\/wp-json\/wp\/v2\/comments?post=633056"}],"wp:featuredmedia":[{"embeddable":true,"href":"https:\/\/aukinkochile.com\/web\/wp-json\/wp\/v2\/media\/633055"}],"wp:attachment":[{"href":"https:\/\/aukinkochile.com\/web\/wp-json\/wp\/v2\/media?parent=633056"}],"wp:term":[{"taxonomy":"product_brand","embeddable":true,"href":"https:\/\/aukinkochile.com\/web\/wp-json\/wp\/v2\/product_brand?post=633056"},{"taxonomy":"product_cat","embeddable":true,"href":"https:\/\/aukinkochile.com\/web\/wp-json\/wp\/v2\/product_cat?post=633056"},{"taxonomy":"product_tag","embeddable":true,"href":"https:\/\/aukinkochile.com\/web\/wp-json\/wp\/v2\/product_tag?post=633056"}],"curies":[{"name":"wp","href":"https:\/\/api.w.org\/{rel}","templated":true}]}}