{"id":633040,"date":"2025-11-06T18:47:26","date_gmt":"2025-11-06T18:47:26","guid":{"rendered":"https:\/\/aukinkochile.com\/web\/producto\/centro-cocina-modulo\/"},"modified":"2025-11-06T18:47:31","modified_gmt":"2025-11-06T18:47:31","slug":"centro-cocina-modulo","status":"publish","type":"product","link":"https:\/\/aukinkochile.com\/web\/producto\/centro-cocina-modulo\/","title":{"rendered":"Centro Cocina Modulo"},"content":{"rendered":"<p>Hermosa cocina de madera para pasar horas de diversi\u00f3n. Incluye una gran variedad de juegos relacionados a las tareas del hogar que estimulan a los m\u00e1s peque\u00f1os a participar de juegos de imitaci\u00f3n. Los juegos de rol son ideales para el desarrollo de las habilidades sociales de ni\u00f1os y ni\u00f1as. Incluye 30 accesorios de limpieza para el juego. Fabricado en material suave y resistente con colores suaves.<\/p>\n<p><p><strong>Material : <\/strong> Madera<\/p>\n<p><strong>C\u00f3digo Aukinko : <\/strong> 18-244756<\/p>\n<p><strong>C\u00f3digo Convenio Marco : <\/strong> x<\/p>\n","protected":false},"excerpt":{"rendered":"<p>Hermosa cocina de madera para pasar horas de diversi\u00f3n. Incluye una gran variedad de juegos relacionados a las tareas del hogar que estimulan a los m\u00e1s peque\u00f1os a participar de juegos de imitaci\u00f3n. Los juegos de rol son ideales para el desarrollo de las habilidades sociales de ni\u00f1os y ni\u00f1as. Incluye 30 accesorios de limpieza [&hellip;]<\/p>\n","protected":false},"featured_media":633039,"comment_status":"open","ping_status":"closed","template":"","meta":{"_et_pb_use_builder":"","_et_pb_old_content":"","_et_gb_content_width":""},"product_brand":[],"product_cat":[17],"product_tag":[],"class_list":{"0":"post-633040","1":"product","2":"type-product","3":"status-publish","4":"has-post-thumbnail","6":"product_cat-juegos-de-rol","7":"pa_edad-2-a-3-anos","8":"pa_edad-3-a-4-anos","9":"pa_edad-4-a-5-anos","10":"pa_edad-5-a-6-anos","11":"pa_marca-viga","12":"pa_medidas-80-x-56-x-60-cm","14":"first","15":"instock","16":"shipping-taxable","17":"purchasable","18":"product-type-simple"},"aioseo_notices":[],"_links":{"self":[{"href":"https:\/\/aukinkochile.com\/web\/wp-json\/wp\/v2\/product\/633040","targetHints":{"allow":["GET"]}}],"collection":[{"href":"https:\/\/aukinkochile.com\/web\/wp-json\/wp\/v2\/product"}],"about":[{"href":"https:\/\/aukinkochile.com\/web\/wp-json\/wp\/v2\/types\/product"}],"replies":[{"embeddable":true,"href":"https:\/\/aukinkochile.com\/web\/wp-json\/wp\/v2\/comments?post=633040"}],"wp:featuredmedia":[{"embeddable":true,"href":"https:\/\/aukinkochile.com\/web\/wp-json\/wp\/v2\/media\/633039"}],"wp:attachment":[{"href":"https:\/\/aukinkochile.com\/web\/wp-json\/wp\/v2\/media?parent=633040"}],"wp:term":[{"taxonomy":"product_brand","embeddable":true,"href":"https:\/\/aukinkochile.com\/web\/wp-json\/wp\/v2\/product_brand?post=633040"},{"taxonomy":"product_cat","embeddable":true,"href":"https:\/\/aukinkochile.com\/web\/wp-json\/wp\/v2\/product_cat?post=633040"},{"taxonomy":"product_tag","embeddable":true,"href":"https:\/\/aukinkochile.com\/web\/wp-json\/wp\/v2\/product_tag?post=633040"}],"curies":[{"name":"wp","href":"https:\/\/api.w.org\/{rel}","templated":true}]}}