{"id":633031,"date":"2025-11-06T18:46:57","date_gmt":"2025-11-06T18:46:57","guid":{"rendered":"https:\/\/aukinkochile.com\/web\/producto\/juego-cortar-panes\/"},"modified":"2025-11-06T19:00:04","modified_gmt":"2025-11-06T19:00:04","slug":"juego-cortar-panes","status":"publish","type":"product","link":"https:\/\/aukinkochile.com\/web\/producto\/juego-cortar-panes\/","title":{"rendered":"Juego Cortar Panes"},"content":{"rendered":"<p>Con este divertido juego de cortar panes y pasteles los ni\u00f1os y ni\u00f1as pasar\u00e1n horas de diversi\u00f3n. Un juego muy entretenido que incluye 6 pasteles para cortar con velcro que los une. Contiene 5 pasteles de dos piezas cada uno y un pan de 3 piezas, cuchillo de madera sin filo y tabla de madera. Ideal para el desarrollo de las habilidades motoras finas y la autonom\u00eda de los m\u00e1s peque\u00f1os. Fabricado en material suave y resistente.<\/p>\n<p><p><strong>Material : <\/strong> Madera<\/p>\n<p><strong>C\u00f3digo Aukinko : <\/strong> 18-244297<\/p>\n<p><strong>C\u00f3digo Convenio Marco : <\/strong> x<\/p>\n","protected":false},"excerpt":{"rendered":"<p>Con este divertido juego de cortar panes y pasteles los ni\u00f1os y ni\u00f1as pasar\u00e1n horas de diversi\u00f3n. Un juego muy entretenido que incluye 6 pasteles para cortar con velcro que los une. Contiene 5 pasteles de dos piezas cada uno y un pan de 3 piezas, cuchillo de madera sin filo y tabla de madera. [&hellip;]<\/p>\n","protected":false},"featured_media":633030,"comment_status":"open","ping_status":"closed","template":"","meta":{"_et_pb_use_builder":"","_et_pb_old_content":"","_et_gb_content_width":""},"product_brand":[],"product_cat":[91,20],"product_tag":[],"class_list":{"0":"post-633031","1":"product","2":"type-product","3":"status-publish","4":"has-post-thumbnail","6":"product_cat-accesorios-sala","7":"product_cat-motricidad-fina","8":"pa_edad-3-a-4-anos","9":"pa_edad-4-a-5-anos","10":"pa_edad-5-a-6-anos","11":"pa_marca-viga","12":"pa_medidas-11-x-17-x-6-cm","14":"first","15":"instock","16":"shipping-taxable","17":"purchasable","18":"product-type-simple"},"aioseo_notices":[],"_links":{"self":[{"href":"https:\/\/aukinkochile.com\/web\/wp-json\/wp\/v2\/product\/633031","targetHints":{"allow":["GET"]}}],"collection":[{"href":"https:\/\/aukinkochile.com\/web\/wp-json\/wp\/v2\/product"}],"about":[{"href":"https:\/\/aukinkochile.com\/web\/wp-json\/wp\/v2\/types\/product"}],"replies":[{"embeddable":true,"href":"https:\/\/aukinkochile.com\/web\/wp-json\/wp\/v2\/comments?post=633031"}],"wp:featuredmedia":[{"embeddable":true,"href":"https:\/\/aukinkochile.com\/web\/wp-json\/wp\/v2\/media\/633030"}],"wp:attachment":[{"href":"https:\/\/aukinkochile.com\/web\/wp-json\/wp\/v2\/media?parent=633031"}],"wp:term":[{"taxonomy":"product_brand","embeddable":true,"href":"https:\/\/aukinkochile.com\/web\/wp-json\/wp\/v2\/product_brand?post=633031"},{"taxonomy":"product_cat","embeddable":true,"href":"https:\/\/aukinkochile.com\/web\/wp-json\/wp\/v2\/product_cat?post=633031"},{"taxonomy":"product_tag","embeddable":true,"href":"https:\/\/aukinkochile.com\/web\/wp-json\/wp\/v2\/product_tag?post=633031"}],"curies":[{"name":"wp","href":"https:\/\/api.w.org\/{rel}","templated":true}]}}