{"id":633020,"date":"2025-11-06T18:46:25","date_gmt":"2025-11-06T18:46:25","guid":{"rendered":"https:\/\/aukinkochile.com\/web\/producto\/camara-de-fotos\/"},"modified":"2026-03-27T17:00:35","modified_gmt":"2026-03-27T17:00:35","slug":"camara-de-fotos","status":"publish","type":"product","link":"https:\/\/aukinkochile.com\/web\/producto\/camara-de-fotos\/","title":{"rendered":"C\u00e1mara de Fotos"},"content":{"rendered":"<p>Un juguete perfecto para futuros fot\u00f3grafos. Tanto si quieren hacer una foto familiar como si quieren inmortalizar un momento con amigos, esta c\u00e1mara de madera siempre ser\u00e1 una buena compa\u00f1era para que los ni\u00f1os y ni\u00f1as desarrollen su creatividad y jueguen a imitar roles. Fabricado en material suave y resistente con colores pasteles.<\/p>\n<p><p><strong>Material : <\/strong> Madera<\/p>\n<p><strong>C\u00f3digo Aukinko : <\/strong> 18-244034<\/p>\n<p><strong>C\u00f3digo Convenio Marco : <\/strong> x<\/p>\n","protected":false},"excerpt":{"rendered":"<p>Un juguete perfecto para futuros fot\u00f3grafos. Tanto si quieren hacer una foto familiar como si quieren inmortalizar un momento con amigos, esta c\u00e1mara de madera siempre ser\u00e1 una buena compa\u00f1era para que los ni\u00f1os y ni\u00f1as desarrollen su creatividad y jueguen a imitar roles. Fabricado en material suave y resistente con colores pasteles. Material : [&hellip;]<\/p>\n","protected":false},"featured_media":633019,"comment_status":"open","ping_status":"closed","template":"","meta":{"_et_pb_use_builder":"","_et_pb_old_content":"","_et_gb_content_width":""},"product_brand":[],"product_cat":[17,23],"product_tag":[],"class_list":{"0":"post-633020","1":"product","2":"type-product","3":"status-publish","4":"has-post-thumbnail","6":"product_cat-juegos-de-rol","7":"product_cat-primeros-anos","8":"pa_edad-1-a-2-anos","9":"pa_edad-2-a-3-anos","10":"pa_marca-polar","11":"pa_medidas-4308","12":"pa_medidas-5-cm","13":"pa_medidas-5-x-7","14":"pa_medidas-8-x-4","16":"first","17":"instock","18":"shipping-taxable","19":"purchasable","20":"product-type-simple"},"aioseo_notices":[],"_links":{"self":[{"href":"https:\/\/aukinkochile.com\/web\/wp-json\/wp\/v2\/product\/633020","targetHints":{"allow":["GET"]}}],"collection":[{"href":"https:\/\/aukinkochile.com\/web\/wp-json\/wp\/v2\/product"}],"about":[{"href":"https:\/\/aukinkochile.com\/web\/wp-json\/wp\/v2\/types\/product"}],"replies":[{"embeddable":true,"href":"https:\/\/aukinkochile.com\/web\/wp-json\/wp\/v2\/comments?post=633020"}],"wp:featuredmedia":[{"embeddable":true,"href":"https:\/\/aukinkochile.com\/web\/wp-json\/wp\/v2\/media\/633019"}],"wp:attachment":[{"href":"https:\/\/aukinkochile.com\/web\/wp-json\/wp\/v2\/media?parent=633020"}],"wp:term":[{"taxonomy":"product_brand","embeddable":true,"href":"https:\/\/aukinkochile.com\/web\/wp-json\/wp\/v2\/product_brand?post=633020"},{"taxonomy":"product_cat","embeddable":true,"href":"https:\/\/aukinkochile.com\/web\/wp-json\/wp\/v2\/product_cat?post=633020"},{"taxonomy":"product_tag","embeddable":true,"href":"https:\/\/aukinkochile.com\/web\/wp-json\/wp\/v2\/product_tag?post=633020"}],"curies":[{"name":"wp","href":"https:\/\/api.w.org\/{rel}","templated":true}]}}