{"id":633006,"date":"2025-11-06T18:45:49","date_gmt":"2025-11-06T18:45:49","guid":{"rendered":"https:\/\/aukinkochile.com\/web\/producto\/resbalin-agua-xxl\/"},"modified":"2025-11-06T18:58:57","modified_gmt":"2025-11-06T18:58:57","slug":"resbalin-agua-xxl","status":"publish","type":"product","link":"https:\/\/aukinkochile.com\/web\/producto\/resbalin-agua-xxl\/","title":{"rendered":"Resbal\u00edn Agua XXL"},"content":{"rendered":"<p>Hermoso resbal de gran tama\u00f1o para colocar en patios o espacios amplios y junto a la piscina, de material firme y resistente para que ni\u00f1os y ni\u00f1as pasen horas de diversi\u00f3n. Fabricado en pl\u00e1stico fuerte, suave y resistente.<\/p>\n<p><p><strong>Material : <\/strong> Pl\u00e1stico<\/p>\n<p><strong>C\u00f3digo Aukinko : <\/strong> 10-112601<\/p>\n<p><strong>C\u00f3digo Convenio Marco : <\/strong> x<\/p>\n","protected":false},"excerpt":{"rendered":"<p>Hermoso resbal de gran tama\u00f1o para colocar en patios o espacios amplios y junto a la piscina, de material firme y resistente para que ni\u00f1os y ni\u00f1as pasen horas de diversi\u00f3n. Fabricado en pl\u00e1stico fuerte, suave y resistente. Material : Pl\u00e1stico C\u00f3digo Aukinko : 10-112601 C\u00f3digo Convenio Marco : x<\/p>\n","protected":false},"featured_media":633005,"comment_status":"open","ping_status":"closed","template":"","meta":{"_et_pb_use_builder":"","_et_pb_old_content":"","_et_gb_content_width":""},"product_brand":[],"product_cat":[1005,18],"product_tag":[],"class_list":{"0":"post-633006","1":"product","2":"type-product","3":"status-publish","4":"has-post-thumbnail","6":"product_cat-accesorios-patio","7":"product_cat-motricidad-gruesa","8":"pa_edad-3-a-4-anos","9":"pa_edad-4-a-5-anos","10":"pa_edad-5-a-6-anos","11":"pa_marca-mochtoys","12":"pa_medidas-198-x-84-x-110-cm","14":"first","15":"instock","16":"shipping-taxable","17":"purchasable","18":"product-type-simple"},"aioseo_notices":[],"_links":{"self":[{"href":"https:\/\/aukinkochile.com\/web\/wp-json\/wp\/v2\/product\/633006","targetHints":{"allow":["GET"]}}],"collection":[{"href":"https:\/\/aukinkochile.com\/web\/wp-json\/wp\/v2\/product"}],"about":[{"href":"https:\/\/aukinkochile.com\/web\/wp-json\/wp\/v2\/types\/product"}],"replies":[{"embeddable":true,"href":"https:\/\/aukinkochile.com\/web\/wp-json\/wp\/v2\/comments?post=633006"}],"wp:featuredmedia":[{"embeddable":true,"href":"https:\/\/aukinkochile.com\/web\/wp-json\/wp\/v2\/media\/633005"}],"wp:attachment":[{"href":"https:\/\/aukinkochile.com\/web\/wp-json\/wp\/v2\/media?parent=633006"}],"wp:term":[{"taxonomy":"product_brand","embeddable":true,"href":"https:\/\/aukinkochile.com\/web\/wp-json\/wp\/v2\/product_brand?post=633006"},{"taxonomy":"product_cat","embeddable":true,"href":"https:\/\/aukinkochile.com\/web\/wp-json\/wp\/v2\/product_cat?post=633006"},{"taxonomy":"product_tag","embeddable":true,"href":"https:\/\/aukinkochile.com\/web\/wp-json\/wp\/v2\/product_tag?post=633006"}],"curies":[{"name":"wp","href":"https:\/\/api.w.org\/{rel}","templated":true}]}}