{"id":633001,"date":"2025-11-06T18:45:37","date_gmt":"2025-11-06T18:45:37","guid":{"rendered":"https:\/\/aukinkochile.com\/web\/producto\/jardin-caja-de-arena-con-tapa\/"},"modified":"2025-11-06T18:58:12","modified_gmt":"2025-11-06T18:58:12","slug":"jardin-caja-de-arena-con-tapa","status":"publish","type":"product","link":"https:\/\/aukinkochile.com\/web\/producto\/jardin-caja-de-arena-con-tapa\/","title":{"rendered":"Jard\u00edn Caja de Arena con Tapa"},"content":{"rendered":"<p>Caja de arena con forma de elefante y con tapa de pl\u00e1stico dura para cubrir y proteger la arena de la humedad. De gran dise\u00f1o y excelente material.<\/p>\n<p><p><strong>Material : <\/strong> Pl\u00e1stico<\/p>\n<p><strong>C\u00f3digo Aukinko : <\/strong> 10-110038<\/p>\n<p><strong>C\u00f3digo Convenio Marco : <\/strong> x<\/p>\n","protected":false},"excerpt":{"rendered":"<p>Caja de arena con forma de elefante y con tapa de pl\u00e1stico dura para cubrir y proteger la arena de la humedad. De gran dise\u00f1o y excelente material. Material : Pl\u00e1stico C\u00f3digo Aukinko : 10-110038 C\u00f3digo Convenio Marco : x<\/p>\n","protected":false},"featured_media":629107,"comment_status":"open","ping_status":"closed","template":"","meta":{"_et_pb_use_builder":"","_et_pb_old_content":"","_et_gb_content_width":""},"product_brand":[],"product_cat":[1005,17,18],"product_tag":[],"class_list":{"0":"post-633001","1":"product","2":"type-product","3":"status-publish","4":"has-post-thumbnail","6":"product_cat-accesorios-patio","7":"product_cat-juegos-de-rol","8":"product_cat-motricidad-gruesa","9":"pa_edad-1-a-2-anos","10":"pa_edad-2-a-3-anos","11":"pa_edad-3-a-4-anos","12":"pa_edad-4-a-5-anos","13":"pa_marca-mochtoys","14":"pa_medidas-5565","15":"pa_medidas-5-x-25-cm","16":"pa_medidas-5-x-78","18":"first","19":"instock","20":"shipping-taxable","21":"purchasable","22":"product-type-simple"},"aioseo_notices":[],"_links":{"self":[{"href":"https:\/\/aukinkochile.com\/web\/wp-json\/wp\/v2\/product\/633001","targetHints":{"allow":["GET"]}}],"collection":[{"href":"https:\/\/aukinkochile.com\/web\/wp-json\/wp\/v2\/product"}],"about":[{"href":"https:\/\/aukinkochile.com\/web\/wp-json\/wp\/v2\/types\/product"}],"replies":[{"embeddable":true,"href":"https:\/\/aukinkochile.com\/web\/wp-json\/wp\/v2\/comments?post=633001"}],"wp:featuredmedia":[{"embeddable":true,"href":"https:\/\/aukinkochile.com\/web\/wp-json\/wp\/v2\/media\/629107"}],"wp:attachment":[{"href":"https:\/\/aukinkochile.com\/web\/wp-json\/wp\/v2\/media?parent=633001"}],"wp:term":[{"taxonomy":"product_brand","embeddable":true,"href":"https:\/\/aukinkochile.com\/web\/wp-json\/wp\/v2\/product_brand?post=633001"},{"taxonomy":"product_cat","embeddable":true,"href":"https:\/\/aukinkochile.com\/web\/wp-json\/wp\/v2\/product_cat?post=633001"},{"taxonomy":"product_tag","embeddable":true,"href":"https:\/\/aukinkochile.com\/web\/wp-json\/wp\/v2\/product_tag?post=633001"}],"curies":[{"name":"wp","href":"https:\/\/api.w.org\/{rel}","templated":true}]}}