{"id":632989,"date":"2025-11-06T18:30:04","date_gmt":"2025-11-06T18:30:04","guid":{"rendered":"https:\/\/aukinkochile.com\/web\/producto\/actividades-de-viaje-set\/"},"modified":"2025-11-06T18:44:39","modified_gmt":"2025-11-06T18:44:39","slug":"actividades-de-viaje-set","status":"publish","type":"product","link":"https:\/\/aukinkochile.com\/web\/producto\/actividades-de-viaje-set\/","title":{"rendered":"Actividades de Viaje Set"},"content":{"rendered":"<p>Un divertido set de actividades para llevar a todas partes y pasar horas de diversi\u00f3n. Ideal para llevar de viaje. Contiene: 1 cuaderno de actividades, 1 cuaderno de stickers reusables, 1 almohadilla para colorear, una almohadilla punto a punto, 10 l\u00e1pices de colores y sacapuntas.<\/p>\n<p><p><strong>Material : <\/strong> Cart\u00f3n<\/p>\n<p><strong>C\u00f3digo Aukinko : <\/strong> 08-21105596<\/p>\n<p><strong>C\u00f3digo Convenio Marco : <\/strong> x<\/p>\n","protected":false},"excerpt":{"rendered":"<p>Un divertido set de actividades para llevar a todas partes y pasar horas de diversi\u00f3n. Ideal para llevar de viaje. Contiene: 1 cuaderno de actividades, 1 cuaderno de stickers reusables, 1 almohadilla para colorear, una almohadilla punto a punto, 10 l\u00e1pices de colores y sacapuntas. Material : Cart\u00f3n C\u00f3digo Aukinko : 08-21105596 C\u00f3digo Convenio Marco [&hellip;]<\/p>\n","protected":false},"featured_media":625375,"comment_status":"open","ping_status":"closed","template":"","meta":{"_et_pb_use_builder":"","_et_pb_old_content":"","_et_gb_content_width":""},"product_brand":[],"product_cat":[21],"product_tag":[],"class_list":{"0":"post-632989","1":"product","2":"type-product","3":"status-publish","4":"has-post-thumbnail","6":"product_cat-arte-y-manipulacion","7":"pa_edad-4-a-5-anos","8":"pa_edad-5-a-6-anos","9":"pa_edad-6-a-8-anos","10":"pa_edad-8-a-10-anos","11":"pa_marca-galt","12":"pa_medidas-23-x-23-x-5-cm","14":"first","15":"instock","16":"shipping-taxable","17":"purchasable","18":"product-type-simple"},"aioseo_notices":[],"_links":{"self":[{"href":"https:\/\/aukinkochile.com\/web\/wp-json\/wp\/v2\/product\/632989","targetHints":{"allow":["GET"]}}],"collection":[{"href":"https:\/\/aukinkochile.com\/web\/wp-json\/wp\/v2\/product"}],"about":[{"href":"https:\/\/aukinkochile.com\/web\/wp-json\/wp\/v2\/types\/product"}],"replies":[{"embeddable":true,"href":"https:\/\/aukinkochile.com\/web\/wp-json\/wp\/v2\/comments?post=632989"}],"wp:featuredmedia":[{"embeddable":true,"href":"https:\/\/aukinkochile.com\/web\/wp-json\/wp\/v2\/media\/625375"}],"wp:attachment":[{"href":"https:\/\/aukinkochile.com\/web\/wp-json\/wp\/v2\/media?parent=632989"}],"wp:term":[{"taxonomy":"product_brand","embeddable":true,"href":"https:\/\/aukinkochile.com\/web\/wp-json\/wp\/v2\/product_brand?post=632989"},{"taxonomy":"product_cat","embeddable":true,"href":"https:\/\/aukinkochile.com\/web\/wp-json\/wp\/v2\/product_cat?post=632989"},{"taxonomy":"product_tag","embeddable":true,"href":"https:\/\/aukinkochile.com\/web\/wp-json\/wp\/v2\/product_tag?post=632989"}],"curies":[{"name":"wp","href":"https:\/\/api.w.org\/{rel}","templated":true}]}}