{"id":632988,"date":"2025-11-06T18:30:00","date_gmt":"2025-11-06T18:30:00","guid":{"rendered":"https:\/\/aukinkochile.com\/web\/producto\/laboratorio-terribles-dinosaurios\/"},"modified":"2025-11-06T18:44:35","modified_gmt":"2025-11-06T18:44:35","slug":"laboratorio-terribles-dinosaurios","status":"publish","type":"product","link":"https:\/\/aukinkochile.com\/web\/producto\/laboratorio-terribles-dinosaurios\/","title":{"rendered":"Laboratorio Terribles Dinosaurios"},"content":{"rendered":"<p>Con este divertido juego de ciencias incluye 8 experimentos con dinosaurios para futuros paleont\u00f3logos. Podr\u00e1s desenterrar f\u00f3siles de dinosaurios, hacer y volar un pterod\u00e1ctilo aterrador y construir un esqueleto de T-Rex. Descubre la desaparici\u00f3n de los dinosaurios mortales, experimenta con trampas de arenas movedizas, limo \u00e1mbar y haz algunas temibles huellas fosilizadas. Una entretenida forma de acercar a los m\u00e1s peque\u00f1os a la experimentaci\u00f3n cient\u00edfica.<\/p>\n<p><p><strong>Material : <\/strong> Pl\u00e1stico y Cart\u00f3n<\/p>\n<p><strong>C\u00f3digo Aukinko : <\/strong> 08-21105542<\/p>\n<p><strong>C\u00f3digo Convenio Marco : <\/strong> x<\/p>\n","protected":false},"excerpt":{"rendered":"<p>Con este divertido juego de ciencias incluye 8 experimentos con dinosaurios para futuros paleont\u00f3logos. Podr\u00e1s desenterrar f\u00f3siles de dinosaurios, hacer y volar un pterod\u00e1ctilo aterrador y construir un esqueleto de T-Rex. Descubre la desaparici\u00f3n de los dinosaurios mortales, experimenta con trampas de arenas movedizas, limo \u00e1mbar y haz algunas temibles huellas fosilizadas. Una entretenida forma [&hellip;]<\/p>\n","protected":false},"featured_media":625374,"comment_status":"open","ping_status":"closed","template":"","meta":{"_et_pb_use_builder":"","_et_pb_old_content":"","_et_gb_content_width":""},"product_brand":[],"product_cat":[92],"product_tag":[],"class_list":{"0":"post-632988","1":"product","2":"type-product","3":"status-publish","4":"has-post-thumbnail","6":"product_cat-ciencias","7":"pa_edad-10-anos","8":"pa_edad-8-a-10-anos","9":"pa_marca-galt","10":"pa_medidas-4410","11":"pa_medidas-5-cm","12":"pa_medidas-5-x-26-x-7","14":"first","15":"instock","16":"shipping-taxable","17":"purchasable","18":"product-type-simple"},"aioseo_notices":[],"_links":{"self":[{"href":"https:\/\/aukinkochile.com\/web\/wp-json\/wp\/v2\/product\/632988","targetHints":{"allow":["GET"]}}],"collection":[{"href":"https:\/\/aukinkochile.com\/web\/wp-json\/wp\/v2\/product"}],"about":[{"href":"https:\/\/aukinkochile.com\/web\/wp-json\/wp\/v2\/types\/product"}],"replies":[{"embeddable":true,"href":"https:\/\/aukinkochile.com\/web\/wp-json\/wp\/v2\/comments?post=632988"}],"wp:featuredmedia":[{"embeddable":true,"href":"https:\/\/aukinkochile.com\/web\/wp-json\/wp\/v2\/media\/625374"}],"wp:attachment":[{"href":"https:\/\/aukinkochile.com\/web\/wp-json\/wp\/v2\/media?parent=632988"}],"wp:term":[{"taxonomy":"product_brand","embeddable":true,"href":"https:\/\/aukinkochile.com\/web\/wp-json\/wp\/v2\/product_brand?post=632988"},{"taxonomy":"product_cat","embeddable":true,"href":"https:\/\/aukinkochile.com\/web\/wp-json\/wp\/v2\/product_cat?post=632988"},{"taxonomy":"product_tag","embeddable":true,"href":"https:\/\/aukinkochile.com\/web\/wp-json\/wp\/v2\/product_tag?post=632988"}],"curies":[{"name":"wp","href":"https:\/\/api.w.org\/{rel}","templated":true}]}}