{"id":632985,"date":"2025-11-06T18:29:48","date_gmt":"2025-11-06T18:29:48","guid":{"rendered":"https:\/\/aukinkochile.com\/web\/producto\/origami-animales-selva\/"},"modified":"2025-11-06T18:44:30","modified_gmt":"2025-11-06T18:44:30","slug":"origami-animales-selva","status":"publish","type":"product","link":"https:\/\/aukinkochile.com\/web\/producto\/origami-animales-selva\/","title":{"rendered":"Origami Animales Selva"},"content":{"rendered":"<p>Crea 5 modelos de animales de la selva siguiendo la gu\u00eda paso a paso. Incluye 55 hojas de papel de origami de doble cara, stickers y gu\u00eda paso a paso. <\/p>\n<p><p><strong>Material : <\/strong> Papel<\/p>\n<p><strong>C\u00f3digo Aukinko : <\/strong> 08-21105464<\/p>\n<p><strong>C\u00f3digo Convenio Marco : <\/strong> x<\/p>\n","protected":false},"excerpt":{"rendered":"<p>Crea 5 modelos de animales de la selva siguiendo la gu\u00eda paso a paso. Incluye 55 hojas de papel de origami de doble cara, stickers y gu\u00eda paso a paso. Material : Papel C\u00f3digo Aukinko : 08-21105464 C\u00f3digo Convenio Marco : x<\/p>\n","protected":false},"featured_media":625370,"comment_status":"open","ping_status":"closed","template":"","meta":{"_et_pb_use_builder":"","_et_pb_old_content":"","_et_gb_content_width":""},"product_brand":[],"product_cat":[21,20],"product_tag":[],"class_list":{"0":"post-632985","1":"product","2":"type-product","3":"status-publish","4":"has-post-thumbnail","6":"product_cat-arte-y-manipulacion","7":"product_cat-motricidad-fina","8":"pa_edad-10-anos","9":"pa_edad-6-a-8-anos","10":"pa_edad-8-a-10-anos","11":"pa_marca-galt","12":"pa_medidas-4317","13":"pa_medidas-5-x-1-cm","14":"pa_medidas-5-x-17","16":"first","17":"instock","18":"shipping-taxable","19":"purchasable","20":"product-type-simple"},"aioseo_notices":[],"_links":{"self":[{"href":"https:\/\/aukinkochile.com\/web\/wp-json\/wp\/v2\/product\/632985","targetHints":{"allow":["GET"]}}],"collection":[{"href":"https:\/\/aukinkochile.com\/web\/wp-json\/wp\/v2\/product"}],"about":[{"href":"https:\/\/aukinkochile.com\/web\/wp-json\/wp\/v2\/types\/product"}],"replies":[{"embeddable":true,"href":"https:\/\/aukinkochile.com\/web\/wp-json\/wp\/v2\/comments?post=632985"}],"wp:featuredmedia":[{"embeddable":true,"href":"https:\/\/aukinkochile.com\/web\/wp-json\/wp\/v2\/media\/625370"}],"wp:attachment":[{"href":"https:\/\/aukinkochile.com\/web\/wp-json\/wp\/v2\/media?parent=632985"}],"wp:term":[{"taxonomy":"product_brand","embeddable":true,"href":"https:\/\/aukinkochile.com\/web\/wp-json\/wp\/v2\/product_brand?post=632985"},{"taxonomy":"product_cat","embeddable":true,"href":"https:\/\/aukinkochile.com\/web\/wp-json\/wp\/v2\/product_cat?post=632985"},{"taxonomy":"product_tag","embeddable":true,"href":"https:\/\/aukinkochile.com\/web\/wp-json\/wp\/v2\/product_tag?post=632985"}],"curies":[{"name":"wp","href":"https:\/\/api.w.org\/{rel}","templated":true}]}}