{"id":632984,"date":"2025-11-06T18:29:44","date_gmt":"2025-11-06T18:29:44","guid":{"rendered":"https:\/\/aukinkochile.com\/web\/producto\/laboratorio-cristales\/"},"modified":"2025-11-06T18:44:23","modified_gmt":"2025-11-06T18:44:23","slug":"laboratorio-cristales","status":"publish","type":"product","link":"https:\/\/aukinkochile.com\/web\/producto\/laboratorio-cristales\/","title":{"rendered":"Laboratorio Cristales"},"content":{"rendered":"<p>Descubre como se forman los cristales y cultiva un cristal espeluznante. Contiene ortofosfato de hidrogeno de amonio, soluci\u00f3n para el cultivo de arboles, placa de petri, tableta de color, cristal de semillas, botella redonda, embudo, roca caliza y folleto informativo.<\/p>\n<p><p><strong>Material : <\/strong> Pl\u00e1stico<\/p>\n<p><strong>C\u00f3digo Aukinko : <\/strong> 08-21105260<\/p>\n<p><strong>C\u00f3digo Convenio Marco : <\/strong> x<\/p>\n","protected":false},"excerpt":{"rendered":"<p>Descubre como se forman los cristales y cultiva un cristal espeluznante. Contiene ortofosfato de hidrogeno de amonio, soluci\u00f3n para el cultivo de arboles, placa de petri, tableta de color, cristal de semillas, botella redonda, embudo, roca caliza y folleto informativo. Material : Pl\u00e1stico C\u00f3digo Aukinko : 08-21105260 C\u00f3digo Convenio Marco : x<\/p>\n","protected":false},"featured_media":625365,"comment_status":"open","ping_status":"closed","template":"","meta":{"_et_pb_use_builder":"","_et_pb_old_content":"","_et_gb_content_width":""},"product_brand":[],"product_cat":[92],"product_tag":[],"class_list":{"0":"post-632984","1":"product","2":"type-product","3":"status-publish","4":"has-post-thumbnail","6":"product_cat-ciencias","7":"pa_edad-10-anos","8":"pa_marca-galt","9":"pa_medidas-14-x-6","10":"pa_medidas-5-cm","11":"pa_medidas-5-x-21","13":"first","14":"instock","15":"shipping-taxable","16":"purchasable","17":"product-type-simple"},"aioseo_notices":[],"_links":{"self":[{"href":"https:\/\/aukinkochile.com\/web\/wp-json\/wp\/v2\/product\/632984","targetHints":{"allow":["GET"]}}],"collection":[{"href":"https:\/\/aukinkochile.com\/web\/wp-json\/wp\/v2\/product"}],"about":[{"href":"https:\/\/aukinkochile.com\/web\/wp-json\/wp\/v2\/types\/product"}],"replies":[{"embeddable":true,"href":"https:\/\/aukinkochile.com\/web\/wp-json\/wp\/v2\/comments?post=632984"}],"wp:featuredmedia":[{"embeddable":true,"href":"https:\/\/aukinkochile.com\/web\/wp-json\/wp\/v2\/media\/625365"}],"wp:attachment":[{"href":"https:\/\/aukinkochile.com\/web\/wp-json\/wp\/v2\/media?parent=632984"}],"wp:term":[{"taxonomy":"product_brand","embeddable":true,"href":"https:\/\/aukinkochile.com\/web\/wp-json\/wp\/v2\/product_brand?post=632984"},{"taxonomy":"product_cat","embeddable":true,"href":"https:\/\/aukinkochile.com\/web\/wp-json\/wp\/v2\/product_cat?post=632984"},{"taxonomy":"product_tag","embeddable":true,"href":"https:\/\/aukinkochile.com\/web\/wp-json\/wp\/v2\/product_tag?post=632984"}],"curies":[{"name":"wp","href":"https:\/\/api.w.org\/{rel}","templated":true}]}}