{"id":632978,"date":"2025-11-06T18:29:27","date_gmt":"2025-11-06T18:29:27","guid":{"rendered":"https:\/\/aukinkochile.com\/web\/producto\/hacer-parches-ropa\/"},"modified":"2025-11-06T18:43:57","modified_gmt":"2025-11-06T18:43:57","slug":"hacer-parches-ropa","status":"publish","type":"product","link":"https:\/\/aukinkochile.com\/web\/producto\/hacer-parches-ropa\/","title":{"rendered":"Hacer Parches Ropa"},"content":{"rendered":"<p>Con este divertido juego crea 10 divertidos parches adhesivos usando fieltro adhesivo de colores y lentejuelas. Solo se debe retirar el papel protector y colocar una capa de fieltro adhesivo de colores, y luego decorarlo con lentejuelas brillantes y ojos m\u00f3viles. Tama\u00f1o del parche: 7cm x 7cm. Contenido: 21 l\u00e1minas de fieltro adhesivo precortadas, lentejuelas, ojos m\u00f3viles, pegamento y gu\u00eda.<\/p>\n<p><p><strong>Material : <\/strong> Genero y Pl\u00e1stico<\/p>\n<p><strong>C\u00f3digo Aukinko : <\/strong> 08-21005695<\/p>\n<p><strong>C\u00f3digo Convenio Marco : <\/strong> x<\/p>\n","protected":false},"excerpt":{"rendered":"<p>Con este divertido juego crea 10 divertidos parches adhesivos usando fieltro adhesivo de colores y lentejuelas. Solo se debe retirar el papel protector y colocar una capa de fieltro adhesivo de colores, y luego decorarlo con lentejuelas brillantes y ojos m\u00f3viles. Tama\u00f1o del parche: 7cm x 7cm. Contenido: 21 l\u00e1minas de fieltro adhesivo precortadas, lentejuelas, [&hellip;]<\/p>\n","protected":false},"featured_media":629665,"comment_status":"open","ping_status":"closed","template":"","meta":{"_et_pb_use_builder":"","_et_pb_old_content":"","_et_gb_content_width":""},"product_brand":[],"product_cat":[21,20],"product_tag":[],"class_list":{"0":"post-632978","1":"product","2":"type-product","3":"status-publish","4":"has-post-thumbnail","6":"product_cat-arte-y-manipulacion","7":"product_cat-motricidad-fina","8":"pa_edad-5-a-6-anos","9":"pa_edad-6-a-8-anos","10":"pa_edad-8-a-10-anos","11":"pa_marca-galt","12":"pa_medidas-27-x-16-x-4-cm","14":"first","15":"instock","16":"shipping-taxable","17":"purchasable","18":"product-type-simple"},"aioseo_notices":[],"_links":{"self":[{"href":"https:\/\/aukinkochile.com\/web\/wp-json\/wp\/v2\/product\/632978","targetHints":{"allow":["GET"]}}],"collection":[{"href":"https:\/\/aukinkochile.com\/web\/wp-json\/wp\/v2\/product"}],"about":[{"href":"https:\/\/aukinkochile.com\/web\/wp-json\/wp\/v2\/types\/product"}],"replies":[{"embeddable":true,"href":"https:\/\/aukinkochile.com\/web\/wp-json\/wp\/v2\/comments?post=632978"}],"wp:featuredmedia":[{"embeddable":true,"href":"https:\/\/aukinkochile.com\/web\/wp-json\/wp\/v2\/media\/629665"}],"wp:attachment":[{"href":"https:\/\/aukinkochile.com\/web\/wp-json\/wp\/v2\/media?parent=632978"}],"wp:term":[{"taxonomy":"product_brand","embeddable":true,"href":"https:\/\/aukinkochile.com\/web\/wp-json\/wp\/v2\/product_brand?post=632978"},{"taxonomy":"product_cat","embeddable":true,"href":"https:\/\/aukinkochile.com\/web\/wp-json\/wp\/v2\/product_cat?post=632978"},{"taxonomy":"product_tag","embeddable":true,"href":"https:\/\/aukinkochile.com\/web\/wp-json\/wp\/v2\/product_tag?post=632978"}],"curies":[{"name":"wp","href":"https:\/\/api.w.org\/{rel}","templated":true}]}}