{"id":632977,"date":"2025-11-06T18:29:23","date_gmt":"2025-11-06T18:29:23","guid":{"rendered":"https:\/\/aukinkochile.com\/web\/producto\/cuaderno-magico-monstruos-aliens\/"},"modified":"2025-11-06T18:43:57","modified_gmt":"2025-11-06T18:43:57","slug":"cuaderno-magico-monstruos-aliens","status":"publish","type":"product","link":"https:\/\/aukinkochile.com\/web\/producto\/cuaderno-magico-monstruos-aliens\/","title":{"rendered":"Cuaderno M\u00e1gico Monstruos &#038; Aliens"},"content":{"rendered":"<p>Divertido cuaderno de manualidades para pasar horas de diversi\u00f3n. Incluye 6 im\u00e1genes reutilizables para colorear con el rotulador de agua con tem\u00e1tica de monstruos y aliens. Llena el rotulador con agua y \u00fasalo para descubrir las im\u00e1genes ocultas. Los colores aparecen m\u00e1gicamente una y otra vez. Ideal para viajar. Tama\u00f1o de las p\u00e1ginas: 21 x 15 cm.<\/p>\n<p><p><strong>Material : <\/strong> Cart\u00f3n Grueso<\/p>\n<p><strong>C\u00f3digo Aukinko : <\/strong> 08-21005686<\/p>\n<p><strong>C\u00f3digo Convenio Marco : <\/strong> x<\/p>\n","protected":false},"excerpt":{"rendered":"<p>Divertido cuaderno de manualidades para pasar horas de diversi\u00f3n. Incluye 6 im\u00e1genes reutilizables para colorear con el rotulador de agua con tem\u00e1tica de monstruos y aliens. Llena el rotulador con agua y \u00fasalo para descubrir las im\u00e1genes ocultas. Los colores aparecen m\u00e1gicamente una y otra vez. Ideal para viajar. Tama\u00f1o de las p\u00e1ginas: 21 x [&hellip;]<\/p>\n","protected":false},"featured_media":632976,"comment_status":"open","ping_status":"closed","template":"","meta":{"_et_pb_use_builder":"","_et_pb_old_content":"","_et_gb_content_width":""},"product_brand":[],"product_cat":[21],"product_tag":[],"class_list":{"0":"post-632977","1":"product","2":"type-product","3":"status-publish","4":"has-post-thumbnail","6":"product_cat-arte-y-manipulacion","7":"pa_edad-3-a-4-anos","8":"pa_edad-4-a-5-anos","9":"pa_marca-galt","10":"pa_medidas-4314","11":"pa_medidas-5-x-2-cm","12":"pa_medidas-7-x-26","14":"first","15":"instock","16":"shipping-taxable","17":"purchasable","18":"product-type-simple"},"aioseo_notices":[],"_links":{"self":[{"href":"https:\/\/aukinkochile.com\/web\/wp-json\/wp\/v2\/product\/632977","targetHints":{"allow":["GET"]}}],"collection":[{"href":"https:\/\/aukinkochile.com\/web\/wp-json\/wp\/v2\/product"}],"about":[{"href":"https:\/\/aukinkochile.com\/web\/wp-json\/wp\/v2\/types\/product"}],"replies":[{"embeddable":true,"href":"https:\/\/aukinkochile.com\/web\/wp-json\/wp\/v2\/comments?post=632977"}],"wp:featuredmedia":[{"embeddable":true,"href":"https:\/\/aukinkochile.com\/web\/wp-json\/wp\/v2\/media\/632976"}],"wp:attachment":[{"href":"https:\/\/aukinkochile.com\/web\/wp-json\/wp\/v2\/media?parent=632977"}],"wp:term":[{"taxonomy":"product_brand","embeddable":true,"href":"https:\/\/aukinkochile.com\/web\/wp-json\/wp\/v2\/product_brand?post=632977"},{"taxonomy":"product_cat","embeddable":true,"href":"https:\/\/aukinkochile.com\/web\/wp-json\/wp\/v2\/product_cat?post=632977"},{"taxonomy":"product_tag","embeddable":true,"href":"https:\/\/aukinkochile.com\/web\/wp-json\/wp\/v2\/product_tag?post=632977"}],"curies":[{"name":"wp","href":"https:\/\/api.w.org\/{rel}","templated":true}]}}