{"id":632975,"date":"2025-11-06T18:29:19","date_gmt":"2025-11-06T18:29:19","guid":{"rendered":"https:\/\/aukinkochile.com\/web\/producto\/stickers-con-numeros-dinosaurios\/"},"modified":"2025-11-06T18:43:38","modified_gmt":"2025-11-06T18:43:38","slug":"stickers-con-numeros-dinosaurios","status":"publish","type":"product","link":"https:\/\/aukinkochile.com\/web\/producto\/stickers-con-numeros-dinosaurios\/","title":{"rendered":"Stickers con N\u00fameros Dinosaurios"},"content":{"rendered":"<p>Con este divertido cuaderno de stickers los ni\u00f1os y ni\u00f1as pueden crear 12 escenas de dinosaurios con 120 pegatinas de colores. Los m\u00e1s peque\u00f1os deben hacer coincidir las pegatinas numeradas con los espacios de la p\u00e1gina. Fomenta el reconocimiento de n\u00fameros y colores.<\/p>\n<p><p><strong>Material : <\/strong> Papel<\/p>\n<p><strong>C\u00f3digo Aukinko : <\/strong> 08-21005659<\/p>\n<p><strong>C\u00f3digo Convenio Marco : <\/strong> x<\/p>\n","protected":false},"excerpt":{"rendered":"<p>Con este divertido cuaderno de stickers los ni\u00f1os y ni\u00f1as pueden crear 12 escenas de dinosaurios con 120 pegatinas de colores. Los m\u00e1s peque\u00f1os deben hacer coincidir las pegatinas numeradas con los espacios de la p\u00e1gina. Fomenta el reconocimiento de n\u00fameros y colores. Material : Papel C\u00f3digo Aukinko : 08-21005659 C\u00f3digo Convenio Marco : x<\/p>\n","protected":false},"featured_media":629653,"comment_status":"open","ping_status":"closed","template":"","meta":{"_et_pb_use_builder":"","_et_pb_old_content":"","_et_gb_content_width":""},"product_brand":[],"product_cat":[149],"product_tag":[],"class_list":{"0":"post-632975","1":"product","2":"type-product","3":"status-publish","4":"has-post-thumbnail","6":"product_cat-juegos-de-mesa","7":"pa_edad-4-a-5-anos","8":"pa_edad-5-a-6-anos","9":"pa_edad-6-a-8-anos","10":"pa_edad-8-a-10-anos","11":"pa_marca-galt","12":"pa_medidas-21-x-21-cm","14":"first","15":"instock","16":"shipping-taxable","17":"purchasable","18":"product-type-simple"},"aioseo_notices":[],"_links":{"self":[{"href":"https:\/\/aukinkochile.com\/web\/wp-json\/wp\/v2\/product\/632975","targetHints":{"allow":["GET"]}}],"collection":[{"href":"https:\/\/aukinkochile.com\/web\/wp-json\/wp\/v2\/product"}],"about":[{"href":"https:\/\/aukinkochile.com\/web\/wp-json\/wp\/v2\/types\/product"}],"replies":[{"embeddable":true,"href":"https:\/\/aukinkochile.com\/web\/wp-json\/wp\/v2\/comments?post=632975"}],"wp:featuredmedia":[{"embeddable":true,"href":"https:\/\/aukinkochile.com\/web\/wp-json\/wp\/v2\/media\/629653"}],"wp:attachment":[{"href":"https:\/\/aukinkochile.com\/web\/wp-json\/wp\/v2\/media?parent=632975"}],"wp:term":[{"taxonomy":"product_brand","embeddable":true,"href":"https:\/\/aukinkochile.com\/web\/wp-json\/wp\/v2\/product_brand?post=632975"},{"taxonomy":"product_cat","embeddable":true,"href":"https:\/\/aukinkochile.com\/web\/wp-json\/wp\/v2\/product_cat?post=632975"},{"taxonomy":"product_tag","embeddable":true,"href":"https:\/\/aukinkochile.com\/web\/wp-json\/wp\/v2\/product_tag?post=632975"}],"curies":[{"name":"wp","href":"https:\/\/api.w.org\/{rel}","templated":true}]}}