{"id":632970,"date":"2025-11-06T18:28:59","date_gmt":"2025-11-06T18:28:59","guid":{"rendered":"https:\/\/aukinkochile.com\/web\/producto\/circuito-bolitas-mini\/"},"modified":"2025-11-06T18:42:57","modified_gmt":"2025-11-06T18:42:57","slug":"circuito-bolitas-mini","status":"publish","type":"product","link":"https:\/\/aukinkochile.com\/web\/producto\/circuito-bolitas-mini\/","title":{"rendered":"Circuito Bolitas Mini"},"content":{"rendered":"<p>Divertido set para crear un mini circuito con el cual jugar en todas partes, con este entretenido set los ni\u00f1os y ni\u00f1as podr\u00e1n construir circuitos de todo tipo para bolitas utilizando su imaginaci\u00f3n. Adem\u00e1s podr\u00e1n llevarlo de viaje y pasar horas de diversi\u00f3n. Un juego que estimula el desarrollo de la motricidad fina, la coordinaci\u00f3n mano-ojo, la concentraci\u00f3n y m\u00e1s. De material suave y resistente y colores vivos. <\/p>\n<p><p><strong>Material : <\/strong> Pl\u00e1stico<\/p>\n<p><strong>C\u00f3digo Aukinko : <\/strong> 08-21005488<\/p>\n<p><strong>C\u00f3digo Convenio Marco : <\/strong> x<\/p>\n","protected":false},"excerpt":{"rendered":"<p>Divertido set para crear un mini circuito con el cual jugar en todas partes, con este entretenido set los ni\u00f1os y ni\u00f1as podr\u00e1n construir circuitos de todo tipo para bolitas utilizando su imaginaci\u00f3n. Adem\u00e1s podr\u00e1n llevarlo de viaje y pasar horas de diversi\u00f3n. Un juego que estimula el desarrollo de la motricidad fina, la coordinaci\u00f3n [&hellip;]<\/p>\n","protected":false},"featured_media":622500,"comment_status":"open","ping_status":"closed","template":"","meta":{"_et_pb_use_builder":"","_et_pb_old_content":"","_et_gb_content_width":""},"product_brand":[],"product_cat":[19,20],"product_tag":[],"class_list":{"0":"post-632970","1":"product","2":"type-product","3":"status-publish","4":"has-post-thumbnail","6":"product_cat-construccion","7":"product_cat-motricidad-fina","8":"pa_edad-5-a-6-anos","9":"pa_edad-6-a-8-anos","10":"pa_marca-galt","11":"pa_medidas-4501","12":"pa_medidas-5-cm","13":"pa_medidas-5-x-26","14":"pa_medidas-5-x-3","16":"first","17":"instock","18":"shipping-taxable","19":"purchasable","20":"product-type-simple"},"aioseo_notices":[],"_links":{"self":[{"href":"https:\/\/aukinkochile.com\/web\/wp-json\/wp\/v2\/product\/632970","targetHints":{"allow":["GET"]}}],"collection":[{"href":"https:\/\/aukinkochile.com\/web\/wp-json\/wp\/v2\/product"}],"about":[{"href":"https:\/\/aukinkochile.com\/web\/wp-json\/wp\/v2\/types\/product"}],"replies":[{"embeddable":true,"href":"https:\/\/aukinkochile.com\/web\/wp-json\/wp\/v2\/comments?post=632970"}],"wp:featuredmedia":[{"embeddable":true,"href":"https:\/\/aukinkochile.com\/web\/wp-json\/wp\/v2\/media\/622500"}],"wp:attachment":[{"href":"https:\/\/aukinkochile.com\/web\/wp-json\/wp\/v2\/media?parent=632970"}],"wp:term":[{"taxonomy":"product_brand","embeddable":true,"href":"https:\/\/aukinkochile.com\/web\/wp-json\/wp\/v2\/product_brand?post=632970"},{"taxonomy":"product_cat","embeddable":true,"href":"https:\/\/aukinkochile.com\/web\/wp-json\/wp\/v2\/product_cat?post=632970"},{"taxonomy":"product_tag","embeddable":true,"href":"https:\/\/aukinkochile.com\/web\/wp-json\/wp\/v2\/product_tag?post=632970"}],"curies":[{"name":"wp","href":"https:\/\/api.w.org\/{rel}","templated":true}]}}